{"id":110,"date":"2018-02-08T08:49:26","date_gmt":"2018-02-08T06:49:26","guid":{"rendered":"http:\/\/www.kukakuunteleekoyhaa.fi\/wordpress\/?page_id=110"},"modified":"2019-11-03T19:52:03","modified_gmt":"2019-11-03T17:52:03","slug":"stea-hanke","status":"publish","type":"page","link":"https:\/\/www.kukakuunteleekoyhaa.fi\/wordpress\/stea-hanke\/","title":{"rendered":"STEA-hanke"},"content":{"rendered":"<h3>&#8221;K\u00f6yh\u00e4n \u00e4\u00e4ni kuuluviin maakunnissa&#8221;<\/h3>\n<p>K\u00e4ynnistimme 3.4.2018 kolmivuotisen STEA:n rahoittaman hankkeen K\u00f6yh\u00e4n \u00e4\u00e4ni kuuluviin maakunnissa. Hanke perustettiin, jotta t\u00e4h\u00e4n asti Helsinkiin keskittynyt toiminta voidaan aloittaa my\u00f6s muilla paikkakunnilla. Tavoitteena on k\u00e4ynnist\u00e4\u00e4 Kuka kuuntelee k\u00f6yh\u00e4\u00e4? -toiminta kymmenell\u00e4 paikkakunnalla sek\u00e4 luoda k\u00e4ynnist\u00e4misen yhteydess\u00e4 toimiva paikallinen verkosto, joka jatkaa toimintaansa itsen\u00e4isesti.<\/p>\n<blockquote>\n<p><a href=\"https:\/\/www.kukakuunteleekoyhaa.fi\/wordpress\/wp-content\/uploads\/2019\/01\/KUKA-KUUNTELEE-K\u00d6YH\u00c4\u00c4-HANKEHAKEMUKSEN-TIIVISTELM\u00c4-4.pdf\">T\u00e4st\u00e4 voit tutustua hankehakemuksen tiivistelm\u00e4\u00e4n<\/a><\/p>\n<p><a href=\"https:\/\/www.kukakuunteleekoyhaa.fi\/wordpress\/wp-content\/uploads\/2019\/08\/K\u00f6yh\u00e4n-\u00e4\u00e4ni-kuuluviin-maakunnissa-hankkeen-esittely.pdf\">T\u00e4st\u00e4 voit ladata K\u00f6yh\u00e4n \u00e4\u00e4ni kuuluviin maakunnissa -hankkeen esittelyn<\/a><\/p>\n<\/blockquote>\n<p><img loading=\"lazy\" src=\"https:\/\/www.kukakuunteleekoyhaa.fi\/wordpress\/wp-content\/uploads\/2019\/01\/Prosessi-kuvin-ja-sanoin-1-1024x671.jpg\" alt=\"This image has an empty alt attribute; its file name is Prosessi-kuvin-ja-sanoin-1-1024x671.jpg\" width=\"560\" height=\"367\" \/><\/p>\n<h2>3K-toiminta alkaa uusilla paikkakunnilla syksyll\u00e4 2019<\/h2>\n<p>Uudet paikkakunnat joilla Kuka kuuntelee k\u00f6yh\u00e4\u00e4? toiminta on alkamassa ovat Lahti, Puumala, Porvoo, Kuopio, Pohjois-Karjala, Forssa ja Janakkala, Turku. Lis\u00e4tietoa saat hankekoordinaattorilta Arja Tyynel\u00e4 p. 040 5247537 s\u00e4hk\u00f6posti: arja.tyynela@3kverkosto.fi<\/p>\n<h2><em><strong>3K-toiminta on p\u00e4\u00e4ssyt vauhtiin seuraavilla paikkakunnilla 2018-2019<\/strong><\/em><\/h2>\n<blockquote>\n<p><a href=\"https:\/\/www.kukakuunteleekoyhaa.fi\/wordpress\/wp-content\/uploads\/2019\/08\/K\u00f6yh\u00e4n-\u00e4\u00e4ni-kuuluviin-maakunnissa-verkostop\u00e4iv\u00e4n-24.5.2019-yhteenveto.pdf\">T\u00e4st\u00e4 voit ladata alla olevien paikkakuntien esittelyt pdf-muodossa.<\/a><\/p>\n<\/blockquote>\n<h3>Jyv\u00e4skyl\u00e4<\/h3>\n<h6>Toteutunut 3K-talk: Kurjana k\u00f6yh\u00e4n\u00e4 kansanel\u00e4kkeell\u00e4 \u2013 t\u00e4h\u00e4nk\u00f6 min\u00e4 t\u00e4ht\u00e4sin? \u2013keskustelutilaisuus el\u00e4kel\u00e4isk\u00f6yhyydest\u00e4 1.4.2019<\/h6>\n<p>Toiminta on her\u00e4tt\u00e4nyt paikallisesti laajaa kiinnostusta, ja monet k\u00f6yhyyskysymysten parissa toimivat tahot ovat alusta alkaen ilmaisseet olevansa mielell\u00e4\u00e4n mukana. Siten voisi p\u00e4\u00e4tell\u00e4, ett\u00e4 3K-toiminta sopii monien ryhmien, j\u00e4rjest\u00f6jen ja muiden toimijoiden tavoitteisiin ja t\u00e4ydent\u00e4\u00e4 niiden omaa toimintaa. Suhtautuminen keskustelutilaisuuden j\u00e4rjest\u00e4miseen oli innostunutta, ja itse tilaisuus koettiin hy\u00f6dylliseksi ja kiinnostavaksi. Yle Radio Keski-Suomi teki tilaisuudesta radiouutisen.<\/p>\n<p>K\u00f6yhyytt\u00e4 kokeneet tulivat v\u00e4hitellen mukaan tiedottamisen ja alueen kontaktien kautta. Erikoisasiantuntijat sitoutuivat keskustelutilaisuuteen kiitett\u00e4v\u00e4sti ja kokivat osallistumisensa t\u00e4rke\u00e4ksi. Mukana toiminnassa j\u00e4rjest\u00f6j\u00e4, seurakuntia sek\u00e4 k\u00f6yhyytt\u00e4 omakohtaisesti kokeneita henkil\u00f6it\u00e4.<\/p>\n<p>Eduskuntavaaliehdokkaita kutsuttiin tilaisuuteen. Kutsu l\u00e4hetettiin vakiintuneille puoluej\u00e4rjest\u00f6ille. Kristillisdemokraatit ja vihre\u00e4t eiv\u00e4t vastanneet kutsuun. Muut kutsutut puoluej\u00e4rjest\u00f6t suhtautuivat my\u00f6nteisesti, ja saimme heilt\u00e4 panelistit. \u00a0Tilaisuuden alustaja pitk\u00e4aikainen kuntap\u00e4\u00e4tt\u00e4j\u00e4 ja pitk\u00e4\u00e4n ty\u00f6tt\u00f6mien yhdistyksess\u00e4 toiminut kansalaisaktivisti. Sosiaality\u00f6ntekij\u00f6it\u00e4 kutsuttiin, mutta ei tullut osallistujia.<\/p>\n<h6>Tulevaisuudessa on suunnitteilla osallistua 17.10.2019 asunnottomien y\u00f6h\u00f6n, jollakin konseptilla.<\/h6>\n<h3>H\u00e4meenlinna<\/h3>\n<h6>Toteutunut 3K-talk: 25.3.2019 Kuka Kuuntelee K\u00f6yh\u00e4\u00e4? \u2013 Kenen pit\u00e4isi kuunnella?\u2013keskustelutilaisuus<\/h6>\n<p>Tilaisuuden moderaattorina toimi k\u00f6yhyystutkija Minna Kivipelto. Tilaisuus striimattiin ja taltioitiin yhteisty\u00f6ss\u00e4 Mokian audiovisuaalisen ty\u00f6pajan kanssa.\u00a0<\/p>\n<p>Tavoitteena keskustelun her\u00e4tt\u00e4minen k\u00f6yhyydest\u00e4 ja eriarvoistumisesta. Tietoisuuden lis\u00e4\u00e4minen p\u00e4\u00e4tt\u00e4jille ja v\u00e4est\u00f6lle, jolla ei ole kokemusta k\u00f6yhyydest\u00e4. On syntynyt paljon yhteyksi\u00e4 alueellisiin, valtakunnallisiin sek\u00e4 Euroopan Unionin p\u00e4\u00e4tt\u00e4jiin. Saavutettu k\u00f6yhien voimaantuminen ja aktivoiminen.<\/p>\n<p>K\u00f6yhyytt\u00e4 kokeneiden l\u00e4hteminen mukaan toimintaan on ollut aktiivista. He osallistuvat kuukausittain 3K kokouksiin ja j\u00e4rjestettyihin koulutuksiin. Tilaisuuksien j\u00e4rjest\u00e4misess\u00e4 k\u00f6yhyytt\u00e4 kokeneet ovat hankkineet tarjoilua, levitt\u00e4neet tietoa tapahtumasta. K\u00f6yhyytt\u00e4 kokeneet ovat olleet tilaisuuksissa yleis\u00f6n\u00e4, erikoisasiantuntijoina ja vapaaehtoisina.<\/p>\n<p>Keskustelutilaisuuksiin osallistuneet p\u00e4\u00e4tt\u00e4j\u00e4t: H\u00e4meenlinnan kaupungin sosiaali- ja terveysjohtaja Jukka Lindberg, H\u00e4meenlinnan kaupungin sote-lautakunnan pj. Kaija-Leena Savijoki, H\u00e4meenlinnan kaupunginvaltuuston pj. Sari Myllykangas, KELA, etuusp\u00e4\u00e4llikk\u00f6 Marja-Leena Valkonen, kansanedustaja Tarja Filatov,( SDP), kansanedustaja Mirka Soinikoski, (vihr.), MEP Sirpa Pietik\u00e4inen, KOK.<\/p>\n<p>Toiminnassa mukana: Kanta-H\u00e4meen maakuntavalmistelu, H\u00e4meenlinnan seudun ty\u00f6valmennuss\u00e4\u00e4ti\u00f6 Luotsi, H\u00e4meenlinnan ja Vanajan seurakuntien diakonit ja k\u00f6yhyytt\u00e4 kokeneet erikoisasiantuntijat. 3K toimintaa on esitelty my\u00f6s maakuntavalmistelun taloussosiaality\u00f6n ryhm\u00e4ss\u00e4.<\/p>\n<h6>Tulevaisuudessa 3K-talk Janakkalassa ja Forssassa. Retki Arkadianm\u00e4elle tapaamaan H\u00e4meenlinnan nelj\u00e4\u00e4 kansanedustajaa. \u00a0Osallistuminen 2019 syksyn k\u00f6yhyysp\u00e4iv\u00e4\u00e4n ja asunnottomien y\u00f6n tapahtumaan.<\/h6>\n<h3>Sein\u00e4joki<\/h3>\n<h6>Toteutunut 3K-talk: 2.4.2019 Onko k\u00f6yhyys kallista? -keskustelutilaisuus<\/h6>\n<p>Tilaisuuteen osallistui p\u00e4\u00e4tt\u00e4ji\u00e4 ja k\u00f6yh\u00e4n \u00e4\u00e4ni saatiin kuuluviin. Saavutettu tavoite erilaisten yhteiskuntaluokkien kohtaamisesta. K\u00f6yhyytt\u00e4 kokeneet ovat osallistuneet varovaisesti tilaisuuksiin. Vaalien alla j\u00e4rjestetty 3K-tilaisuus oli menestys. P\u00e4\u00e4tt\u00e4j\u00e4t l\u00e4htiv\u00e4t innokkaasti ja helposti mukaan. Tilaisuuksissa vuorovaikutuksen lis\u00e4\u00e4minen tavoitteena tulevaisuudessa.<\/p>\n<p>Toiminnassa mukana: Toimintojen talo (Sein\u00e4joen kaupunki), ty\u00f6llisyyspalvelut, diakoniaty\u00f6 ja Osmo-hanke.<\/p>\n<h6>Tulevaisuudessa yhteisty\u00f6kumppanien aloitteesta jatkoa 3K toiminnalle.<\/h6>\n<h3>Tampere<\/h3>\n<h6>Toteutuneet 3K-talk tilaisuudet:<br \/>3.4.2019 Haluatko kansanedustajaksi? \u2013keskustelutilaisuus<br \/>15.5.2019 Kuka kuuntelee k\u00f6yhi\u00e4 lapsiperheit\u00e4? \u2013keskustelutilaisuus<br \/>21.5.2019 Tampereen alueverkoston kokoontuminen<\/h6>\n<p>Toiminnalla on suuri potentiaali, sill\u00e4 kohderyhm\u00e4\u00e4 on paljon ja k\u00f6yhyyden kirjo on runsasta.<\/p>\n<p>Haasteita on k\u00f6yhien voimattomuus ja arkuus sek\u00e4 heid\u00e4n tavoittamisensa. Heill\u00e4 on kiinnostusta osallistua tilaisuuksiin, mutta ujous tuoda k\u00f6yhyys kokemuksensa esille. Halu vaikuttaa, mutta ei ole resursseja\/voimavaroja toimia. Tilaisuuksien mainonta tavoittaa aktiiviset ja asiasta kiinnostuneet henkil\u00f6t. P\u00e4\u00e4tt\u00e4jill\u00e4 on ollut kiinnostusta osallistua ja my\u00f6nteisi\u00e4 kokemuksia yhteisty\u00f6st\u00e4. \u00a0<\/p>\n<p>Toiminnassa mukana: Setlementti Tampere ry, Sopimusvuori ry, Tampereen evankelisluterilainen seurakunta, Tampereen Kaupunkil\u00e4hetys ry, Pelastakaa Lapset ry, Tampereen kaupunki.<\/p>\n<h6>Ideoita tulevaisuuteen:<\/h6>\n<h6>Toiminnalla voisi ottaa kantaa Tampereella tehtyyn k\u00f6yhyysohjelmaan:\u00a0 <a href=\"http:\/\/tampere.cloudnc.fi\/download\/noname\/%7b8690082a-21a7-44f9-9c70-37fd677600d4%7d\/2924536\">http:\/\/tampere.cloudnc.fi\/download\/noname\/%7B8690082a-21a7-44f9-9c70-37fd677600d4%7D\/2924536<\/a><\/h6>\n<h6>Vuosittaiset ja valtakunnalliset teemat, joista eri paikkakunnilla omat keskustelutilaisuudet. Yhteinen iso p\u00e4\u00e4tapahtuma eri paikkakuntien toimijoiden kanssa yhteisty\u00f6ss\u00e4. Seuraavan tilaisuuden aihe voisi olla \u201dK\u00f6yhyys masentaa \u2013 masennus k\u00f6yhdytt\u00e4\u00e4\u201d.<\/h6>\n\n\n<p><br><\/p>\n\n\n<blockquote>\n<h2>Alla ladattavia materiaaleja 3K-verkostosta<\/h2>\n<p><a href=\"https:\/\/www.kukakuunteleekoyhaa.fi\/wordpress\/wp-content\/uploads\/2019\/01\/Mallinnus-verkkosivuille-tp-2019.pdf\">T\u00e4st\u00e4 voi lukea Kuka kuuntelee k\u00f6yh\u00e4\u00e4 tilaisuuksien mallinnuksesta<\/a><\/p>\n<p><a href=\"https:\/\/www.kukakuunteleekoyhaa.fi\/wordpress\/wp-content\/uploads\/2019\/01\/Prosessi-kuvin-ja-sanoin-1.jpg\">T\u00e4st\u00e4 voit ladata prosessisarjakuvan<\/a><\/p>\n<\/blockquote>","protected":false},"excerpt":{"rendered":"<p>&#8221;K\u00f6yh\u00e4n \u00e4\u00e4ni kuuluviin maakunnissa&#8221; K\u00e4ynnistimme 3.4.2018 kolmivuotisen STEA:n rahoittaman hankkeen K\u00f6yh\u00e4n \u00e4\u00e4ni kuuluviin maakunnissa. Hanke perustettiin, jotta t\u00e4h\u00e4n asti Helsinkiin keskittynyt toiminta voidaan aloittaa my\u00f6s muilla paikkakunnilla. Tavoitteena on k\u00e4ynnist\u00e4\u00e4 Kuka kuuntelee k\u00f6yh\u00e4\u00e4? -toiminta kymmenell\u00e4 paikkakunnalla sek\u00e4 luoda k\u00e4ynnist\u00e4misen yhteydess\u00e4<span class=\"ellipsis\">&hellip;<\/span><\/p>\n<div class=\"read-more\"><a href=\"https:\/\/www.kukakuunteleekoyhaa.fi\/wordpress\/stea-hanke\/\">Lue lis\u00e4\u00e4 \u203a<\/a><\/div>\n<p><!-- end of .read-more --><\/p>\n","protected":false},"author":2,"featured_media":345,"parent":0,"menu_order":6,"comment_status":"closed","ping_status":"closed","template":"","meta":{"spay_email":""},"jetpack_shortlink":"https:\/\/wp.me\/P8vRYp-1M","_links":{"self":[{"href":"https:\/\/www.kukakuunteleekoyhaa.fi\/wordpress\/wp-json\/wp\/v2\/pages\/110"}],"collection":[{"href":"https:\/\/www.kukakuunteleekoyhaa.fi\/wordpress\/wp-json\/wp\/v2\/pages"}],"about":[{"href":"https:\/\/www.kukakuunteleekoyhaa.fi\/wordpress\/wp-json\/wp\/v2\/types\/page"}],"author":[{"embeddable":true,"href":"https:\/\/www.kukakuunteleekoyhaa.fi\/wordpress\/wp-json\/wp\/v2\/users\/2"}],"replies":[{"embeddable":true,"href":"https:\/\/www.kukakuunteleekoyhaa.fi\/wordpress\/wp-json\/wp\/v2\/comments?post=110"}],"version-history":[{"count":59,"href":"https:\/\/www.kukakuunteleekoyhaa.fi\/wordpress\/wp-json\/wp\/v2\/pages\/110\/revisions"}],"predecessor-version":[{"id":2165,"href":"https:\/\/www.kukakuunteleekoyhaa.fi\/wordpress\/wp-json\/wp\/v2\/pages\/110\/revisions\/2165"}],"wp:featuredmedia":[{"embeddable":true,"href":"https:\/\/www.kukakuunteleekoyhaa.fi\/wordpress\/wp-json\/wp\/v2\/media\/345"}],"wp:attachment":[{"href":"https:\/\/www.kukakuunteleekoyhaa.fi\/wordpress\/wp-json\/wp\/v2\/media?parent=110"}],"curies":[{"name":"wp","href":"https:\/\/api.w.org\/{rel}","templated":true}]}}