{"id":196,"date":"2018-03-17T17:35:08","date_gmt":"2018-03-17T15:35:08","guid":{"rendered":"http:\/\/www.kukakuunteleekoyhaa.fi\/wordpress\/?page_id=196"},"modified":"2025-02-27T20:31:25","modified_gmt":"2025-02-27T18:31:25","slug":"etusivu","status":"publish","type":"page","link":"https:\/\/www.kukakuunteleekoyhaa.fi\/wordpress\/","title":{"rendered":"Kuka kuuntelee k\u00f6yh\u00e4\u00e4?"},"content":{"rendered":"<p><strong>Kuka kuuntelee k\u00f6yh\u00e4\u00e4?<\/strong> -verkosto on vuonna 2008 perustettu puoluepoliittisesti ja aatteellisesti riippumaton yhden asian liike. <strong>Tarkoituksena on synnytt\u00e4\u00e4 keskustelua k\u00f6yhyydest\u00e4 ja esitt\u00e4\u00e4 konkreettisia ehdotuksia k\u00f6yhyyden v\u00e4hent\u00e4miseksi.<\/strong> Kuka kuuntelee k\u00f6yh\u00e4\u00e4? -verkosto j\u00e4rjest\u00e4\u00e4 keskustelutilaisuuksia, joissa kohtaavat asianosaiset, erityisasiantuntijat sek\u00e4 muut asiantuntijat ja p\u00e4\u00e4tt\u00e4j\u00e4t. Voit my\u00f6s itse j\u00e4rjest\u00e4\u00e4 tilaisuuksia omalla paikkakunnallasi yhdess\u00e4 alueen muiden toimijoiden ja k\u00f6yhyytt\u00e4 kokeneiden kanssa. <strong>Keskeist\u00e4 tilaisuuksissa on k\u00f6yhyytt\u00e4 kokeneiden oman \u00e4\u00e4nen kuuluminen.<\/strong><\/p>\n<p>K\u00f6yhyyden keskelt\u00e4 -alasivulla kaivataan blogikirjoituksia. Tervetuloa kirjoittamaan! Ota yhteytt\u00e4 verkoston toimijoihin <a href=\"https:\/\/www.facebook.com\/groups\/127526893678\/about\/\">Facebookin<\/a> kautta tai suoraan esimerkiksi jouko.karjalainen(at)saunalahti.fi<\/p>\n<p><strong>Kuka kuuntelee k\u00f6yh\u00e4\u00e4?<\/strong>\u00a0-verkosto kannattaa pohjoismaista hyvinvointivaltiota. Pohjoismaisen hyvinvointivaltion voima on tuntemattomien huolenpito tuntemattomista.<\/p>\n\n\n<p><\/p>\n\n\n\n<p>Verkosto on j\u00e4rjest\u00e4nyt vuosittain lukuisia keskustelutilaisuuksia yhdess\u00e4 muiden toimijoiden kanssa. Viime vuosien tilaisuuksia:<\/p>\n\n\n\n<ul><li>Olemme mukana eduskunnan k\u00f6yhyysryhm\u00e4n toiminnassa ja tilaisuuksien j\u00e4rjest\u00e4misess\u00e4<\/li><li>Kirjeit\u00e4 ty\u00f6ministerille \u2013 py\u00f6re\u00e4n p\u00f6yd\u00e4n seminaari<\/li><li>Esiintymiskoulutuksia k\u00f6yhyytt\u00e4 kokeneille<\/li><li>Kuunteleeko kuntap\u00e4\u00e4tt\u00e4j\u00e4 omaishoitajaa?<\/li><li>Kuntavaaleihin liittyen keskustelutilaisuuksia eri paikkakunnilla ja tehty kysely kuntavaaliehdokkaille<\/li><li>Kansainv\u00e4linen Kuka kuuntelee k\u00f6yh\u00e4\u00e4? -keskustelu Metropoliassa<\/li><li>K\u00f6yhyytt\u00e4 kokeneet ja kansanedustajat samassa p\u00f6yd\u00e4ss\u00e4 vuosittainen keskustelutilaisuus <\/li><li>Kuka kuuntelee k\u00f6yh\u00e4\u00e4 nuorta?\u00a0 kirkon Erityisnuorisoty\u00f6n p\u00e4ivill\u00e4<\/li><li>Kuunteleeko kirkko k\u00f6yh\u00e4\u00e4? kirkon yhteiskuntaty\u00f6n p\u00e4ivill\u00e4<\/li><li>FB-ryhm\u00e4ss\u00e4mme on yli 7000 j\u00e4sent\u00e4. Ryhm\u00e4ss\u00e4 keskustellaan mm. k\u00f6yhyydest\u00e4, toimeentulosta, tuloeroista ja eriarvoisuudesta. Keskustelu ryhm\u00e4ss\u00e4 on vilkasta vaikkakin paikoittain k\u00e4rk\u00e4st\u00e4.<\/li><li>Olemme mukana Ylen Hyvin sanottu -hankkeessa<\/li><\/ul>\n\n\n\n<h4><\/h4>\n\n\n\n<p><\/p>\n\n\n\n<h2><\/h2>\n\n\n\n<p><\/p>\n","protected":false},"excerpt":{"rendered":"<p>Kuka kuuntelee k\u00f6yh\u00e4\u00e4? -verkosto on vuonna 2008 perustettu puoluepoliittisesti ja aatteellisesti riippumaton yhden asian liike. Tarkoituksena on synnytt\u00e4\u00e4 keskustelua k\u00f6yhyydest\u00e4 ja esitt\u00e4\u00e4 konkreettisia ehdotuksia k\u00f6yhyyden v\u00e4hent\u00e4miseksi. Kuka kuuntelee k\u00f6yh\u00e4\u00e4? -verkosto j\u00e4rjest\u00e4\u00e4 keskustelutilaisuuksia, joissa kohtaavat asianosaiset, erityisasiantuntijat sek\u00e4 muut asiantuntijat ja<span class=\"ellipsis\">&hellip;<\/span><\/p>\n<div class=\"read-more\"><a href=\"https:\/\/www.kukakuunteleekoyhaa.fi\/wordpress\/\">Lue lis\u00e4\u00e4 \u203a<\/a><\/div>\n<p><!-- end of .read-more --><\/p>\n","protected":false},"author":5,"featured_media":0,"parent":0,"menu_order":1,"comment_status":"closed","ping_status":"closed","template":"content-sidebar-page.php","meta":{"spay_email":""},"jetpack_shortlink":"https:\/\/wp.me\/P8vRYp-3a","_links":{"self":[{"href":"https:\/\/www.kukakuunteleekoyhaa.fi\/wordpress\/wp-json\/wp\/v2\/pages\/196"}],"collection":[{"href":"https:\/\/www.kukakuunteleekoyhaa.fi\/wordpress\/wp-json\/wp\/v2\/pages"}],"about":[{"href":"https:\/\/www.kukakuunteleekoyhaa.fi\/wordpress\/wp-json\/wp\/v2\/types\/page"}],"author":[{"embeddable":true,"href":"https:\/\/www.kukakuunteleekoyhaa.fi\/wordpress\/wp-json\/wp\/v2\/users\/5"}],"replies":[{"embeddable":true,"href":"https:\/\/www.kukakuunteleekoyhaa.fi\/wordpress\/wp-json\/wp\/v2\/comments?post=196"}],"version-history":[{"count":115,"href":"https:\/\/www.kukakuunteleekoyhaa.fi\/wordpress\/wp-json\/wp\/v2\/pages\/196\/revisions"}],"predecessor-version":[{"id":4818,"href":"https:\/\/www.kukakuunteleekoyhaa.fi\/wordpress\/wp-json\/wp\/v2\/pages\/196\/revisions\/4818"}],"wp:attachment":[{"href":"https:\/\/www.kukakuunteleekoyhaa.fi\/wordpress\/wp-json\/wp\/v2\/media?parent=196"}],"curies":[{"name":"wp","href":"https:\/\/api.w.org\/{rel}","templated":true}]}}