{"id":2364,"date":"2019-11-27T13:11:30","date_gmt":"2019-11-27T11:11:30","guid":{"rendered":"http:\/\/www.kukakuunteleekoyhaa.fi\/wordpress\/?page_id=2364"},"modified":"2019-11-27T16:19:04","modified_gmt":"2019-11-27T14:19:04","slug":"kutsunayttely-koyhyys-on-katsojan-silmissa","status":"publish","type":"page","link":"https:\/\/www.kukakuunteleekoyhaa.fi\/wordpress\/kutsunayttely-koyhyys-on-katsojan-silmissa\/","title":{"rendered":"Kutsun\u00e4yttely  &#8221;K\u00f6yhyys on katsojan silmiss\u00e4&#8221;"},"content":{"rendered":"\n<p>Aika: 27.11.- 4.12.2016<br><br>Paikka: Lapinlahden L\u00e4hde, k\u00e4yt\u00e4v\u00e4galleria, 1.kerros<br><br>Lis\u00e4tiedot <a target=\"_blank\" href=\"https:\/\/www.kukakuunteleekoyhaa.fi\/wordpress\/wp-content\/uploads\/2019\/11\/Kutsu_K%C3%83%C2%B6yhyys-on-katsojan-silimiss%C3%83%C2%A4-2016.pdf\">t\u00e4\u00e4ll\u00e4<\/a><br><\/p>\n\n\n\n<p><\/p>\n","protected":false},"excerpt":{"rendered":"<p>Aika: 27.11.- 4.12.2016 Paikka: Lapinlahden L\u00e4hde, k\u00e4yt\u00e4v\u00e4galleria, 1.kerros Lis\u00e4tiedot t\u00e4\u00e4ll\u00e4<\/p>\n","protected":false},"author":9,"featured_media":0,"parent":0,"menu_order":0,"comment_status":"closed","ping_status":"closed","template":"","meta":{"spay_email":""},"jetpack_shortlink":"https:\/\/wp.me\/P8vRYp-C8","_links":{"self":[{"href":"https:\/\/www.kukakuunteleekoyhaa.fi\/wordpress\/wp-json\/wp\/v2\/pages\/2364"}],"collection":[{"href":"https:\/\/www.kukakuunteleekoyhaa.fi\/wordpress\/wp-json\/wp\/v2\/pages"}],"about":[{"href":"https:\/\/www.kukakuunteleekoyhaa.fi\/wordpress\/wp-json\/wp\/v2\/types\/page"}],"author":[{"embeddable":true,"href":"https:\/\/www.kukakuunteleekoyhaa.fi\/wordpress\/wp-json\/wp\/v2\/users\/9"}],"replies":[{"embeddable":true,"href":"https:\/\/www.kukakuunteleekoyhaa.fi\/wordpress\/wp-json\/wp\/v2\/comments?post=2364"}],"version-history":[{"count":3,"href":"https:\/\/www.kukakuunteleekoyhaa.fi\/wordpress\/wp-json\/wp\/v2\/pages\/2364\/revisions"}],"predecessor-version":[{"id":2628,"href":"https:\/\/www.kukakuunteleekoyhaa.fi\/wordpress\/wp-json\/wp\/v2\/pages\/2364\/revisions\/2628"}],"wp:attachment":[{"href":"https:\/\/www.kukakuunteleekoyhaa.fi\/wordpress\/wp-json\/wp\/v2\/media?parent=2364"}],"curies":[{"name":"wp","href":"https:\/\/api.w.org\/{rel}","templated":true}]}}