{"id":2377,"date":"2019-11-27T13:17:45","date_gmt":"2019-11-27T11:17:45","guid":{"rendered":"http:\/\/www.kukakuunteleekoyhaa.fi\/wordpress\/?page_id=2377"},"modified":"2019-11-27T16:19:50","modified_gmt":"2019-11-27T14:19:50","slug":"tour-de-vaivaisukot-2016","status":"publish","type":"page","link":"https:\/\/www.kukakuunteleekoyhaa.fi\/wordpress\/tour-de-vaivaisukot-2016\/","title":{"rendered":"Tour de Vaivaisukot 2016"},"content":{"rendered":"\n<p>15.-16.7.2016 alustavaa infoa<br><br>Ohjelma <a target=\"_blank\" href=\"https:\/\/www.kukakuunteleekoyhaa.fi\/wordpress\/wp-content\/uploads\/2019\/11\/Tour-de-Vaivaisukot_ohjelma-2016.pdf\">t\u00e4\u00e4ll\u00e4<\/a><br><br>Toisen Suomen Areenat- seminaaritapahtuma ohjelma <a target=\"_blank\" href=\"https:\/\/www.kukakuunteleekoyhaa.fi\/wordpress\/wp-content\/uploads\/2019\/11\/Tour-de-Vaivaisukot_ohjelma-2016.pdf\">t\u00e4\u00e4ll\u00e4<\/a><br><br><a target=\"_blank\" href=\"https:\/\/www.kukakuunteleekoyhaa.fi\/wordpress\/tour-de-vaivaisukot-2\/\">Tour de Vaivaisukot 2015 &#8211;  tunnelmia tapahtumasta!<\/a><\/p>\n\n\n\n<ul data-carousel-extra='{\"blog_id\":1,\"permalink\":\"https:\\\/\\\/www.kukakuunteleekoyhaa.fi\\\/wordpress\\\/tour-de-vaivaisukot-2016\\\/\"}' class=\"wp-block-gallery columns-3 is-cropped\"><li class=\"blocks-gallery-item\"><figure><img data-attachment-id=\"2378\" data-permalink=\"https:\/\/www.kukakuunteleekoyhaa.fi\/wordpress\/tour-de-vaivaisukot-2016\/v_ukot_kortti1b_etu\/\" data-orig-file=\"https:\/\/www.kukakuunteleekoyhaa.fi\/wordpress\/wp-content\/uploads\/2019\/11\/V_ukot_kortti1b_etu.png\" data-orig-size=\"832,831\" data-comments-opened=\"0\" data-image-meta=\"{&quot;aperture&quot;:&quot;0&quot;,&quot;credit&quot;:&quot;&quot;,&quot;camera&quot;:&quot;&quot;,&quot;caption&quot;:&quot;&quot;,&quot;created_timestamp&quot;:&quot;0&quot;,&quot;copyright&quot;:&quot;&quot;,&quot;focal_length&quot;:&quot;0&quot;,&quot;iso&quot;:&quot;0&quot;,&quot;shutter_speed&quot;:&quot;0&quot;,&quot;title&quot;:&quot;&quot;,&quot;orientation&quot;:&quot;0&quot;}\" data-image-title=\"V_ukot_kortti1b_etu\" data-image-description=\"\" data-image-caption=\"\" data-medium-file=\"https:\/\/www.kukakuunteleekoyhaa.fi\/wordpress\/wp-content\/uploads\/2019\/11\/V_ukot_kortti1b_etu-300x300.png\" data-large-file=\"https:\/\/www.kukakuunteleekoyhaa.fi\/wordpress\/wp-content\/uploads\/2019\/11\/V_ukot_kortti1b_etu.png\" loading=\"lazy\" width=\"832\" height=\"831\" src=\"https:\/\/www.kukakuunteleekoyhaa.fi\/wordpress\/wp-content\/uploads\/2019\/11\/V_ukot_kortti1b_etu.png\" alt=\"\" data-id=\"2378\" data-link=\"https:\/\/www.kukakuunteleekoyhaa.fi\/wordpress\/?attachment_id=2378\" class=\"wp-image-2378\" srcset=\"https:\/\/www.kukakuunteleekoyhaa.fi\/wordpress\/wp-content\/uploads\/2019\/11\/V_ukot_kortti1b_etu.png 832w, https:\/\/www.kukakuunteleekoyhaa.fi\/wordpress\/wp-content\/uploads\/2019\/11\/V_ukot_kortti1b_etu-150x150.png 150w, https:\/\/www.kukakuunteleekoyhaa.fi\/wordpress\/wp-content\/uploads\/2019\/11\/V_ukot_kortti1b_etu-300x300.png 300w, https:\/\/www.kukakuunteleekoyhaa.fi\/wordpress\/wp-content\/uploads\/2019\/11\/V_ukot_kortti1b_etu-768x767.png 768w, https:\/\/www.kukakuunteleekoyhaa.fi\/wordpress\/wp-content\/uploads\/2019\/11\/V_ukot_kortti1b_etu-100x100.png 100w, https:\/\/www.kukakuunteleekoyhaa.fi\/wordpress\/wp-content\/uploads\/2019\/11\/V_ukot_kortti1b_etu-200x200.png 200w, https:\/\/www.kukakuunteleekoyhaa.fi\/wordpress\/wp-content\/uploads\/2019\/11\/V_ukot_kortti1b_etu-450x449.png 450w, https:\/\/www.kukakuunteleekoyhaa.fi\/wordpress\/wp-content\/uploads\/2019\/11\/V_ukot_kortti1b_etu-600x599.png 600w\" sizes=\"(max-width: 832px) 100vw, 832px\" \/><\/figure><\/li><li class=\"blocks-gallery-item\"><figure><img data-attachment-id=\"2379\" data-permalink=\"https:\/\/www.kukakuunteleekoyhaa.fi\/wordpress\/tour-de-vaivaisukot-2016\/v_ukot_kortti2b_etu\/\" data-orig-file=\"https:\/\/www.kukakuunteleekoyhaa.fi\/wordpress\/wp-content\/uploads\/2019\/11\/V_ukot_kortti2b_etu.png\" data-orig-size=\"832,831\" data-comments-opened=\"0\" data-image-meta=\"{&quot;aperture&quot;:&quot;0&quot;,&quot;credit&quot;:&quot;&quot;,&quot;camera&quot;:&quot;&quot;,&quot;caption&quot;:&quot;&quot;,&quot;created_timestamp&quot;:&quot;0&quot;,&quot;copyright&quot;:&quot;&quot;,&quot;focal_length&quot;:&quot;0&quot;,&quot;iso&quot;:&quot;0&quot;,&quot;shutter_speed&quot;:&quot;0&quot;,&quot;title&quot;:&quot;&quot;,&quot;orientation&quot;:&quot;0&quot;}\" data-image-title=\"V_ukot_kortti2b_etu\" data-image-description=\"\" data-image-caption=\"\" data-medium-file=\"https:\/\/www.kukakuunteleekoyhaa.fi\/wordpress\/wp-content\/uploads\/2019\/11\/V_ukot_kortti2b_etu-300x300.png\" data-large-file=\"https:\/\/www.kukakuunteleekoyhaa.fi\/wordpress\/wp-content\/uploads\/2019\/11\/V_ukot_kortti2b_etu.png\" loading=\"lazy\" width=\"832\" height=\"831\" src=\"https:\/\/www.kukakuunteleekoyhaa.fi\/wordpress\/wp-content\/uploads\/2019\/11\/V_ukot_kortti2b_etu.png\" alt=\"\" data-id=\"2379\" data-link=\"https:\/\/www.kukakuunteleekoyhaa.fi\/wordpress\/?attachment_id=2379\" class=\"wp-image-2379\" srcset=\"https:\/\/www.kukakuunteleekoyhaa.fi\/wordpress\/wp-content\/uploads\/2019\/11\/V_ukot_kortti2b_etu.png 832w, https:\/\/www.kukakuunteleekoyhaa.fi\/wordpress\/wp-content\/uploads\/2019\/11\/V_ukot_kortti2b_etu-150x150.png 150w, https:\/\/www.kukakuunteleekoyhaa.fi\/wordpress\/wp-content\/uploads\/2019\/11\/V_ukot_kortti2b_etu-300x300.png 300w, https:\/\/www.kukakuunteleekoyhaa.fi\/wordpress\/wp-content\/uploads\/2019\/11\/V_ukot_kortti2b_etu-768x767.png 768w, https:\/\/www.kukakuunteleekoyhaa.fi\/wordpress\/wp-content\/uploads\/2019\/11\/V_ukot_kortti2b_etu-100x100.png 100w, https:\/\/www.kukakuunteleekoyhaa.fi\/wordpress\/wp-content\/uploads\/2019\/11\/V_ukot_kortti2b_etu-200x200.png 200w, https:\/\/www.kukakuunteleekoyhaa.fi\/wordpress\/wp-content\/uploads\/2019\/11\/V_ukot_kortti2b_etu-450x449.png 450w, https:\/\/www.kukakuunteleekoyhaa.fi\/wordpress\/wp-content\/uploads\/2019\/11\/V_ukot_kortti2b_etu-600x599.png 600w\" sizes=\"(max-width: 832px) 100vw, 832px\" \/><\/figure><\/li><li class=\"blocks-gallery-item\"><figure><img data-attachment-id=\"2380\" data-permalink=\"https:\/\/www.kukakuunteleekoyhaa.fi\/wordpress\/tour-de-vaivaisukot-2016\/v_ukot_korttid2_taka\/\" data-orig-file=\"https:\/\/www.kukakuunteleekoyhaa.fi\/wordpress\/wp-content\/uploads\/2019\/11\/V_ukot_korttid2_taka.png\" data-orig-size=\"832,831\" data-comments-opened=\"0\" data-image-meta=\"{&quot;aperture&quot;:&quot;0&quot;,&quot;credit&quot;:&quot;&quot;,&quot;camera&quot;:&quot;&quot;,&quot;caption&quot;:&quot;&quot;,&quot;created_timestamp&quot;:&quot;0&quot;,&quot;copyright&quot;:&quot;&quot;,&quot;focal_length&quot;:&quot;0&quot;,&quot;iso&quot;:&quot;0&quot;,&quot;shutter_speed&quot;:&quot;0&quot;,&quot;title&quot;:&quot;&quot;,&quot;orientation&quot;:&quot;0&quot;}\" data-image-title=\"V_ukot_korttid2_taka\" data-image-description=\"\" data-image-caption=\"\" data-medium-file=\"https:\/\/www.kukakuunteleekoyhaa.fi\/wordpress\/wp-content\/uploads\/2019\/11\/V_ukot_korttid2_taka-300x300.png\" data-large-file=\"https:\/\/www.kukakuunteleekoyhaa.fi\/wordpress\/wp-content\/uploads\/2019\/11\/V_ukot_korttid2_taka.png\" loading=\"lazy\" width=\"832\" height=\"831\" src=\"https:\/\/www.kukakuunteleekoyhaa.fi\/wordpress\/wp-content\/uploads\/2019\/11\/V_ukot_korttid2_taka.png\" alt=\"\" data-id=\"2380\" data-link=\"https:\/\/www.kukakuunteleekoyhaa.fi\/wordpress\/?attachment_id=2380\" class=\"wp-image-2380\" srcset=\"https:\/\/www.kukakuunteleekoyhaa.fi\/wordpress\/wp-content\/uploads\/2019\/11\/V_ukot_korttid2_taka.png 832w, https:\/\/www.kukakuunteleekoyhaa.fi\/wordpress\/wp-content\/uploads\/2019\/11\/V_ukot_korttid2_taka-150x150.png 150w, https:\/\/www.kukakuunteleekoyhaa.fi\/wordpress\/wp-content\/uploads\/2019\/11\/V_ukot_korttid2_taka-300x300.png 300w, https:\/\/www.kukakuunteleekoyhaa.fi\/wordpress\/wp-content\/uploads\/2019\/11\/V_ukot_korttid2_taka-768x767.png 768w, https:\/\/www.kukakuunteleekoyhaa.fi\/wordpress\/wp-content\/uploads\/2019\/11\/V_ukot_korttid2_taka-100x100.png 100w, https:\/\/www.kukakuunteleekoyhaa.fi\/wordpress\/wp-content\/uploads\/2019\/11\/V_ukot_korttid2_taka-200x200.png 200w, https:\/\/www.kukakuunteleekoyhaa.fi\/wordpress\/wp-content\/uploads\/2019\/11\/V_ukot_korttid2_taka-450x449.png 450w, https:\/\/www.kukakuunteleekoyhaa.fi\/wordpress\/wp-content\/uploads\/2019\/11\/V_ukot_korttid2_taka-600x599.png 600w\" sizes=\"(max-width: 832px) 100vw, 832px\" \/><\/figure><\/li><\/ul>\n","protected":false},"excerpt":{"rendered":"<p>15.-16.7.2016 alustavaa infoa Ohjelma t\u00e4\u00e4ll\u00e4 Toisen Suomen Areenat- seminaaritapahtuma ohjelma t\u00e4\u00e4ll\u00e4 Tour de Vaivaisukot 2015 &#8211; tunnelmia tapahtumasta!<\/p>\n","protected":false},"author":9,"featured_media":0,"parent":0,"menu_order":0,"comment_status":"closed","ping_status":"closed","template":"","meta":{"spay_email":""},"jetpack_shortlink":"https:\/\/wp.me\/P8vRYp-Cl","_links":{"self":[{"href":"https:\/\/www.kukakuunteleekoyhaa.fi\/wordpress\/wp-json\/wp\/v2\/pages\/2377"}],"collection":[{"href":"https:\/\/www.kukakuunteleekoyhaa.fi\/wordpress\/wp-json\/wp\/v2\/pages"}],"about":[{"href":"https:\/\/www.kukakuunteleekoyhaa.fi\/wordpress\/wp-json\/wp\/v2\/types\/page"}],"author":[{"embeddable":true,"href":"https:\/\/www.kukakuunteleekoyhaa.fi\/wordpress\/wp-json\/wp\/v2\/users\/9"}],"replies":[{"embeddable":true,"href":"https:\/\/www.kukakuunteleekoyhaa.fi\/wordpress\/wp-json\/wp\/v2\/comments?post=2377"}],"version-history":[{"count":6,"href":"https:\/\/www.kukakuunteleekoyhaa.fi\/wordpress\/wp-json\/wp\/v2\/pages\/2377\/revisions"}],"predecessor-version":[{"id":2630,"href":"https:\/\/www.kukakuunteleekoyhaa.fi\/wordpress\/wp-json\/wp\/v2\/pages\/2377\/revisions\/2630"}],"wp:attachment":[{"href":"https:\/\/www.kukakuunteleekoyhaa.fi\/wordpress\/wp-json\/wp\/v2\/media?parent=2377"}],"curies":[{"name":"wp","href":"https:\/\/api.w.org\/{rel}","templated":true}]}}