{"id":2387,"date":"2019-11-27T13:23:37","date_gmt":"2019-11-27T11:23:37","guid":{"rendered":"http:\/\/www.kukakuunteleekoyhaa.fi\/wordpress\/?page_id=2387"},"modified":"2019-11-27T16:22:26","modified_gmt":"2019-11-27T14:22:26","slug":"tour-de-vaivaisukot-2","status":"publish","type":"page","link":"https:\/\/www.kukakuunteleekoyhaa.fi\/wordpress\/tour-de-vaivaisukot-2\/","title":{"rendered":"Tour de Vaivaisukot 2015"},"content":{"rendered":"\n<p>11.7.2015<br><br>Tapahtuman esite <a target=\"_blank\" href=\"https:\/\/www.kukakuunteleekoyhaa.fi\/wordpress\/wp-content\/uploads\/2019\/11\/tour_de_vaivaisukot_final2-1.pdf\">t\u00e4\u00e4ll\u00e4<\/a><br><br>Reitti ja muu info <a target=\"_blank\" href=\"https:\/\/www.kukakuunteleekoyhaa.fi\/wordpress\/wp-content\/uploads\/2019\/11\/Tour-de-Vaivaisukot-1.pdf\">t\u00e4\u00e4ll\u00e4<\/a><br><br><strong>Tunnelmia tapahtumasta!!<\/strong><br><br>Jouko Karjalaisen kooste Tour de Vaivaisukot tapahtumasta <a target=\"_blank\" href=\"https:\/\/www.kukakuunteleekoyhaa.fi\/wordpress\/wp-content\/uploads\/2019\/11\/Vaivaisukot-1.pdf\">t\u00e4\u00e4ll\u00e4<\/a><br><br>Elina Varjosen puhe <a target=\"_blank\" href=\"https:\/\/www.kukakuunteleekoyhaa.fi\/wordpress\/wp-content\/uploads\/2019\/11\/Vaivaisukkoseminaari-10072015-EV.pdf\">t\u00e4\u00e4ll\u00e4<\/a><\/p>\n\n\n\n<ul data-carousel-extra='{\"blog_id\":1,\"permalink\":\"https:\\\/\\\/www.kukakuunteleekoyhaa.fi\\\/wordpress\\\/tour-de-vaivaisukot-2\\\/\"}' class=\"wp-block-gallery columns-2 is-cropped\"><li class=\"blocks-gallery-item\"><figure><img data-attachment-id=\"2411\" data-permalink=\"https:\/\/www.kukakuunteleekoyhaa.fi\/wordpress\/tour-de-vaivaisukot-2\/anna-maria-isola\/\" data-orig-file=\"https:\/\/www.kukakuunteleekoyhaa.fi\/wordpress\/wp-content\/uploads\/2019\/11\/Anna-Maria-Isola.jpg\" data-orig-size=\"884,782\" data-comments-opened=\"0\" data-image-meta=\"{&quot;aperture&quot;:&quot;0&quot;,&quot;credit&quot;:&quot;&quot;,&quot;camera&quot;:&quot;&quot;,&quot;caption&quot;:&quot;&quot;,&quot;created_timestamp&quot;:&quot;0&quot;,&quot;copyright&quot;:&quot;&quot;,&quot;focal_length&quot;:&quot;0&quot;,&quot;iso&quot;:&quot;0&quot;,&quot;shutter_speed&quot;:&quot;0&quot;,&quot;title&quot;:&quot;&quot;,&quot;orientation&quot;:&quot;0&quot;}\" data-image-title=\"Anna-Maria Isola\" data-image-description=\"\" data-image-caption=\"\" data-medium-file=\"https:\/\/www.kukakuunteleekoyhaa.fi\/wordpress\/wp-content\/uploads\/2019\/11\/Anna-Maria-Isola-300x265.jpg\" data-large-file=\"https:\/\/www.kukakuunteleekoyhaa.fi\/wordpress\/wp-content\/uploads\/2019\/11\/Anna-Maria-Isola.jpg\" loading=\"lazy\" width=\"884\" height=\"782\" src=\"https:\/\/www.kukakuunteleekoyhaa.fi\/wordpress\/wp-content\/uploads\/2019\/11\/Anna-Maria-Isola.jpg\" alt=\"\" data-id=\"2411\" data-link=\"https:\/\/www.kukakuunteleekoyhaa.fi\/wordpress\/tour-de-vaivaisukot-2\/anna-maria-isola\/\" class=\"wp-image-2411\" srcset=\"https:\/\/www.kukakuunteleekoyhaa.fi\/wordpress\/wp-content\/uploads\/2019\/11\/Anna-Maria-Isola.jpg 884w, https:\/\/www.kukakuunteleekoyhaa.fi\/wordpress\/wp-content\/uploads\/2019\/11\/Anna-Maria-Isola-300x265.jpg 300w, https:\/\/www.kukakuunteleekoyhaa.fi\/wordpress\/wp-content\/uploads\/2019\/11\/Anna-Maria-Isola-768x679.jpg 768w, https:\/\/www.kukakuunteleekoyhaa.fi\/wordpress\/wp-content\/uploads\/2019\/11\/Anna-Maria-Isola-100x88.jpg 100w, https:\/\/www.kukakuunteleekoyhaa.fi\/wordpress\/wp-content\/uploads\/2019\/11\/Anna-Maria-Isola-150x133.jpg 150w, https:\/\/www.kukakuunteleekoyhaa.fi\/wordpress\/wp-content\/uploads\/2019\/11\/Anna-Maria-Isola-200x177.jpg 200w, https:\/\/www.kukakuunteleekoyhaa.fi\/wordpress\/wp-content\/uploads\/2019\/11\/Anna-Maria-Isola-450x398.jpg 450w, https:\/\/www.kukakuunteleekoyhaa.fi\/wordpress\/wp-content\/uploads\/2019\/11\/Anna-Maria-Isola-600x531.jpg 600w\" sizes=\"(max-width: 884px) 100vw, 884px\" \/><\/figure><\/li><li class=\"blocks-gallery-item\"><figure><img data-attachment-id=\"2412\" data-permalink=\"https:\/\/www.kukakuunteleekoyhaa.fi\/wordpress\/tour-de-vaivaisukot-2\/arkkitehti\/\" data-orig-file=\"https:\/\/www.kukakuunteleekoyhaa.fi\/wordpress\/wp-content\/uploads\/2019\/11\/Arkkitehti.jpg\" data-orig-size=\"1024,675\" data-comments-opened=\"0\" data-image-meta=\"{&quot;aperture&quot;:&quot;0&quot;,&quot;credit&quot;:&quot;&quot;,&quot;camera&quot;:&quot;&quot;,&quot;caption&quot;:&quot;&quot;,&quot;created_timestamp&quot;:&quot;0&quot;,&quot;copyright&quot;:&quot;&quot;,&quot;focal_length&quot;:&quot;0&quot;,&quot;iso&quot;:&quot;0&quot;,&quot;shutter_speed&quot;:&quot;0&quot;,&quot;title&quot;:&quot;&quot;,&quot;orientation&quot;:&quot;0&quot;}\" data-image-title=\"Arkkitehti\" data-image-description=\"\" data-image-caption=\"\" data-medium-file=\"https:\/\/www.kukakuunteleekoyhaa.fi\/wordpress\/wp-content\/uploads\/2019\/11\/Arkkitehti-300x198.jpg\" data-large-file=\"https:\/\/www.kukakuunteleekoyhaa.fi\/wordpress\/wp-content\/uploads\/2019\/11\/Arkkitehti-1024x675.jpg\" loading=\"lazy\" width=\"1024\" height=\"675\" src=\"https:\/\/www.kukakuunteleekoyhaa.fi\/wordpress\/wp-content\/uploads\/2019\/11\/Arkkitehti-1024x675.jpg\" alt=\"\" data-id=\"2412\" data-link=\"https:\/\/www.kukakuunteleekoyhaa.fi\/wordpress\/tour-de-vaivaisukot-2\/arkkitehti\/\" class=\"wp-image-2412\" srcset=\"https:\/\/www.kukakuunteleekoyhaa.fi\/wordpress\/wp-content\/uploads\/2019\/11\/Arkkitehti.jpg 1024w, https:\/\/www.kukakuunteleekoyhaa.fi\/wordpress\/wp-content\/uploads\/2019\/11\/Arkkitehti-300x198.jpg 300w, https:\/\/www.kukakuunteleekoyhaa.fi\/wordpress\/wp-content\/uploads\/2019\/11\/Arkkitehti-768x506.jpg 768w, https:\/\/www.kukakuunteleekoyhaa.fi\/wordpress\/wp-content\/uploads\/2019\/11\/Arkkitehti-100x66.jpg 100w, https:\/\/www.kukakuunteleekoyhaa.fi\/wordpress\/wp-content\/uploads\/2019\/11\/Arkkitehti-150x99.jpg 150w, https:\/\/www.kukakuunteleekoyhaa.fi\/wordpress\/wp-content\/uploads\/2019\/11\/Arkkitehti-200x132.jpg 200w, https:\/\/www.kukakuunteleekoyhaa.fi\/wordpress\/wp-content\/uploads\/2019\/11\/Arkkitehti-450x297.jpg 450w, https:\/\/www.kukakuunteleekoyhaa.fi\/wordpress\/wp-content\/uploads\/2019\/11\/Arkkitehti-600x396.jpg 600w, https:\/\/www.kukakuunteleekoyhaa.fi\/wordpress\/wp-content\/uploads\/2019\/11\/Arkkitehti-900x593.jpg 900w\" sizes=\"(max-width: 1024px) 100vw, 1024px\" \/><\/figure><\/li><li class=\"blocks-gallery-item\"><figure><img data-attachment-id=\"2413\" data-permalink=\"https:\/\/www.kukakuunteleekoyhaa.fi\/wordpress\/tour-de-vaivaisukot-2\/dsc09215\/\" data-orig-file=\"https:\/\/www.kukakuunteleekoyhaa.fi\/wordpress\/wp-content\/uploads\/2019\/11\/DSC09215.jpg\" data-orig-size=\"1108,624\" data-comments-opened=\"0\" data-image-meta=\"{&quot;aperture&quot;:&quot;0&quot;,&quot;credit&quot;:&quot;&quot;,&quot;camera&quot;:&quot;&quot;,&quot;caption&quot;:&quot;&quot;,&quot;created_timestamp&quot;:&quot;0&quot;,&quot;copyright&quot;:&quot;&quot;,&quot;focal_length&quot;:&quot;0&quot;,&quot;iso&quot;:&quot;0&quot;,&quot;shutter_speed&quot;:&quot;0&quot;,&quot;title&quot;:&quot;&quot;,&quot;orientation&quot;:&quot;0&quot;}\" data-image-title=\"DSC09215\" data-image-description=\"\" data-image-caption=\"\" data-medium-file=\"https:\/\/www.kukakuunteleekoyhaa.fi\/wordpress\/wp-content\/uploads\/2019\/11\/DSC09215-300x169.jpg\" data-large-file=\"https:\/\/www.kukakuunteleekoyhaa.fi\/wordpress\/wp-content\/uploads\/2019\/11\/DSC09215-1024x577.jpg\" loading=\"lazy\" width=\"1024\" height=\"577\" src=\"https:\/\/www.kukakuunteleekoyhaa.fi\/wordpress\/wp-content\/uploads\/2019\/11\/DSC09215-1024x577.jpg\" alt=\"\" data-id=\"2413\" data-link=\"https:\/\/www.kukakuunteleekoyhaa.fi\/wordpress\/tour-de-vaivaisukot-2\/dsc09215\/\" class=\"wp-image-2413\" srcset=\"https:\/\/www.kukakuunteleekoyhaa.fi\/wordpress\/wp-content\/uploads\/2019\/11\/DSC09215-1024x577.jpg 1024w, https:\/\/www.kukakuunteleekoyhaa.fi\/wordpress\/wp-content\/uploads\/2019\/11\/DSC09215-300x169.jpg 300w, https:\/\/www.kukakuunteleekoyhaa.fi\/wordpress\/wp-content\/uploads\/2019\/11\/DSC09215-768x433.jpg 768w, https:\/\/www.kukakuunteleekoyhaa.fi\/wordpress\/wp-content\/uploads\/2019\/11\/DSC09215-100x56.jpg 100w, https:\/\/www.kukakuunteleekoyhaa.fi\/wordpress\/wp-content\/uploads\/2019\/11\/DSC09215-150x84.jpg 150w, https:\/\/www.kukakuunteleekoyhaa.fi\/wordpress\/wp-content\/uploads\/2019\/11\/DSC09215-200x113.jpg 200w, https:\/\/www.kukakuunteleekoyhaa.fi\/wordpress\/wp-content\/uploads\/2019\/11\/DSC09215-450x253.jpg 450w, https:\/\/www.kukakuunteleekoyhaa.fi\/wordpress\/wp-content\/uploads\/2019\/11\/DSC09215-600x338.jpg 600w, https:\/\/www.kukakuunteleekoyhaa.fi\/wordpress\/wp-content\/uploads\/2019\/11\/DSC09215-900x507.jpg 900w, https:\/\/www.kukakuunteleekoyhaa.fi\/wordpress\/wp-content\/uploads\/2019\/11\/DSC09215.jpg 1108w\" sizes=\"(max-width: 1024px) 100vw, 1024px\" \/><\/figure><\/li><li class=\"blocks-gallery-item\"><figure><img data-attachment-id=\"2414\" data-permalink=\"https:\/\/www.kukakuunteleekoyhaa.fi\/wordpress\/tour-de-vaivaisukot-2\/dsc09219\/\" data-orig-file=\"https:\/\/www.kukakuunteleekoyhaa.fi\/wordpress\/wp-content\/uploads\/2019\/11\/DSC09219.jpg\" data-orig-size=\"1108,624\" data-comments-opened=\"0\" data-image-meta=\"{&quot;aperture&quot;:&quot;0&quot;,&quot;credit&quot;:&quot;&quot;,&quot;camera&quot;:&quot;&quot;,&quot;caption&quot;:&quot;&quot;,&quot;created_timestamp&quot;:&quot;0&quot;,&quot;copyright&quot;:&quot;&quot;,&quot;focal_length&quot;:&quot;0&quot;,&quot;iso&quot;:&quot;0&quot;,&quot;shutter_speed&quot;:&quot;0&quot;,&quot;title&quot;:&quot;&quot;,&quot;orientation&quot;:&quot;0&quot;}\" data-image-title=\"DSC09219\" data-image-description=\"\" data-image-caption=\"\" data-medium-file=\"https:\/\/www.kukakuunteleekoyhaa.fi\/wordpress\/wp-content\/uploads\/2019\/11\/DSC09219-300x169.jpg\" data-large-file=\"https:\/\/www.kukakuunteleekoyhaa.fi\/wordpress\/wp-content\/uploads\/2019\/11\/DSC09219-1024x577.jpg\" loading=\"lazy\" width=\"1024\" height=\"577\" src=\"https:\/\/www.kukakuunteleekoyhaa.fi\/wordpress\/wp-content\/uploads\/2019\/11\/DSC09219-1024x577.jpg\" alt=\"\" data-id=\"2414\" data-link=\"https:\/\/www.kukakuunteleekoyhaa.fi\/wordpress\/tour-de-vaivaisukot-2\/dsc09219\/\" class=\"wp-image-2414\" srcset=\"https:\/\/www.kukakuunteleekoyhaa.fi\/wordpress\/wp-content\/uploads\/2019\/11\/DSC09219-1024x577.jpg 1024w, https:\/\/www.kukakuunteleekoyhaa.fi\/wordpress\/wp-content\/uploads\/2019\/11\/DSC09219-300x169.jpg 300w, https:\/\/www.kukakuunteleekoyhaa.fi\/wordpress\/wp-content\/uploads\/2019\/11\/DSC09219-768x433.jpg 768w, https:\/\/www.kukakuunteleekoyhaa.fi\/wordpress\/wp-content\/uploads\/2019\/11\/DSC09219-100x56.jpg 100w, https:\/\/www.kukakuunteleekoyhaa.fi\/wordpress\/wp-content\/uploads\/2019\/11\/DSC09219-150x84.jpg 150w, https:\/\/www.kukakuunteleekoyhaa.fi\/wordpress\/wp-content\/uploads\/2019\/11\/DSC09219-200x113.jpg 200w, https:\/\/www.kukakuunteleekoyhaa.fi\/wordpress\/wp-content\/uploads\/2019\/11\/DSC09219-450x253.jpg 450w, https:\/\/www.kukakuunteleekoyhaa.fi\/wordpress\/wp-content\/uploads\/2019\/11\/DSC09219-600x338.jpg 600w, https:\/\/www.kukakuunteleekoyhaa.fi\/wordpress\/wp-content\/uploads\/2019\/11\/DSC09219-900x507.jpg 900w, https:\/\/www.kukakuunteleekoyhaa.fi\/wordpress\/wp-content\/uploads\/2019\/11\/DSC09219.jpg 1108w\" sizes=\"(max-width: 1024px) 100vw, 1024px\" \/><\/figure><\/li><li class=\"blocks-gallery-item\"><figure><img data-attachment-id=\"2415\" data-permalink=\"https:\/\/www.kukakuunteleekoyhaa.fi\/wordpress\/tour-de-vaivaisukot-2\/dsc09274\/\" data-orig-file=\"https:\/\/www.kukakuunteleekoyhaa.fi\/wordpress\/wp-content\/uploads\/2019\/11\/DSC09274.jpg\" data-orig-size=\"1108,624\" data-comments-opened=\"0\" data-image-meta=\"{&quot;aperture&quot;:&quot;0&quot;,&quot;credit&quot;:&quot;&quot;,&quot;camera&quot;:&quot;&quot;,&quot;caption&quot;:&quot;&quot;,&quot;created_timestamp&quot;:&quot;0&quot;,&quot;copyright&quot;:&quot;&quot;,&quot;focal_length&quot;:&quot;0&quot;,&quot;iso&quot;:&quot;0&quot;,&quot;shutter_speed&quot;:&quot;0&quot;,&quot;title&quot;:&quot;&quot;,&quot;orientation&quot;:&quot;0&quot;}\" data-image-title=\"DSC09274\" data-image-description=\"\" data-image-caption=\"\" data-medium-file=\"https:\/\/www.kukakuunteleekoyhaa.fi\/wordpress\/wp-content\/uploads\/2019\/11\/DSC09274-300x169.jpg\" data-large-file=\"https:\/\/www.kukakuunteleekoyhaa.fi\/wordpress\/wp-content\/uploads\/2019\/11\/DSC09274-1024x577.jpg\" loading=\"lazy\" width=\"1024\" height=\"577\" src=\"https:\/\/www.kukakuunteleekoyhaa.fi\/wordpress\/wp-content\/uploads\/2019\/11\/DSC09274-1024x577.jpg\" alt=\"\" data-id=\"2415\" data-link=\"https:\/\/www.kukakuunteleekoyhaa.fi\/wordpress\/tour-de-vaivaisukot-2\/dsc09274\/\" class=\"wp-image-2415\" srcset=\"https:\/\/www.kukakuunteleekoyhaa.fi\/wordpress\/wp-content\/uploads\/2019\/11\/DSC09274-1024x577.jpg 1024w, https:\/\/www.kukakuunteleekoyhaa.fi\/wordpress\/wp-content\/uploads\/2019\/11\/DSC09274-300x169.jpg 300w, https:\/\/www.kukakuunteleekoyhaa.fi\/wordpress\/wp-content\/uploads\/2019\/11\/DSC09274-768x433.jpg 768w, https:\/\/www.kukakuunteleekoyhaa.fi\/wordpress\/wp-content\/uploads\/2019\/11\/DSC09274-100x56.jpg 100w, https:\/\/www.kukakuunteleekoyhaa.fi\/wordpress\/wp-content\/uploads\/2019\/11\/DSC09274-150x84.jpg 150w, https:\/\/www.kukakuunteleekoyhaa.fi\/wordpress\/wp-content\/uploads\/2019\/11\/DSC09274-200x113.jpg 200w, https:\/\/www.kukakuunteleekoyhaa.fi\/wordpress\/wp-content\/uploads\/2019\/11\/DSC09274-450x253.jpg 450w, https:\/\/www.kukakuunteleekoyhaa.fi\/wordpress\/wp-content\/uploads\/2019\/11\/DSC09274-600x338.jpg 600w, https:\/\/www.kukakuunteleekoyhaa.fi\/wordpress\/wp-content\/uploads\/2019\/11\/DSC09274-900x507.jpg 900w, https:\/\/www.kukakuunteleekoyhaa.fi\/wordpress\/wp-content\/uploads\/2019\/11\/DSC09274.jpg 1108w\" sizes=\"(max-width: 1024px) 100vw, 1024px\" \/><\/figure><\/li><li class=\"blocks-gallery-item\"><figure><img data-attachment-id=\"2416\" data-permalink=\"https:\/\/www.kukakuunteleekoyhaa.fi\/wordpress\/tour-de-vaivaisukot-2\/kirkkoherra\/\" data-orig-file=\"https:\/\/www.kukakuunteleekoyhaa.fi\/wordpress\/wp-content\/uploads\/2019\/11\/Kirkkoherra.jpg\" data-orig-size=\"879,786\" data-comments-opened=\"0\" data-image-meta=\"{&quot;aperture&quot;:&quot;0&quot;,&quot;credit&quot;:&quot;&quot;,&quot;camera&quot;:&quot;&quot;,&quot;caption&quot;:&quot;&quot;,&quot;created_timestamp&quot;:&quot;0&quot;,&quot;copyright&quot;:&quot;&quot;,&quot;focal_length&quot;:&quot;0&quot;,&quot;iso&quot;:&quot;0&quot;,&quot;shutter_speed&quot;:&quot;0&quot;,&quot;title&quot;:&quot;&quot;,&quot;orientation&quot;:&quot;0&quot;}\" data-image-title=\"Kirkkoherra\" data-image-description=\"\" data-image-caption=\"\" data-medium-file=\"https:\/\/www.kukakuunteleekoyhaa.fi\/wordpress\/wp-content\/uploads\/2019\/11\/Kirkkoherra-300x268.jpg\" data-large-file=\"https:\/\/www.kukakuunteleekoyhaa.fi\/wordpress\/wp-content\/uploads\/2019\/11\/Kirkkoherra.jpg\" loading=\"lazy\" width=\"879\" height=\"786\" src=\"https:\/\/www.kukakuunteleekoyhaa.fi\/wordpress\/wp-content\/uploads\/2019\/11\/Kirkkoherra.jpg\" alt=\"\" data-id=\"2416\" data-link=\"https:\/\/www.kukakuunteleekoyhaa.fi\/wordpress\/tour-de-vaivaisukot-2\/kirkkoherra\/\" class=\"wp-image-2416\" srcset=\"https:\/\/www.kukakuunteleekoyhaa.fi\/wordpress\/wp-content\/uploads\/2019\/11\/Kirkkoherra.jpg 879w, https:\/\/www.kukakuunteleekoyhaa.fi\/wordpress\/wp-content\/uploads\/2019\/11\/Kirkkoherra-300x268.jpg 300w, https:\/\/www.kukakuunteleekoyhaa.fi\/wordpress\/wp-content\/uploads\/2019\/11\/Kirkkoherra-768x687.jpg 768w, https:\/\/www.kukakuunteleekoyhaa.fi\/wordpress\/wp-content\/uploads\/2019\/11\/Kirkkoherra-100x89.jpg 100w, https:\/\/www.kukakuunteleekoyhaa.fi\/wordpress\/wp-content\/uploads\/2019\/11\/Kirkkoherra-150x134.jpg 150w, https:\/\/www.kukakuunteleekoyhaa.fi\/wordpress\/wp-content\/uploads\/2019\/11\/Kirkkoherra-200x179.jpg 200w, https:\/\/www.kukakuunteleekoyhaa.fi\/wordpress\/wp-content\/uploads\/2019\/11\/Kirkkoherra-450x402.jpg 450w, https:\/\/www.kukakuunteleekoyhaa.fi\/wordpress\/wp-content\/uploads\/2019\/11\/Kirkkoherra-600x537.jpg 600w\" sizes=\"(max-width: 879px) 100vw, 879px\" \/><\/figure><\/li><li class=\"blocks-gallery-item\"><figure><img data-attachment-id=\"2417\" data-permalink=\"https:\/\/www.kukakuunteleekoyhaa.fi\/wordpress\/tour-de-vaivaisukot-2\/kunnanjohtaja\/\" data-orig-file=\"https:\/\/www.kukakuunteleekoyhaa.fi\/wordpress\/wp-content\/uploads\/2019\/11\/kunnanjohtaja.jpg\" data-orig-size=\"1035,668\" data-comments-opened=\"0\" data-image-meta=\"{&quot;aperture&quot;:&quot;0&quot;,&quot;credit&quot;:&quot;&quot;,&quot;camera&quot;:&quot;&quot;,&quot;caption&quot;:&quot;&quot;,&quot;created_timestamp&quot;:&quot;0&quot;,&quot;copyright&quot;:&quot;&quot;,&quot;focal_length&quot;:&quot;0&quot;,&quot;iso&quot;:&quot;0&quot;,&quot;shutter_speed&quot;:&quot;0&quot;,&quot;title&quot;:&quot;&quot;,&quot;orientation&quot;:&quot;0&quot;}\" data-image-title=\"kunnanjohtaja\" data-image-description=\"\" data-image-caption=\"\" data-medium-file=\"https:\/\/www.kukakuunteleekoyhaa.fi\/wordpress\/wp-content\/uploads\/2019\/11\/kunnanjohtaja-300x194.jpg\" data-large-file=\"https:\/\/www.kukakuunteleekoyhaa.fi\/wordpress\/wp-content\/uploads\/2019\/11\/kunnanjohtaja-1024x661.jpg\" loading=\"lazy\" width=\"1024\" height=\"661\" src=\"https:\/\/www.kukakuunteleekoyhaa.fi\/wordpress\/wp-content\/uploads\/2019\/11\/kunnanjohtaja-1024x661.jpg\" alt=\"\" data-id=\"2417\" data-link=\"https:\/\/www.kukakuunteleekoyhaa.fi\/wordpress\/tour-de-vaivaisukot-2\/kunnanjohtaja\/\" class=\"wp-image-2417\" srcset=\"https:\/\/www.kukakuunteleekoyhaa.fi\/wordpress\/wp-content\/uploads\/2019\/11\/kunnanjohtaja-1024x661.jpg 1024w, https:\/\/www.kukakuunteleekoyhaa.fi\/wordpress\/wp-content\/uploads\/2019\/11\/kunnanjohtaja-300x194.jpg 300w, https:\/\/www.kukakuunteleekoyhaa.fi\/wordpress\/wp-content\/uploads\/2019\/11\/kunnanjohtaja-768x496.jpg 768w, https:\/\/www.kukakuunteleekoyhaa.fi\/wordpress\/wp-content\/uploads\/2019\/11\/kunnanjohtaja-100x65.jpg 100w, https:\/\/www.kukakuunteleekoyhaa.fi\/wordpress\/wp-content\/uploads\/2019\/11\/kunnanjohtaja-150x97.jpg 150w, https:\/\/www.kukakuunteleekoyhaa.fi\/wordpress\/wp-content\/uploads\/2019\/11\/kunnanjohtaja-200x129.jpg 200w, https:\/\/www.kukakuunteleekoyhaa.fi\/wordpress\/wp-content\/uploads\/2019\/11\/kunnanjohtaja-450x290.jpg 450w, https:\/\/www.kukakuunteleekoyhaa.fi\/wordpress\/wp-content\/uploads\/2019\/11\/kunnanjohtaja-600x387.jpg 600w, https:\/\/www.kukakuunteleekoyhaa.fi\/wordpress\/wp-content\/uploads\/2019\/11\/kunnanjohtaja-900x581.jpg 900w, https:\/\/www.kukakuunteleekoyhaa.fi\/wordpress\/wp-content\/uploads\/2019\/11\/kunnanjohtaja.jpg 1035w\" sizes=\"(max-width: 1024px) 100vw, 1024px\" \/><\/figure><\/li><li class=\"blocks-gallery-item\"><figure><img data-attachment-id=\"2418\" data-permalink=\"https:\/\/www.kukakuunteleekoyhaa.fi\/wordpress\/tour-de-vaivaisukot-2\/ortopedi\/\" data-orig-file=\"https:\/\/www.kukakuunteleekoyhaa.fi\/wordpress\/wp-content\/uploads\/2019\/11\/ortopedi.jpg\" data-orig-size=\"1108,624\" data-comments-opened=\"0\" data-image-meta=\"{&quot;aperture&quot;:&quot;0&quot;,&quot;credit&quot;:&quot;&quot;,&quot;camera&quot;:&quot;&quot;,&quot;caption&quot;:&quot;&quot;,&quot;created_timestamp&quot;:&quot;0&quot;,&quot;copyright&quot;:&quot;&quot;,&quot;focal_length&quot;:&quot;0&quot;,&quot;iso&quot;:&quot;0&quot;,&quot;shutter_speed&quot;:&quot;0&quot;,&quot;title&quot;:&quot;&quot;,&quot;orientation&quot;:&quot;0&quot;}\" data-image-title=\"ortopedi\" data-image-description=\"\" data-image-caption=\"\" data-medium-file=\"https:\/\/www.kukakuunteleekoyhaa.fi\/wordpress\/wp-content\/uploads\/2019\/11\/ortopedi-300x169.jpg\" data-large-file=\"https:\/\/www.kukakuunteleekoyhaa.fi\/wordpress\/wp-content\/uploads\/2019\/11\/ortopedi-1024x577.jpg\" loading=\"lazy\" width=\"1024\" height=\"577\" src=\"https:\/\/www.kukakuunteleekoyhaa.fi\/wordpress\/wp-content\/uploads\/2019\/11\/ortopedi-1024x577.jpg\" alt=\"\" data-id=\"2418\" data-link=\"https:\/\/www.kukakuunteleekoyhaa.fi\/wordpress\/tour-de-vaivaisukot-2\/ortopedi\/\" class=\"wp-image-2418\" srcset=\"https:\/\/www.kukakuunteleekoyhaa.fi\/wordpress\/wp-content\/uploads\/2019\/11\/ortopedi-1024x577.jpg 1024w, https:\/\/www.kukakuunteleekoyhaa.fi\/wordpress\/wp-content\/uploads\/2019\/11\/ortopedi-300x169.jpg 300w, https:\/\/www.kukakuunteleekoyhaa.fi\/wordpress\/wp-content\/uploads\/2019\/11\/ortopedi-768x433.jpg 768w, https:\/\/www.kukakuunteleekoyhaa.fi\/wordpress\/wp-content\/uploads\/2019\/11\/ortopedi-100x56.jpg 100w, https:\/\/www.kukakuunteleekoyhaa.fi\/wordpress\/wp-content\/uploads\/2019\/11\/ortopedi-150x84.jpg 150w, https:\/\/www.kukakuunteleekoyhaa.fi\/wordpress\/wp-content\/uploads\/2019\/11\/ortopedi-200x113.jpg 200w, https:\/\/www.kukakuunteleekoyhaa.fi\/wordpress\/wp-content\/uploads\/2019\/11\/ortopedi-450x253.jpg 450w, https:\/\/www.kukakuunteleekoyhaa.fi\/wordpress\/wp-content\/uploads\/2019\/11\/ortopedi-600x338.jpg 600w, https:\/\/www.kukakuunteleekoyhaa.fi\/wordpress\/wp-content\/uploads\/2019\/11\/ortopedi-900x507.jpg 900w, https:\/\/www.kukakuunteleekoyhaa.fi\/wordpress\/wp-content\/uploads\/2019\/11\/ortopedi.jpg 1108w\" sizes=\"(max-width: 1024px) 100vw, 1024px\" \/><\/figure><\/li><li class=\"blocks-gallery-item\"><figure><img data-attachment-id=\"2419\" data-permalink=\"https:\/\/www.kukakuunteleekoyhaa.fi\/wordpress\/tour-de-vaivaisukot-2\/poliisin-puheilla\/\" data-orig-file=\"https:\/\/www.kukakuunteleekoyhaa.fi\/wordpress\/wp-content\/uploads\/2019\/11\/poliisin-puheilla.jpg\" data-orig-size=\"860,804\" data-comments-opened=\"0\" data-image-meta=\"{&quot;aperture&quot;:&quot;0&quot;,&quot;credit&quot;:&quot;&quot;,&quot;camera&quot;:&quot;&quot;,&quot;caption&quot;:&quot;&quot;,&quot;created_timestamp&quot;:&quot;0&quot;,&quot;copyright&quot;:&quot;&quot;,&quot;focal_length&quot;:&quot;0&quot;,&quot;iso&quot;:&quot;0&quot;,&quot;shutter_speed&quot;:&quot;0&quot;,&quot;title&quot;:&quot;&quot;,&quot;orientation&quot;:&quot;0&quot;}\" data-image-title=\"poliisin puheilla\" data-image-description=\"\" data-image-caption=\"\" data-medium-file=\"https:\/\/www.kukakuunteleekoyhaa.fi\/wordpress\/wp-content\/uploads\/2019\/11\/poliisin-puheilla-300x280.jpg\" data-large-file=\"https:\/\/www.kukakuunteleekoyhaa.fi\/wordpress\/wp-content\/uploads\/2019\/11\/poliisin-puheilla.jpg\" loading=\"lazy\" width=\"860\" height=\"804\" src=\"https:\/\/www.kukakuunteleekoyhaa.fi\/wordpress\/wp-content\/uploads\/2019\/11\/poliisin-puheilla.jpg\" alt=\"\" data-id=\"2419\" data-link=\"https:\/\/www.kukakuunteleekoyhaa.fi\/wordpress\/tour-de-vaivaisukot-2\/poliisin-puheilla\/\" class=\"wp-image-2419\" srcset=\"https:\/\/www.kukakuunteleekoyhaa.fi\/wordpress\/wp-content\/uploads\/2019\/11\/poliisin-puheilla.jpg 860w, https:\/\/www.kukakuunteleekoyhaa.fi\/wordpress\/wp-content\/uploads\/2019\/11\/poliisin-puheilla-300x280.jpg 300w, https:\/\/www.kukakuunteleekoyhaa.fi\/wordpress\/wp-content\/uploads\/2019\/11\/poliisin-puheilla-768x718.jpg 768w, https:\/\/www.kukakuunteleekoyhaa.fi\/wordpress\/wp-content\/uploads\/2019\/11\/poliisin-puheilla-100x93.jpg 100w, https:\/\/www.kukakuunteleekoyhaa.fi\/wordpress\/wp-content\/uploads\/2019\/11\/poliisin-puheilla-150x140.jpg 150w, https:\/\/www.kukakuunteleekoyhaa.fi\/wordpress\/wp-content\/uploads\/2019\/11\/poliisin-puheilla-200x187.jpg 200w, https:\/\/www.kukakuunteleekoyhaa.fi\/wordpress\/wp-content\/uploads\/2019\/11\/poliisin-puheilla-450x421.jpg 450w, https:\/\/www.kukakuunteleekoyhaa.fi\/wordpress\/wp-content\/uploads\/2019\/11\/poliisin-puheilla-600x561.jpg 600w\" sizes=\"(max-width: 860px) 100vw, 860px\" \/><\/figure><\/li><li class=\"blocks-gallery-item\"><figure><img data-attachment-id=\"2420\" data-permalink=\"https:\/\/www.kukakuunteleekoyhaa.fi\/wordpress\/tour-de-vaivaisukot-2\/tarmo-kunnas\/\" data-orig-file=\"https:\/\/www.kukakuunteleekoyhaa.fi\/wordpress\/wp-content\/uploads\/2019\/11\/Tarmo-Kunnas.jpg\" data-orig-size=\"949,728\" data-comments-opened=\"0\" data-image-meta=\"{&quot;aperture&quot;:&quot;0&quot;,&quot;credit&quot;:&quot;&quot;,&quot;camera&quot;:&quot;&quot;,&quot;caption&quot;:&quot;&quot;,&quot;created_timestamp&quot;:&quot;0&quot;,&quot;copyright&quot;:&quot;&quot;,&quot;focal_length&quot;:&quot;0&quot;,&quot;iso&quot;:&quot;0&quot;,&quot;shutter_speed&quot;:&quot;0&quot;,&quot;title&quot;:&quot;&quot;,&quot;orientation&quot;:&quot;0&quot;}\" data-image-title=\"Tarmo Kunnas\" data-image-description=\"\" data-image-caption=\"\" data-medium-file=\"https:\/\/www.kukakuunteleekoyhaa.fi\/wordpress\/wp-content\/uploads\/2019\/11\/Tarmo-Kunnas-300x230.jpg\" data-large-file=\"https:\/\/www.kukakuunteleekoyhaa.fi\/wordpress\/wp-content\/uploads\/2019\/11\/Tarmo-Kunnas.jpg\" loading=\"lazy\" width=\"949\" height=\"728\" src=\"https:\/\/www.kukakuunteleekoyhaa.fi\/wordpress\/wp-content\/uploads\/2019\/11\/Tarmo-Kunnas.jpg\" alt=\"\" data-id=\"2420\" data-link=\"https:\/\/www.kukakuunteleekoyhaa.fi\/wordpress\/tour-de-vaivaisukot-2\/tarmo-kunnas\/\" class=\"wp-image-2420\" srcset=\"https:\/\/www.kukakuunteleekoyhaa.fi\/wordpress\/wp-content\/uploads\/2019\/11\/Tarmo-Kunnas.jpg 949w, https:\/\/www.kukakuunteleekoyhaa.fi\/wordpress\/wp-content\/uploads\/2019\/11\/Tarmo-Kunnas-300x230.jpg 300w, https:\/\/www.kukakuunteleekoyhaa.fi\/wordpress\/wp-content\/uploads\/2019\/11\/Tarmo-Kunnas-768x589.jpg 768w, https:\/\/www.kukakuunteleekoyhaa.fi\/wordpress\/wp-content\/uploads\/2019\/11\/Tarmo-Kunnas-100x77.jpg 100w, https:\/\/www.kukakuunteleekoyhaa.fi\/wordpress\/wp-content\/uploads\/2019\/11\/Tarmo-Kunnas-150x115.jpg 150w, https:\/\/www.kukakuunteleekoyhaa.fi\/wordpress\/wp-content\/uploads\/2019\/11\/Tarmo-Kunnas-200x153.jpg 200w, https:\/\/www.kukakuunteleekoyhaa.fi\/wordpress\/wp-content\/uploads\/2019\/11\/Tarmo-Kunnas-450x345.jpg 450w, https:\/\/www.kukakuunteleekoyhaa.fi\/wordpress\/wp-content\/uploads\/2019\/11\/Tarmo-Kunnas-600x460.jpg 600w, https:\/\/www.kukakuunteleekoyhaa.fi\/wordpress\/wp-content\/uploads\/2019\/11\/Tarmo-Kunnas-900x690.jpg 900w\" sizes=\"(max-width: 949px) 100vw, 949px\" \/><\/figure><\/li><\/ul>\n","protected":false},"excerpt":{"rendered":"<p>11.7.2015 Tapahtuman esite t\u00e4\u00e4ll\u00e4 Reitti ja muu info t\u00e4\u00e4ll\u00e4 Tunnelmia tapahtumasta!! Jouko Karjalaisen kooste Tour de Vaivaisukot tapahtumasta t\u00e4\u00e4ll\u00e4 Elina Varjosen puhe t\u00e4\u00e4ll\u00e4<\/p>\n","protected":false},"author":9,"featured_media":0,"parent":0,"menu_order":0,"comment_status":"closed","ping_status":"closed","template":"","meta":{"spay_email":""},"jetpack_shortlink":"https:\/\/wp.me\/P8vRYp-Cv","_links":{"self":[{"href":"https:\/\/www.kukakuunteleekoyhaa.fi\/wordpress\/wp-json\/wp\/v2\/pages\/2387"}],"collection":[{"href":"https:\/\/www.kukakuunteleekoyhaa.fi\/wordpress\/wp-json\/wp\/v2\/pages"}],"about":[{"href":"https:\/\/www.kukakuunteleekoyhaa.fi\/wordpress\/wp-json\/wp\/v2\/types\/page"}],"author":[{"embeddable":true,"href":"https:\/\/www.kukakuunteleekoyhaa.fi\/wordpress\/wp-json\/wp\/v2\/users\/9"}],"replies":[{"embeddable":true,"href":"https:\/\/www.kukakuunteleekoyhaa.fi\/wordpress\/wp-json\/wp\/v2\/comments?post=2387"}],"version-history":[{"count":10,"href":"https:\/\/www.kukakuunteleekoyhaa.fi\/wordpress\/wp-json\/wp\/v2\/pages\/2387\/revisions"}],"predecessor-version":[{"id":2634,"href":"https:\/\/www.kukakuunteleekoyhaa.fi\/wordpress\/wp-json\/wp\/v2\/pages\/2387\/revisions\/2634"}],"wp:attachment":[{"href":"https:\/\/www.kukakuunteleekoyhaa.fi\/wordpress\/wp-json\/wp\/v2\/media?parent=2387"}],"curies":[{"name":"wp","href":"https:\/\/api.w.org\/{rel}","templated":true}]}}