{"id":2441,"date":"2019-11-27T13:48:31","date_gmt":"2019-11-27T11:48:31","guid":{"rendered":"http:\/\/www.kukakuunteleekoyhaa.fi\/wordpress\/?page_id=2441"},"modified":"2019-11-27T16:18:45","modified_gmt":"2019-11-27T14:18:45","slug":"onko-suomessa-enaa-sosiaaliturvaa","status":"publish","type":"page","link":"https:\/\/www.kukakuunteleekoyhaa.fi\/wordpress\/onko-suomessa-enaa-sosiaaliturvaa\/","title":{"rendered":"Onko Suomessa en\u00e4\u00e4 sosiaaliturvaa?"},"content":{"rendered":"\n<p>Keskiviikkona 2.3. klo:14.30 &#8211; 16 Eduskunnan kansalaisinfossa<br>Arkadiankatu 3<br><br>Ohjelma <a target=\"_blank\" href=\"https:\/\/www.kukakuunteleekoyhaa.fi\/wordpress\/wp-content\/uploads\/2019\/11\/20160302_ohjelma.pdf\">t\u00e4\u00e4ll\u00e4<\/a><br><br>Muistio <a target=\"_blank\" href=\"https:\/\/www.kukakuunteleekoyhaa.fi\/wordpress\/wp-content\/uploads\/2019\/11\/Onko-Suomessa-en%C3%83%C2%A4%C3%83%C2%A4-sosiaaliturvaa-lopullinen-tilaisuusmuistio-maaliskuu-2016.pdf\">t\u00e4\u00e4ll\u00e4<\/a><\/p>\n","protected":false},"excerpt":{"rendered":"<p>Keskiviikkona 2.3. klo:14.30 &#8211; 16 Eduskunnan kansalaisinfossaArkadiankatu 3 Ohjelma t\u00e4\u00e4ll\u00e4 Muistio t\u00e4\u00e4ll\u00e4<\/p>\n","protected":false},"author":9,"featured_media":0,"parent":0,"menu_order":0,"comment_status":"closed","ping_status":"closed","template":"","meta":{"spay_email":""},"jetpack_shortlink":"https:\/\/wp.me\/P8vRYp-Dn","_links":{"self":[{"href":"https:\/\/www.kukakuunteleekoyhaa.fi\/wordpress\/wp-json\/wp\/v2\/pages\/2441"}],"collection":[{"href":"https:\/\/www.kukakuunteleekoyhaa.fi\/wordpress\/wp-json\/wp\/v2\/pages"}],"about":[{"href":"https:\/\/www.kukakuunteleekoyhaa.fi\/wordpress\/wp-json\/wp\/v2\/types\/page"}],"author":[{"embeddable":true,"href":"https:\/\/www.kukakuunteleekoyhaa.fi\/wordpress\/wp-json\/wp\/v2\/users\/9"}],"replies":[{"embeddable":true,"href":"https:\/\/www.kukakuunteleekoyhaa.fi\/wordpress\/wp-json\/wp\/v2\/comments?post=2441"}],"version-history":[{"count":3,"href":"https:\/\/www.kukakuunteleekoyhaa.fi\/wordpress\/wp-json\/wp\/v2\/pages\/2441\/revisions"}],"predecessor-version":[{"id":2627,"href":"https:\/\/www.kukakuunteleekoyhaa.fi\/wordpress\/wp-json\/wp\/v2\/pages\/2441\/revisions\/2627"}],"wp:attachment":[{"href":"https:\/\/www.kukakuunteleekoyhaa.fi\/wordpress\/wp-json\/wp\/v2\/media?parent=2441"}],"curies":[{"name":"wp","href":"https:\/\/api.w.org\/{rel}","templated":true}]}}