{"id":2462,"date":"2019-11-27T13:57:46","date_gmt":"2019-11-27T11:57:46","guid":{"rendered":"http:\/\/www.kukakuunteleekoyhaa.fi\/wordpress\/?page_id=2462"},"modified":"2019-11-27T13:58:24","modified_gmt":"2019-11-27T11:58:24","slug":"havikkiseminaari-ylijaamaruoka-koyhille-vai-kaatopaikalle","status":"publish","type":"page","link":"https:\/\/www.kukakuunteleekoyhaa.fi\/wordpress\/havikkiseminaari-ylijaamaruoka-koyhille-vai-kaatopaikalle\/","title":{"rendered":"H\u00e4vikkiseminaari-ylij\u00e4\u00e4m\u00e4ruoka k\u00f6yhille vai kaatopaikalle?"},"content":{"rendered":"\n<p>22.9.2015 klo 17.15-19.45<br>Eduskunnan Pikkuparlamentti, Arkadiankatu 3, Helsinki<br><\/p>\n","protected":false},"excerpt":{"rendered":"<p>22.9.2015 klo 17.15-19.45Eduskunnan Pikkuparlamentti, Arkadiankatu 3, Helsinki<\/p>\n","protected":false},"author":9,"featured_media":0,"parent":0,"menu_order":0,"comment_status":"closed","ping_status":"closed","template":"","meta":{"spay_email":""},"jetpack_shortlink":"https:\/\/wp.me\/P8vRYp-DI","_links":{"self":[{"href":"https:\/\/www.kukakuunteleekoyhaa.fi\/wordpress\/wp-json\/wp\/v2\/pages\/2462"}],"collection":[{"href":"https:\/\/www.kukakuunteleekoyhaa.fi\/wordpress\/wp-json\/wp\/v2\/pages"}],"about":[{"href":"https:\/\/www.kukakuunteleekoyhaa.fi\/wordpress\/wp-json\/wp\/v2\/types\/page"}],"author":[{"embeddable":true,"href":"https:\/\/www.kukakuunteleekoyhaa.fi\/wordpress\/wp-json\/wp\/v2\/users\/9"}],"replies":[{"embeddable":true,"href":"https:\/\/www.kukakuunteleekoyhaa.fi\/wordpress\/wp-json\/wp\/v2\/comments?post=2462"}],"version-history":[{"count":2,"href":"https:\/\/www.kukakuunteleekoyhaa.fi\/wordpress\/wp-json\/wp\/v2\/pages\/2462\/revisions"}],"predecessor-version":[{"id":2466,"href":"https:\/\/www.kukakuunteleekoyhaa.fi\/wordpress\/wp-json\/wp\/v2\/pages\/2462\/revisions\/2466"}],"wp:attachment":[{"href":"https:\/\/www.kukakuunteleekoyhaa.fi\/wordpress\/wp-json\/wp\/v2\/media?parent=2462"}],"curies":[{"name":"wp","href":"https:\/\/api.w.org\/{rel}","templated":true}]}}