{"id":2480,"date":"2019-11-27T14:05:48","date_gmt":"2019-11-27T12:05:48","guid":{"rendered":"http:\/\/www.kukakuunteleekoyhaa.fi\/wordpress\/?page_id=2480"},"modified":"2019-11-27T16:23:04","modified_gmt":"2019-11-27T14:23:04","slug":"tyokaapeli-hankkeen-paatosseminaari","status":"publish","type":"page","link":"https:\/\/www.kukakuunteleekoyhaa.fi\/wordpress\/tyokaapeli-hankkeen-paatosseminaari\/","title":{"rendered":"Ty\u00f6Kaapeli-hankkeen p\u00e4\u00e4t\u00f6sseminaari"},"content":{"rendered":"\n<p>4.3.2015 klo 14.00-16.00 Kansalaisinfo (Pikkuparlamentti), Arkadiankatu 3, Helsinki<br><br>Ohjelma <a target=\"_blank\" href=\"https:\/\/www.kukakuunteleekoyhaa.fi\/wordpress\/wp-content\/uploads\/2019\/11\/20150304.pdf\">t\u00e4\u00e4ll\u00e4<\/a><br><br>Lehdist\u00f6tiedote <a target=\"_blank\" href=\"https:\/\/www.kukakuunteleekoyhaa.fi\/wordpress\/wp-content\/uploads\/2019\/11\/20150304_lehdist%C3%83%C2%B6tiedote.pdf\">t\u00e4\u00e4ll\u00e4<\/a><br><br>Muistio tilaisuudesta <a target=\"_blank\" href=\"https:\/\/www.kukakuunteleekoyhaa.fi\/wordpress\/wp-content\/uploads\/2019\/11\/Kokemuksia-ty%C3%83%C2%B6llistymisen-ja-ty%C3%83%C2%B6llist%C3%83%C2%A4misen-vaikeudesta.pdf\">t\u00e4\u00e4ll\u00e4<\/a><\/p>\n","protected":false},"excerpt":{"rendered":"<p>4.3.2015 klo 14.00-16.00 Kansalaisinfo (Pikkuparlamentti), Arkadiankatu 3, Helsinki Ohjelma t\u00e4\u00e4ll\u00e4 Lehdist\u00f6tiedote t\u00e4\u00e4ll\u00e4 Muistio tilaisuudesta t\u00e4\u00e4ll\u00e4<\/p>\n","protected":false},"author":9,"featured_media":0,"parent":0,"menu_order":0,"comment_status":"closed","ping_status":"closed","template":"","meta":{"spay_email":""},"jetpack_shortlink":"https:\/\/wp.me\/P8vRYp-E0","_links":{"self":[{"href":"https:\/\/www.kukakuunteleekoyhaa.fi\/wordpress\/wp-json\/wp\/v2\/pages\/2480"}],"collection":[{"href":"https:\/\/www.kukakuunteleekoyhaa.fi\/wordpress\/wp-json\/wp\/v2\/pages"}],"about":[{"href":"https:\/\/www.kukakuunteleekoyhaa.fi\/wordpress\/wp-json\/wp\/v2\/types\/page"}],"author":[{"embeddable":true,"href":"https:\/\/www.kukakuunteleekoyhaa.fi\/wordpress\/wp-json\/wp\/v2\/users\/9"}],"replies":[{"embeddable":true,"href":"https:\/\/www.kukakuunteleekoyhaa.fi\/wordpress\/wp-json\/wp\/v2\/comments?post=2480"}],"version-history":[{"count":5,"href":"https:\/\/www.kukakuunteleekoyhaa.fi\/wordpress\/wp-json\/wp\/v2\/pages\/2480\/revisions"}],"predecessor-version":[{"id":2636,"href":"https:\/\/www.kukakuunteleekoyhaa.fi\/wordpress\/wp-json\/wp\/v2\/pages\/2480\/revisions\/2636"}],"wp:attachment":[{"href":"https:\/\/www.kukakuunteleekoyhaa.fi\/wordpress\/wp-json\/wp\/v2\/media?parent=2480"}],"curies":[{"name":"wp","href":"https:\/\/api.w.org\/{rel}","templated":true}]}}