{"id":2494,"date":"2019-11-27T14:11:32","date_gmt":"2019-11-27T12:11:32","guid":{"rendered":"http:\/\/www.kukakuunteleekoyhaa.fi\/wordpress\/?page_id=2494"},"modified":"2019-11-27T14:11:32","modified_gmt":"2019-11-27T12:11:32","slug":"ravintolapaiva-16-5-2015","status":"publish","type":"page","link":"https:\/\/www.kukakuunteleekoyhaa.fi\/wordpress\/ravintolapaiva-16-5-2015\/","title":{"rendered":"Ravintolap\u00e4iv\u00e4 16.5.2015"},"content":{"rendered":"\n<p>Kuka kuuntelee k\u00f6yh\u00e4\u00e4 &#8211; K\u00f6yh\u00e4t ritarit Vaasanaukiolla<br>Helsinginkatu 1, klo 11-15<br><br>Aitoja k\u00f6yhi\u00e4 ritareita mansikkahillolla ja kermavaahdolla, edulliset 3K-hinnat. Myynniss\u00e4 my\u00f6s kahvia ja teet\u00e4.<br><br>Tervetuloa!<\/p>\n","protected":false},"excerpt":{"rendered":"<p>Kuka kuuntelee k\u00f6yh\u00e4\u00e4 &#8211; K\u00f6yh\u00e4t ritarit VaasanaukiollaHelsinginkatu 1, klo 11-15 Aitoja k\u00f6yhi\u00e4 ritareita mansikkahillolla ja kermavaahdolla, edulliset 3K-hinnat. Myynniss\u00e4 my\u00f6s kahvia ja teet\u00e4. Tervetuloa!<\/p>\n","protected":false},"author":9,"featured_media":0,"parent":0,"menu_order":0,"comment_status":"closed","ping_status":"closed","template":"","meta":{"spay_email":""},"jetpack_shortlink":"https:\/\/wp.me\/P8vRYp-Ee","_links":{"self":[{"href":"https:\/\/www.kukakuunteleekoyhaa.fi\/wordpress\/wp-json\/wp\/v2\/pages\/2494"}],"collection":[{"href":"https:\/\/www.kukakuunteleekoyhaa.fi\/wordpress\/wp-json\/wp\/v2\/pages"}],"about":[{"href":"https:\/\/www.kukakuunteleekoyhaa.fi\/wordpress\/wp-json\/wp\/v2\/types\/page"}],"author":[{"embeddable":true,"href":"https:\/\/www.kukakuunteleekoyhaa.fi\/wordpress\/wp-json\/wp\/v2\/users\/9"}],"replies":[{"embeddable":true,"href":"https:\/\/www.kukakuunteleekoyhaa.fi\/wordpress\/wp-json\/wp\/v2\/comments?post=2494"}],"version-history":[{"count":1,"href":"https:\/\/www.kukakuunteleekoyhaa.fi\/wordpress\/wp-json\/wp\/v2\/pages\/2494\/revisions"}],"predecessor-version":[{"id":2496,"href":"https:\/\/www.kukakuunteleekoyhaa.fi\/wordpress\/wp-json\/wp\/v2\/pages\/2494\/revisions\/2496"}],"wp:attachment":[{"href":"https:\/\/www.kukakuunteleekoyhaa.fi\/wordpress\/wp-json\/wp\/v2\/media?parent=2494"}],"curies":[{"name":"wp","href":"https:\/\/api.w.org\/{rel}","templated":true}]}}