{"id":2499,"date":"2019-11-27T15:02:25","date_gmt":"2019-11-27T13:02:25","guid":{"rendered":"http:\/\/www.kukakuunteleekoyhaa.fi\/wordpress\/?page_id=2499"},"modified":"2019-11-27T16:23:55","modified_gmt":"2019-11-27T14:23:55","slug":"kuka-kuuntelee-koyhaa-mihin-vahimmaisturva-riittaa","status":"publish","type":"page","link":"https:\/\/www.kukakuunteleekoyhaa.fi\/wordpress\/kuka-kuuntelee-koyhaa-mihin-vahimmaisturva-riittaa\/","title":{"rendered":"Kuka kuuntelee k\u00f6yh\u00e4\u00e4? Mihin v\u00e4himm\u00e4isturva riitt\u00e4\u00e4?"},"content":{"rendered":"\n<p>Keskustelutilaisuus<br><br>26.11.2014 klo 17-19.45, Etel\u00e4ranta 8<br><br>Ohjelma <a target=\"_blank\" href=\"https:\/\/www.kukakuunteleekoyhaa.fi\/wordpress\/wp-content\/uploads\/2019\/11\/20141126_lopullinen.pdf\">t\u00e4\u00e4ll\u00e4<\/a><\/p>\n\n\n\n<p><\/p>\n","protected":false},"excerpt":{"rendered":"<p>Keskustelutilaisuus 26.11.2014 klo 17-19.45, Etel\u00e4ranta 8 Ohjelma t\u00e4\u00e4ll\u00e4<\/p>\n","protected":false},"author":9,"featured_media":0,"parent":0,"menu_order":0,"comment_status":"closed","ping_status":"closed","template":"","meta":{"spay_email":""},"jetpack_shortlink":"https:\/\/wp.me\/P8vRYp-Ej","_links":{"self":[{"href":"https:\/\/www.kukakuunteleekoyhaa.fi\/wordpress\/wp-json\/wp\/v2\/pages\/2499"}],"collection":[{"href":"https:\/\/www.kukakuunteleekoyhaa.fi\/wordpress\/wp-json\/wp\/v2\/pages"}],"about":[{"href":"https:\/\/www.kukakuunteleekoyhaa.fi\/wordpress\/wp-json\/wp\/v2\/types\/page"}],"author":[{"embeddable":true,"href":"https:\/\/www.kukakuunteleekoyhaa.fi\/wordpress\/wp-json\/wp\/v2\/users\/9"}],"replies":[{"embeddable":true,"href":"https:\/\/www.kukakuunteleekoyhaa.fi\/wordpress\/wp-json\/wp\/v2\/comments?post=2499"}],"version-history":[{"count":3,"href":"https:\/\/www.kukakuunteleekoyhaa.fi\/wordpress\/wp-json\/wp\/v2\/pages\/2499\/revisions"}],"predecessor-version":[{"id":2637,"href":"https:\/\/www.kukakuunteleekoyhaa.fi\/wordpress\/wp-json\/wp\/v2\/pages\/2499\/revisions\/2637"}],"wp:attachment":[{"href":"https:\/\/www.kukakuunteleekoyhaa.fi\/wordpress\/wp-json\/wp\/v2\/media?parent=2499"}],"curies":[{"name":"wp","href":"https:\/\/api.w.org\/{rel}","templated":true}]}}