{"id":2511,"date":"2019-11-27T15:07:35","date_gmt":"2019-11-27T13:07:35","guid":{"rendered":"http:\/\/www.kukakuunteleekoyhaa.fi\/wordpress\/?page_id=2511"},"modified":"2019-11-27T16:24:11","modified_gmt":"2019-11-27T14:24:11","slug":"pasilan-asukasilta-asumisyksikko-takapihallani","status":"publish","type":"page","link":"https:\/\/www.kukakuunteleekoyhaa.fi\/wordpress\/pasilan-asukasilta-asumisyksikko-takapihallani\/","title":{"rendered":"Pasilan asukasilta &#8221;Asumisyksikk\u00f6 takapihallani&#8221;"},"content":{"rendered":"\n<p>28.10.2014 klo 17.00-19.30<br><br>Junailijankuja 3, It\u00e4-Pasila asumisyksikk\u00f6.<br><br>Tilaisuuden ohjelma <a target=\"_blank\" href=\"https:\/\/www.kukakuunteleekoyhaa.fi\/wordpress\/wp-content\/uploads\/2019\/11\/Pasila20141028.pdf\">t\u00e4\u00e4ll\u00e4<\/a><br><br>Tilaisuuden muistio <a target=\"_blank\" href=\"https:\/\/www.kukakuunteleekoyhaa.fi\/wordpress\/wp-content\/uploads\/2019\/11\/20141028_muistio.pdf\">t\u00e4\u00e4ll\u00e4<\/a><\/p>\n","protected":false},"excerpt":{"rendered":"<p>28.10.2014 klo 17.00-19.30 Junailijankuja 3, It\u00e4-Pasila asumisyksikk\u00f6. Tilaisuuden ohjelma t\u00e4\u00e4ll\u00e4 Tilaisuuden muistio t\u00e4\u00e4ll\u00e4<\/p>\n","protected":false},"author":9,"featured_media":0,"parent":0,"menu_order":0,"comment_status":"closed","ping_status":"closed","template":"","meta":{"spay_email":""},"jetpack_shortlink":"https:\/\/wp.me\/P8vRYp-Ev","_links":{"self":[{"href":"https:\/\/www.kukakuunteleekoyhaa.fi\/wordpress\/wp-json\/wp\/v2\/pages\/2511"}],"collection":[{"href":"https:\/\/www.kukakuunteleekoyhaa.fi\/wordpress\/wp-json\/wp\/v2\/pages"}],"about":[{"href":"https:\/\/www.kukakuunteleekoyhaa.fi\/wordpress\/wp-json\/wp\/v2\/types\/page"}],"author":[{"embeddable":true,"href":"https:\/\/www.kukakuunteleekoyhaa.fi\/wordpress\/wp-json\/wp\/v2\/users\/9"}],"replies":[{"embeddable":true,"href":"https:\/\/www.kukakuunteleekoyhaa.fi\/wordpress\/wp-json\/wp\/v2\/comments?post=2511"}],"version-history":[{"count":4,"href":"https:\/\/www.kukakuunteleekoyhaa.fi\/wordpress\/wp-json\/wp\/v2\/pages\/2511\/revisions"}],"predecessor-version":[{"id":2638,"href":"https:\/\/www.kukakuunteleekoyhaa.fi\/wordpress\/wp-json\/wp\/v2\/pages\/2511\/revisions\/2638"}],"wp:attachment":[{"href":"https:\/\/www.kukakuunteleekoyhaa.fi\/wordpress\/wp-json\/wp\/v2\/media?parent=2511"}],"curies":[{"name":"wp","href":"https:\/\/api.w.org\/{rel}","templated":true}]}}