{"id":2525,"date":"2019-11-27T15:13:12","date_gmt":"2019-11-27T13:13:12","guid":{"rendered":"http:\/\/www.kukakuunteleekoyhaa.fi\/wordpress\/?page_id=2525"},"modified":"2019-11-27T16:24:36","modified_gmt":"2019-11-27T14:24:36","slug":"keta-osallistava-sosiaaliturva-osallistaa","status":"publish","type":"page","link":"https:\/\/www.kukakuunteleekoyhaa.fi\/wordpress\/keta-osallistava-sosiaaliturva-osallistaa\/","title":{"rendered":"Ket\u00e4 Osallistava sosiaaliturva osallistaa?"},"content":{"rendered":"\n<p>8.5. klo 17 \u2013 19 Pikkuparlamentin Kansalaisinfo, Arkadiankatu 3 <br><br>Ohjelma<a target=\"_blank\" href=\"https:\/\/www.kukakuunteleekoyhaa.fi\/wordpress\/wp-content\/uploads\/2019\/11\/20140508.pdf\"> t\u00e4\u00e4ll\u00e4<\/a><br><br>Tiedote <a target=\"_blank\" href=\"https:\/\/www.kukakuunteleekoyhaa.fi\/wordpress\/wp-content\/uploads\/2019\/11\/Kansalaisinfo_20140508_tiedote.pdf\">t\u00e4\u00e4ll\u00e4<\/a><\/p>\n","protected":false},"excerpt":{"rendered":"<p>8.5. klo 17 \u2013 19 Pikkuparlamentin Kansalaisinfo, Arkadiankatu 3 Ohjelma t\u00e4\u00e4ll\u00e4 Tiedote t\u00e4\u00e4ll\u00e4<\/p>\n","protected":false},"author":9,"featured_media":0,"parent":0,"menu_order":0,"comment_status":"closed","ping_status":"closed","template":"","meta":{"spay_email":""},"jetpack_shortlink":"https:\/\/wp.me\/P8vRYp-EJ","_links":{"self":[{"href":"https:\/\/www.kukakuunteleekoyhaa.fi\/wordpress\/wp-json\/wp\/v2\/pages\/2525"}],"collection":[{"href":"https:\/\/www.kukakuunteleekoyhaa.fi\/wordpress\/wp-json\/wp\/v2\/pages"}],"about":[{"href":"https:\/\/www.kukakuunteleekoyhaa.fi\/wordpress\/wp-json\/wp\/v2\/types\/page"}],"author":[{"embeddable":true,"href":"https:\/\/www.kukakuunteleekoyhaa.fi\/wordpress\/wp-json\/wp\/v2\/users\/9"}],"replies":[{"embeddable":true,"href":"https:\/\/www.kukakuunteleekoyhaa.fi\/wordpress\/wp-json\/wp\/v2\/comments?post=2525"}],"version-history":[{"count":4,"href":"https:\/\/www.kukakuunteleekoyhaa.fi\/wordpress\/wp-json\/wp\/v2\/pages\/2525\/revisions"}],"predecessor-version":[{"id":2640,"href":"https:\/\/www.kukakuunteleekoyhaa.fi\/wordpress\/wp-json\/wp\/v2\/pages\/2525\/revisions\/2640"}],"wp:attachment":[{"href":"https:\/\/www.kukakuunteleekoyhaa.fi\/wordpress\/wp-json\/wp\/v2\/media?parent=2525"}],"curies":[{"name":"wp","href":"https:\/\/api.w.org\/{rel}","templated":true}]}}