{"id":2533,"date":"2019-11-27T15:16:32","date_gmt":"2019-11-27T13:16:32","guid":{"rendered":"http:\/\/www.kukakuunteleekoyhaa.fi\/wordpress\/?page_id=2533"},"modified":"2019-11-27T16:24:50","modified_gmt":"2019-11-27T14:24:50","slug":"ahistaako-koyhyys-vai-koyhdyttaako-ahistus","status":"publish","type":"page","link":"https:\/\/www.kukakuunteleekoyhaa.fi\/wordpress\/ahistaako-koyhyys-vai-koyhdyttaako-ahistus\/","title":{"rendered":"Ahistaako k\u00f6yhyys vai k\u00f6yhdytt\u00e4\u00e4k\u00f6 ahistus?"},"content":{"rendered":"\n<p>25.2.2014 klo 17- 19.45 Eduskunnan Pikkuparlamentissa<br>Arkadiankatu 3, Helsinki<br><br>Ohjelma <a target=\"_blank\" href=\"https:\/\/www.kukakuunteleekoyhaa.fi\/wordpress\/wp-content\/uploads\/2019\/11\/Ahistus-2014.pdf\">t\u00e4\u00e4ll\u00e4<\/a><br><br>Muistio tilaisuudesta <a target=\"_blank\" href=\"https:\/\/www.kukakuunteleekoyhaa.fi\/wordpress\/wp-content\/uploads\/2019\/11\/selostus_2014_02_25.pdf\">t\u00e4\u00e4ll\u00e4<\/a><\/p>\n","protected":false},"excerpt":{"rendered":"<p>25.2.2014 klo 17- 19.45 Eduskunnan PikkuparlamentissaArkadiankatu 3, Helsinki Ohjelma t\u00e4\u00e4ll\u00e4 Muistio tilaisuudesta t\u00e4\u00e4ll\u00e4<\/p>\n","protected":false},"author":9,"featured_media":0,"parent":0,"menu_order":0,"comment_status":"closed","ping_status":"closed","template":"","meta":{"spay_email":""},"jetpack_shortlink":"https:\/\/wp.me\/P8vRYp-ER","_links":{"self":[{"href":"https:\/\/www.kukakuunteleekoyhaa.fi\/wordpress\/wp-json\/wp\/v2\/pages\/2533"}],"collection":[{"href":"https:\/\/www.kukakuunteleekoyhaa.fi\/wordpress\/wp-json\/wp\/v2\/pages"}],"about":[{"href":"https:\/\/www.kukakuunteleekoyhaa.fi\/wordpress\/wp-json\/wp\/v2\/types\/page"}],"author":[{"embeddable":true,"href":"https:\/\/www.kukakuunteleekoyhaa.fi\/wordpress\/wp-json\/wp\/v2\/users\/9"}],"replies":[{"embeddable":true,"href":"https:\/\/www.kukakuunteleekoyhaa.fi\/wordpress\/wp-json\/wp\/v2\/comments?post=2533"}],"version-history":[{"count":4,"href":"https:\/\/www.kukakuunteleekoyhaa.fi\/wordpress\/wp-json\/wp\/v2\/pages\/2533\/revisions"}],"predecessor-version":[{"id":2641,"href":"https:\/\/www.kukakuunteleekoyhaa.fi\/wordpress\/wp-json\/wp\/v2\/pages\/2533\/revisions\/2641"}],"wp:attachment":[{"href":"https:\/\/www.kukakuunteleekoyhaa.fi\/wordpress\/wp-json\/wp\/v2\/media?parent=2533"}],"curies":[{"name":"wp","href":"https:\/\/api.w.org\/{rel}","templated":true}]}}