{"id":2542,"date":"2019-11-27T15:20:21","date_gmt":"2019-11-27T13:20:21","guid":{"rendered":"http:\/\/www.kukakuunteleekoyhaa.fi\/wordpress\/?page_id=2542"},"modified":"2019-11-27T16:25:15","modified_gmt":"2019-11-27T14:25:15","slug":"katiska-vai-turva-mita-toimeentulotuelle-pitaisi-tehda","status":"publish","type":"page","link":"https:\/\/www.kukakuunteleekoyhaa.fi\/wordpress\/katiska-vai-turva-mita-toimeentulotuelle-pitaisi-tehda\/","title":{"rendered":"Katiska vai turva\u2013 mit\u00e4 toimeentulotuelle pit\u00e4isi tehd\u00e4?"},"content":{"rendered":"\n<p>Tiistai 11.2.2014 klo 13.00\u201316.00<br><br>Eduskunta, Pikkuparlamentin Kansalaisinfo, Arkadiankatu 3<br><br>Seminaarin materiaalit:<br><br>Pekka Eloheimon <a target=\"_blank\" href=\"https:\/\/www.kukakuunteleekoyhaa.fi\/wordpress\/wp-content\/uploads\/2019\/11\/Pekka_Eloheimo_11022014.pdf\">esitys<\/a><br><br>Heikki Hiilamon <a target=\"_blank\" href=\"https:\/\/www.kukakuunteleekoyhaa.fi\/wordpress\/wp-content\/uploads\/2019\/11\/Heikki_Hiilamo_Toimeentulotuki-11022014.pdf\">esitys<\/a><br><br>Pasi Moision <a target=\"_blank\" href=\"https:\/\/www.kukakuunteleekoyhaa.fi\/wordpress\/wp-content\/uploads\/2019\/11\/Toimeentulotuen-ja-asumistuen-yhteys-11022014.pdf\">esitys<\/a><br><br>Kansanedustajien <a target=\"_blank\" href=\"https:\/\/www.kukakuunteleekoyhaa.fi\/wordpress\/wp-content\/uploads\/2019\/11\/Kansanedustajien_puheenvuorot-1.pdf\">puheenvuorot<\/a><\/p>\n","protected":false},"excerpt":{"rendered":"<p>Tiistai 11.2.2014 klo 13.00\u201316.00 Eduskunta, Pikkuparlamentin Kansalaisinfo, Arkadiankatu 3 Seminaarin materiaalit: Pekka Eloheimon esitys Heikki Hiilamon esitys Pasi Moision esitys Kansanedustajien puheenvuorot<\/p>\n","protected":false},"author":9,"featured_media":0,"parent":0,"menu_order":0,"comment_status":"closed","ping_status":"closed","template":"","meta":{"spay_email":""},"jetpack_shortlink":"https:\/\/wp.me\/P8vRYp-F0","_links":{"self":[{"href":"https:\/\/www.kukakuunteleekoyhaa.fi\/wordpress\/wp-json\/wp\/v2\/pages\/2542"}],"collection":[{"href":"https:\/\/www.kukakuunteleekoyhaa.fi\/wordpress\/wp-json\/wp\/v2\/pages"}],"about":[{"href":"https:\/\/www.kukakuunteleekoyhaa.fi\/wordpress\/wp-json\/wp\/v2\/types\/page"}],"author":[{"embeddable":true,"href":"https:\/\/www.kukakuunteleekoyhaa.fi\/wordpress\/wp-json\/wp\/v2\/users\/9"}],"replies":[{"embeddable":true,"href":"https:\/\/www.kukakuunteleekoyhaa.fi\/wordpress\/wp-json\/wp\/v2\/comments?post=2542"}],"version-history":[{"count":7,"href":"https:\/\/www.kukakuunteleekoyhaa.fi\/wordpress\/wp-json\/wp\/v2\/pages\/2542\/revisions"}],"predecessor-version":[{"id":2642,"href":"https:\/\/www.kukakuunteleekoyhaa.fi\/wordpress\/wp-json\/wp\/v2\/pages\/2542\/revisions\/2642"}],"wp:attachment":[{"href":"https:\/\/www.kukakuunteleekoyhaa.fi\/wordpress\/wp-json\/wp\/v2\/media?parent=2542"}],"curies":[{"name":"wp","href":"https:\/\/api.w.org\/{rel}","templated":true}]}}