{"id":2557,"date":"2019-11-27T15:26:40","date_gmt":"2019-11-27T13:26:40","guid":{"rendered":"http:\/\/www.kukakuunteleekoyhaa.fi\/wordpress\/?page_id=2557"},"modified":"2019-11-27T16:25:57","modified_gmt":"2019-11-27T14:25:57","slug":"omax-vai-velax-nuoret-ja-talous","status":"publish","type":"page","link":"https:\/\/www.kukakuunteleekoyhaa.fi\/wordpress\/omax-vai-velax-nuoret-ja-talous\/","title":{"rendered":"Omax vai Velax? Nuoret ja talous"},"content":{"rendered":"\n<p>26.11.2013 klo.16.30\u201319.00 Eurooppa-sali, Malminkatu 16 (Voimatalon katutaso)<br><br>Ohjelma<a target=\"_blank\" href=\"https:\/\/www.kukakuunteleekoyhaa.fi\/wordpress\/wp-content\/uploads\/2019\/11\/omax_vai_velax-1.pdf\"> t\u00e4\u00e4ll\u00e4 <\/a><br><br>Tilaisuuden muistio <a target=\"_blank\" href=\"https:\/\/www.kukakuunteleekoyhaa.fi\/wordpress\/wp-content\/uploads\/2019\/11\/Omax_vai_velax_muistio.pdf\">t\u00e4\u00e4ll\u00e4<\/a><\/p>\n","protected":false},"excerpt":{"rendered":"<p>26.11.2013 klo.16.30\u201319.00 Eurooppa-sali, Malminkatu 16 (Voimatalon katutaso) Ohjelma t\u00e4\u00e4ll\u00e4 Tilaisuuden muistio t\u00e4\u00e4ll\u00e4<\/p>\n","protected":false},"author":9,"featured_media":0,"parent":0,"menu_order":0,"comment_status":"closed","ping_status":"closed","template":"","meta":{"spay_email":""},"jetpack_shortlink":"https:\/\/wp.me\/P8vRYp-Ff","_links":{"self":[{"href":"https:\/\/www.kukakuunteleekoyhaa.fi\/wordpress\/wp-json\/wp\/v2\/pages\/2557"}],"collection":[{"href":"https:\/\/www.kukakuunteleekoyhaa.fi\/wordpress\/wp-json\/wp\/v2\/pages"}],"about":[{"href":"https:\/\/www.kukakuunteleekoyhaa.fi\/wordpress\/wp-json\/wp\/v2\/types\/page"}],"author":[{"embeddable":true,"href":"https:\/\/www.kukakuunteleekoyhaa.fi\/wordpress\/wp-json\/wp\/v2\/users\/9"}],"replies":[{"embeddable":true,"href":"https:\/\/www.kukakuunteleekoyhaa.fi\/wordpress\/wp-json\/wp\/v2\/comments?post=2557"}],"version-history":[{"count":4,"href":"https:\/\/www.kukakuunteleekoyhaa.fi\/wordpress\/wp-json\/wp\/v2\/pages\/2557\/revisions"}],"predecessor-version":[{"id":2643,"href":"https:\/\/www.kukakuunteleekoyhaa.fi\/wordpress\/wp-json\/wp\/v2\/pages\/2557\/revisions\/2643"}],"wp:attachment":[{"href":"https:\/\/www.kukakuunteleekoyhaa.fi\/wordpress\/wp-json\/wp\/v2\/media?parent=2557"}],"curies":[{"name":"wp","href":"https:\/\/api.w.org\/{rel}","templated":true}]}}