{"id":2565,"date":"2019-11-27T15:31:15","date_gmt":"2019-11-27T13:31:15","guid":{"rendered":"http:\/\/www.kukakuunteleekoyhaa.fi\/wordpress\/?page_id=2565"},"modified":"2019-11-27T16:26:25","modified_gmt":"2019-11-27T14:26:25","slug":"tyollisyys-terveys-ja-hyvinvointi-paltamon-tyollistamismallin-vaikutusten-arviointitutkimus-2009-2013-paatosseminaari","status":"publish","type":"page","link":"https:\/\/www.kukakuunteleekoyhaa.fi\/wordpress\/tyollisyys-terveys-ja-hyvinvointi-paltamon-tyollistamismallin-vaikutusten-arviointitutkimus-2009-2013-paatosseminaari\/","title":{"rendered":"Ty\u00f6llisyys, terveys ja hyvinvointi &#8211; Paltamon ty\u00f6llist\u00e4mismallin vaikutusten arviointitutkimus 2009-2013 P\u00e4\u00e4t\u00f6sseminaari"},"content":{"rendered":"\n<p>26.11.2013 Helsingin ty\u00f6v\u00e4enopiston juhlasali, Opistotalo, Helsinginkatu 26<br><br>8.30-9.00 Ilmoittautuminen ja kahvi<br>Aamup\u00e4iv\u00e4n puheenjohtaja, ylijohtaja Marja Vaarama, Terveyden ja hyvinvoinnin laitos<br><br>9.00-9.15 Avaussanat: P\u00e4\u00e4johtaja Pekka Puska, THL<br><br>9.15-9.25 Ministerin tervehdys: Sosiaali- ja terveysministeri Paula Risikko, STM<br><br>9.25-9.45 Ty\u00f6 parasta sosiaaliturvaa? Tutkija Jouko Karjalainen, THL, alustaa aiheesta<br><br>9.45-9.50 Paltamo-kokeilussa tuotettu nuorten video<br><br>9.50-10.25 Paltamo-kokeilun esittely sek\u00e4 toiminnan itsearviointia: Toiminnanjohtaja Anne Huotari, Paltamon ty\u00f6voimayhdistys ry ja kunnanjohtaja Arto Laurikainen, Paltamon kunta<br><br>10.25-10.45 Arviointitutkimuksen tausta ja toteutus: Tutkimusprofessori Seppo Koskinen, THL<br><br>10.45-11.30 Kuntoutus, terveys ja hyvinvointi Paltamo-kokeilussa: Tutkijat Riitta-Liisa Kokko ja Tuija Martelin, THL, esittelev\u00e4t arviointitutkimuksen tuloksia, keskustelua<br><br>11.30-12.30 Lounas (omakustanteinen)<br>Iltap\u00e4iv\u00e4n puheenjohtaja, johtaja Kari Ilmonen, Sosiaali- ja terveysministeri\u00f6<br><br>12.30-13.15 Taloudellinen vaikuttavuus ja kannustavuus Paltamo-kokeilussa: Tutkijat Kari H\u00e4m\u00e4l\u00e4inen, Valtion taloudellinen tutkimuskeskus ja Katri Hannikainen-Ingman\/Jouko Karjalainen, THL, esittelev\u00e4t arviointitutkimuksen tuloksia, keskustelua <br><br>13.15-13.45 Eri ik\u00e4isten kokemuksia Paltamo-kokeilusta: Tutkijat Minna Ylik\u00e4nn\u00f6, Kela; Riitta-Liisa Kokko, THL; Asko Suikkanen, Lapin yliopisto, esittelev\u00e4t arviointitutkimuksen tuloksia, keskustelua <br><br>13.45-14.00 Paltamo-kokeilun prosessiarviointia: THL:n tutkija esittelee arviointitutkimuksen tuloksia, keskustelua <br><br>14.00-14.30 Kahvi<br><br>14.30-14.45 Arviointitutkimuksen johtop\u00e4\u00e4t\u00f6kset Paltamo-kokeilusta: Tutkimusprofessori Seppo Koskinen, THL, keskustelua<br><br>14.45-15.45 Paneelikeskustelu ja p\u00e4\u00e4t\u00f6ssanat: Mit\u00e4 Paltamo-kokeilusta kannattaisi juurruttaa pysyviksi k\u00e4yt\u00e4nn\u00f6iksi? Kari Ilmonen STM johtaa, mukana mm. Olli Kangas (tutkimus-johtaja, professori, KELA), Marja Vaarama (ylijohtaja, THL), Ismo Linnosmaa (tutkimus-professori, THL), Lea Karjalainen (puheenjohtaja, Ty\u00f6tt\u00f6mien Valtakunnallinen Yhteis-toimintaj\u00e4rjest\u00f6) sek\u00e4 Arto Laurikainen (kunnanjohtaja, Paltamon kunta)<br><br>Lis\u00e4tietoja: <a target=\"_blank\" href=\"https:\/\/thl.fi\/fi\/tutkimus-ja-kehittaminen\/tutkimukset-ja-hankkeet\/tyollisyys-terveys-ja-hyvinvointi-paltamossa-tyota-kaikille-tyollistamiskokeilun-pitkan-aikavalin-vaikutusten-arviointi\">www.thl.fi\/paltamo<\/a><\/p>\n","protected":false},"excerpt":{"rendered":"<p>26.11.2013 Helsingin ty\u00f6v\u00e4enopiston juhlasali, Opistotalo, Helsinginkatu 26 8.30-9.00 Ilmoittautuminen ja kahviAamup\u00e4iv\u00e4n puheenjohtaja, ylijohtaja Marja Vaarama, Terveyden ja hyvinvoinnin laitos 9.00-9.15 Avaussanat: P\u00e4\u00e4johtaja Pekka Puska, THL 9.15-9.25 Ministerin tervehdys: Sosiaali- ja terveysministeri Paula Risikko, STM 9.25-9.45 Ty\u00f6 parasta sosiaaliturvaa? Tutkija Jouko<span class=\"ellipsis\">&hellip;<\/span><\/p>\n<div class=\"read-more\"><a href=\"https:\/\/www.kukakuunteleekoyhaa.fi\/wordpress\/tyollisyys-terveys-ja-hyvinvointi-paltamon-tyollistamismallin-vaikutusten-arviointitutkimus-2009-2013-paatosseminaari\/\">Lue lis\u00e4\u00e4 \u203a<\/a><\/div>\n<p><!-- end of .read-more --><\/p>\n","protected":false},"author":9,"featured_media":0,"parent":0,"menu_order":0,"comment_status":"closed","ping_status":"closed","template":"","meta":{"spay_email":""},"jetpack_shortlink":"https:\/\/wp.me\/P8vRYp-Fn","_links":{"self":[{"href":"https:\/\/www.kukakuunteleekoyhaa.fi\/wordpress\/wp-json\/wp\/v2\/pages\/2565"}],"collection":[{"href":"https:\/\/www.kukakuunteleekoyhaa.fi\/wordpress\/wp-json\/wp\/v2\/pages"}],"about":[{"href":"https:\/\/www.kukakuunteleekoyhaa.fi\/wordpress\/wp-json\/wp\/v2\/types\/page"}],"author":[{"embeddable":true,"href":"https:\/\/www.kukakuunteleekoyhaa.fi\/wordpress\/wp-json\/wp\/v2\/users\/9"}],"replies":[{"embeddable":true,"href":"https:\/\/www.kukakuunteleekoyhaa.fi\/wordpress\/wp-json\/wp\/v2\/comments?post=2565"}],"version-history":[{"count":2,"href":"https:\/\/www.kukakuunteleekoyhaa.fi\/wordpress\/wp-json\/wp\/v2\/pages\/2565\/revisions"}],"predecessor-version":[{"id":2644,"href":"https:\/\/www.kukakuunteleekoyhaa.fi\/wordpress\/wp-json\/wp\/v2\/pages\/2565\/revisions\/2644"}],"wp:attachment":[{"href":"https:\/\/www.kukakuunteleekoyhaa.fi\/wordpress\/wp-json\/wp\/v2\/media?parent=2565"}],"curies":[{"name":"wp","href":"https:\/\/api.w.org\/{rel}","templated":true}]}}