{"id":2569,"date":"2019-11-27T15:33:06","date_gmt":"2019-11-27T13:33:06","guid":{"rendered":"http:\/\/www.kukakuunteleekoyhaa.fi\/wordpress\/?page_id=2569"},"modified":"2019-11-27T16:26:49","modified_gmt":"2019-11-27T14:26:49","slug":"osallistava-sosiaaliturva-seminaari","status":"publish","type":"page","link":"https:\/\/www.kukakuunteleekoyhaa.fi\/wordpress\/osallistava-sosiaaliturva-seminaari\/","title":{"rendered":"Osallistava sosiaaliturva-seminaari"},"content":{"rendered":"\n<p>25.10.2013 klo 13.30-16.00 Kansalaisinfo, Arkadiankatu 3, Helsinki. <br><br>Ohjelma <a target=\"_blank\" href=\"https:\/\/www.kukakuunteleekoyhaa.fi\/wordpress\/wp-content\/uploads\/2019\/11\/osallistava_sosiaaliturva.pdf\">t\u00e4\u00e4ll\u00e4<\/a><br><br>Antti Parpon materiaali <a target=\"_blank\" href=\"https:\/\/www.kukakuunteleekoyhaa.fi\/wordpress\/wp-content\/uploads\/2019\/11\/Osallistavasosiaaliturva_25102013-1.pdf\">t\u00e4\u00e4ll\u00e4<\/a><br><br>Juhana Vartiaisen materiaali <a target=\"_blank\" href=\"https:\/\/www.kukakuunteleekoyhaa.fi\/wordpress\/wp-content\/uploads\/2019\/11\/Eduskunta_osallistava_sosturva-1.pdf\">t\u00e4\u00e4ll\u00e4<\/a><\/p>\n","protected":false},"excerpt":{"rendered":"<p>25.10.2013 klo 13.30-16.00 Kansalaisinfo, Arkadiankatu 3, Helsinki. Ohjelma t\u00e4\u00e4ll\u00e4 Antti Parpon materiaali t\u00e4\u00e4ll\u00e4 Juhana Vartiaisen materiaali t\u00e4\u00e4ll\u00e4<\/p>\n","protected":false},"author":9,"featured_media":0,"parent":0,"menu_order":0,"comment_status":"closed","ping_status":"closed","template":"","meta":{"spay_email":""},"jetpack_shortlink":"https:\/\/wp.me\/P8vRYp-Fr","_links":{"self":[{"href":"https:\/\/www.kukakuunteleekoyhaa.fi\/wordpress\/wp-json\/wp\/v2\/pages\/2569"}],"collection":[{"href":"https:\/\/www.kukakuunteleekoyhaa.fi\/wordpress\/wp-json\/wp\/v2\/pages"}],"about":[{"href":"https:\/\/www.kukakuunteleekoyhaa.fi\/wordpress\/wp-json\/wp\/v2\/types\/page"}],"author":[{"embeddable":true,"href":"https:\/\/www.kukakuunteleekoyhaa.fi\/wordpress\/wp-json\/wp\/v2\/users\/9"}],"replies":[{"embeddable":true,"href":"https:\/\/www.kukakuunteleekoyhaa.fi\/wordpress\/wp-json\/wp\/v2\/comments?post=2569"}],"version-history":[{"count":5,"href":"https:\/\/www.kukakuunteleekoyhaa.fi\/wordpress\/wp-json\/wp\/v2\/pages\/2569\/revisions"}],"predecessor-version":[{"id":2645,"href":"https:\/\/www.kukakuunteleekoyhaa.fi\/wordpress\/wp-json\/wp\/v2\/pages\/2569\/revisions\/2645"}],"wp:attachment":[{"href":"https:\/\/www.kukakuunteleekoyhaa.fi\/wordpress\/wp-json\/wp\/v2\/media?parent=2569"}],"curies":[{"name":"wp","href":"https:\/\/api.w.org\/{rel}","templated":true}]}}