{"id":258,"date":"2018-04-08T16:55:23","date_gmt":"2018-04-08T13:55:23","guid":{"rendered":"http:\/\/www.kukakuunteleekoyhaa.fi\/wordpress\/?page_id=258"},"modified":"2020-09-18T09:39:05","modified_gmt":"2020-09-18T06:39:05","slug":"aluetoiminta","status":"publish","type":"page","link":"https:\/\/www.kukakuunteleekoyhaa.fi\/wordpress\/aluetoiminta\/","title":{"rendered":"Aluetoiminta"},"content":{"rendered":"<h4><strong>Lis\u00e4\u00e4 paikkakuntia tulee sivuillemme kun yhteisty\u00f6sopimuksia solmitaan lis\u00e4\u00e4.<\/strong><\/h4>\n\n\n<p>Jos sinulla on kysytt\u00e4v\u00e4\u00e4 tai olet kiinnostunut tulemaan mukaan niin ota yhteytt\u00e4 hankekoordinaattoriimme <strong>Arja Tyynel\u00e4\u00e4n<\/strong>!<\/p>\n\n\n\n<h5 id=\"mce_2\">Arja Tyynel\u00e4 <br>puh. 040 524 7537<br> arja.tyynela (at) 3kverkosto.fi <\/h5>\n\n\n\n<h2><\/h2>\n\n\n\n<p><strong>K\u00f6yh\u00e4n \u00e4\u00e4ni maakunnissa hanke tarjoaa hankkeen tapahtumapaikkakunnilla tukea:<\/strong><\/p>\n\n\n\n<ul><li>Viestint\u00e4tuki<\/li><li>Tapahtumatuki<\/li><li>Henkil\u00f6st\u00f6tuki<\/li><li>Muut tuet neuvotellaan tilanteiden mukaan.<\/li><\/ul>\n\n\n\n<p><\/p>\n\n\n\n<h2><\/h2>\n\n\n\n<p><\/p>\n","protected":false},"excerpt":{"rendered":"<p>Lis\u00e4\u00e4 paikkakuntia tulee sivuillemme kun yhteisty\u00f6sopimuksia solmitaan lis\u00e4\u00e4. Jos sinulla on kysytt\u00e4v\u00e4\u00e4 tai olet kiinnostunut tulemaan mukaan niin ota yhteytt\u00e4 hankekoordinaattoriimme Arja Tyynel\u00e4\u00e4n! Arja Tyynel\u00e4 puh. 040 524 7537 arja.tyynela (at) 3kverkosto.fi K\u00f6yh\u00e4n \u00e4\u00e4ni maakunnissa hanke tarjoaa hankkeen tapahtumapaikkakunnilla tukea:<span class=\"ellipsis\">&hellip;<\/span><\/p>\n<div class=\"read-more\"><a href=\"https:\/\/www.kukakuunteleekoyhaa.fi\/wordpress\/aluetoiminta\/\">Lue lis\u00e4\u00e4 \u203a<\/a><\/div>\n<p><!-- end of .read-more --><\/p>\n","protected":false},"author":5,"featured_media":0,"parent":0,"menu_order":0,"comment_status":"closed","ping_status":"closed","template":"","meta":{"spay_email":""},"jetpack_shortlink":"https:\/\/wp.me\/P8vRYp-4a","_links":{"self":[{"href":"https:\/\/www.kukakuunteleekoyhaa.fi\/wordpress\/wp-json\/wp\/v2\/pages\/258"}],"collection":[{"href":"https:\/\/www.kukakuunteleekoyhaa.fi\/wordpress\/wp-json\/wp\/v2\/pages"}],"about":[{"href":"https:\/\/www.kukakuunteleekoyhaa.fi\/wordpress\/wp-json\/wp\/v2\/types\/page"}],"author":[{"embeddable":true,"href":"https:\/\/www.kukakuunteleekoyhaa.fi\/wordpress\/wp-json\/wp\/v2\/users\/5"}],"replies":[{"embeddable":true,"href":"https:\/\/www.kukakuunteleekoyhaa.fi\/wordpress\/wp-json\/wp\/v2\/comments?post=258"}],"version-history":[{"count":17,"href":"https:\/\/www.kukakuunteleekoyhaa.fi\/wordpress\/wp-json\/wp\/v2\/pages\/258\/revisions"}],"predecessor-version":[{"id":3857,"href":"https:\/\/www.kukakuunteleekoyhaa.fi\/wordpress\/wp-json\/wp\/v2\/pages\/258\/revisions\/3857"}],"wp:attachment":[{"href":"https:\/\/www.kukakuunteleekoyhaa.fi\/wordpress\/wp-json\/wp\/v2\/media?parent=258"}],"curies":[{"name":"wp","href":"https:\/\/api.w.org\/{rel}","templated":true}]}}