{"id":2585,"date":"2019-11-27T15:38:19","date_gmt":"2019-11-27T13:38:19","guid":{"rendered":"http:\/\/www.kukakuunteleekoyhaa.fi\/wordpress\/?page_id=2585"},"modified":"2019-11-27T16:27:24","modified_gmt":"2019-11-27T14:27:24","slug":"suuri-selviytymisilta","status":"publish","type":"page","link":"https:\/\/www.kukakuunteleekoyhaa.fi\/wordpress\/suuri-selviytymisilta\/","title":{"rendered":"Suuri Selviytymisilta"},"content":{"rendered":"\n<p>21.3.2013 Eduskunnan Pikkuparlamentissa Arkadiankatu 3, Helsinki<br><br>Ministeri Risikon esitys <a target=\"_blank\" href=\"https:\/\/www.kukakuunteleekoyhaa.fi\/wordpress\/wp-content\/uploads\/2019\/11\/3K_Risikko.pdf\">t\u00e4\u00e4ll\u00e4<\/a><br><br>Kari Lehtosen esitys <a target=\"_blank\" href=\"https:\/\/www.kukakuunteleekoyhaa.fi\/wordpress\/wp-content\/uploads\/2019\/11\/3K_Lehtonen.pdf\">t\u00e4\u00e4ll\u00e4<\/a><\/p>\n","protected":false},"excerpt":{"rendered":"<p>21.3.2013 Eduskunnan Pikkuparlamentissa Arkadiankatu 3, Helsinki Ministeri Risikon esitys t\u00e4\u00e4ll\u00e4 Kari Lehtosen esitys t\u00e4\u00e4ll\u00e4<\/p>\n","protected":false},"author":9,"featured_media":0,"parent":0,"menu_order":0,"comment_status":"closed","ping_status":"closed","template":"","meta":{"spay_email":""},"jetpack_shortlink":"https:\/\/wp.me\/P8vRYp-FH","_links":{"self":[{"href":"https:\/\/www.kukakuunteleekoyhaa.fi\/wordpress\/wp-json\/wp\/v2\/pages\/2585"}],"collection":[{"href":"https:\/\/www.kukakuunteleekoyhaa.fi\/wordpress\/wp-json\/wp\/v2\/pages"}],"about":[{"href":"https:\/\/www.kukakuunteleekoyhaa.fi\/wordpress\/wp-json\/wp\/v2\/types\/page"}],"author":[{"embeddable":true,"href":"https:\/\/www.kukakuunteleekoyhaa.fi\/wordpress\/wp-json\/wp\/v2\/users\/9"}],"replies":[{"embeddable":true,"href":"https:\/\/www.kukakuunteleekoyhaa.fi\/wordpress\/wp-json\/wp\/v2\/comments?post=2585"}],"version-history":[{"count":4,"href":"https:\/\/www.kukakuunteleekoyhaa.fi\/wordpress\/wp-json\/wp\/v2\/pages\/2585\/revisions"}],"predecessor-version":[{"id":2646,"href":"https:\/\/www.kukakuunteleekoyhaa.fi\/wordpress\/wp-json\/wp\/v2\/pages\/2585\/revisions\/2646"}],"wp:attachment":[{"href":"https:\/\/www.kukakuunteleekoyhaa.fi\/wordpress\/wp-json\/wp\/v2\/media?parent=2585"}],"curies":[{"name":"wp","href":"https:\/\/api.w.org\/{rel}","templated":true}]}}