{"id":26,"date":"2017-03-16T21:57:17","date_gmt":"2017-03-16T19:57:17","guid":{"rendered":"http:\/\/www.kukakuunteleekoyhaa.fi\/wordpress\/?page_id=26"},"modified":"2019-10-02T11:26:44","modified_gmt":"2019-10-02T08:26:44","slug":"ajankohtaista","status":"publish","type":"page","link":"https:\/\/www.kukakuunteleekoyhaa.fi\/wordpress\/ajankohtaista\/","title":{"rendered":"Ajankohtaista"},"content":{"rendered":"<div id=\"attachment_424\" style=\"width: 235px\" class=\"wp-caption alignright\"><img aria-describedby=\"caption-attachment-424\" data-attachment-id=\"424\" data-permalink=\"https:\/\/www.kukakuunteleekoyhaa.fi\/wordpress\/ajankohtaista\/keskustelutilaisuus-eduskunnan-kansalaisinfossa-3\/\" data-orig-file=\"https:\/\/www.kukakuunteleekoyhaa.fi\/wordpress\/wp-content\/uploads\/2018\/12\/Keskustelutilaisuus-eduskunnan-kansalaisinfossa-2.jpg\" data-orig-size=\"300,400\" data-comments-opened=\"0\" data-image-meta=\"{&quot;aperture&quot;:&quot;2.2&quot;,&quot;credit&quot;:&quot;&quot;,&quot;camera&quot;:&quot;iPhone SE&quot;,&quot;caption&quot;:&quot;&quot;,&quot;created_timestamp&quot;:&quot;1492619313&quot;,&quot;copyright&quot;:&quot;&quot;,&quot;focal_length&quot;:&quot;4.15&quot;,&quot;iso&quot;:&quot;64&quot;,&quot;shutter_speed&quot;:&quot;0.03030303030303&quot;,&quot;title&quot;:&quot;&quot;,&quot;orientation&quot;:&quot;0&quot;}\" data-image-title=\"Kuka kuuntelee k\u00f6yh\u00e4\u00e4? -keskustelutilaisuus eduskunnan kansalaisinfossa\" data-image-description=\"&lt;p&gt;Kuka kuuntelee k\u00f6yh\u00e4\u00e4? -keskustelutilaisuus eduskunnan kansalaisinfossa&lt;\/p&gt;\n\" data-image-caption=\"&lt;p&gt;Kuka kuuntelee k\u00f6yh\u00e4\u00e4? -keskustelutilaisuus eduskunnan kansalaisinfossa&lt;\/p&gt;\n\" data-medium-file=\"https:\/\/www.kukakuunteleekoyhaa.fi\/wordpress\/wp-content\/uploads\/2018\/12\/Keskustelutilaisuus-eduskunnan-kansalaisinfossa-2-225x300.jpg\" data-large-file=\"https:\/\/www.kukakuunteleekoyhaa.fi\/wordpress\/wp-content\/uploads\/2018\/12\/Keskustelutilaisuus-eduskunnan-kansalaisinfossa-2.jpg\" loading=\"lazy\" class=\"size-medium wp-image-424\" src=\"https:\/\/www.kukakuunteleekoyhaa.fi\/wordpress\/wp-content\/uploads\/2018\/12\/Keskustelutilaisuus-eduskunnan-kansalaisinfossa-2-225x300.jpg\" alt=\"Kuka kuuntelee k\u00f6yh\u00e4\u00e4? -keskustelutilaisuus eduskunnan kansalaisinfossa\" width=\"225\" height=\"300\" srcset=\"https:\/\/www.kukakuunteleekoyhaa.fi\/wordpress\/wp-content\/uploads\/2018\/12\/Keskustelutilaisuus-eduskunnan-kansalaisinfossa-2-225x300.jpg 225w, https:\/\/www.kukakuunteleekoyhaa.fi\/wordpress\/wp-content\/uploads\/2018\/12\/Keskustelutilaisuus-eduskunnan-kansalaisinfossa-2-100x133.jpg 100w, https:\/\/www.kukakuunteleekoyhaa.fi\/wordpress\/wp-content\/uploads\/2018\/12\/Keskustelutilaisuus-eduskunnan-kansalaisinfossa-2-150x200.jpg 150w, https:\/\/www.kukakuunteleekoyhaa.fi\/wordpress\/wp-content\/uploads\/2018\/12\/Keskustelutilaisuus-eduskunnan-kansalaisinfossa-2-200x267.jpg 200w, https:\/\/www.kukakuunteleekoyhaa.fi\/wordpress\/wp-content\/uploads\/2018\/12\/Keskustelutilaisuus-eduskunnan-kansalaisinfossa-2.jpg 300w\" sizes=\"(max-width: 225px) 100vw, 225px\" \/><p id=\"caption-attachment-424\" class=\"wp-caption-text\">Kuka kuuntelee k\u00f6yh\u00e4\u00e4? -keskustelutilaisuus eduskunnan kansalaisinfossa<\/p><\/div>\n<p><a href=\"https:\/\/www.kukakuunteleekoyhaa.fi\/wordpress\/2019\/04\/koyhyyskysely-pirkanmaan-kansanedustajaehdokkaille\/\">K\u00f6yhyyskysely Pirkanmaan kansanedustajaehdokkaille<\/a><\/p>\n<p><a href=\"https:\/\/www.kukakuunteleekoyhaa.fi\/wordpress\/wp-content\/uploads\/2018\/05\/K\u00f6yh\u00e4-julkisuudessa-kyselyn-kirje-vastaajille-2018-toukokuu.doc\">K\u00f6yh\u00e4 julkisuudessa kyselyn kirje vastaajille 2018 toukokuu<\/a><\/p>\n<p><a href=\"https:\/\/www.kukakuunteleekoyhaa.fi\/wordpress\/wp-content\/uploads\/2018\/05\/Mediakyselyn-saateteksti-j\u00e4lkikysely-toukokuu-2018.doc\">Mediakyselyn saateteksti j\u00e4lkikysely toukokuu 2018<\/a><\/p>\n<p><strong>K\u00f6yh\u00e4 julkisuudessa -kuulemistilaisuus\u00a0<\/strong><\/p>\n<p>18.4. klo 16.00-19.00 <strong>K\u00f6yh\u00e4 julkisuudessa,<\/strong> kokemus- ja erityisasiantuntijoiden kuulemistilaisuus Helsinki Etel\u00e4ranta 8<\/p>\n<p><a href=\"https:\/\/www.kukakuunteleekoyhaa.fi\/wordpress\/wp-content\/uploads\/2018\/04\/K\u00f6yh\u00e4-julkisuudessa-kuulemistilaisuus-huhtikuu-18-4-2018.pdf\">K\u00f6yh\u00e4 julkisuudessa kuulemistilaisuus huhtikuu 18 4 2018<\/a><\/p>\n<p><strong>\u00a0Kirottu perint\u00e4- ja ulosottobisnes.<\/strong><\/p>\n<p><a href=\"https:\/\/www.kukakuunteleekoyhaa.fi\/wordpress\/wp-content\/uploads\/2018\/04\/OHJELMA-Kirottu-perint\u00e4-ja-ulosottobisnes-Suomen-SOsiaalifoorumissa-2018.pdf\">OHJELMA Kirottu perint\u00e4- ja ulosottobisnes Suomen SOsiaalifoorumissa 2018<\/a><\/p>\n<p><strong>MUUTA AJANKOHTAISTA:<\/strong><\/p>\n<p><a href=\"https:\/\/www.kukakuunteleekoyhaa.fi\/wordpress\/wp-content\/uploads\/2018\/02\/KUKA-KUUNTELEE-K\u00d6YH\u00c4\u00c4-VERKOSTON-UUTISKIRJE-HELMIKUU-2018-tp.doc\">Kuka kuuntelee k\u00f6yh\u00e4\u00e4? verkoston uutiskirje helmikuu 2018<\/a><\/p>\n<p><a href=\"https:\/\/www.kukakuunteleekoyhaa.fi\/wordpress\/wp-content\/uploads\/2018\/02\/KUKA-KUUNTELEE-K\u00d6YH\u00c4\u00c4-VERKOSTON-JOULUTERVEHDYS-JA-HANKETIEDOTE-2017.pdf\">Kuka kuuntele k\u00f6yh\u00e4\u00e4? verkoston joulutervehdys ja hanketiedote joulukuu 2017 <\/a><\/p>\n<p><a href=\"https:\/\/www.kukakuunteleekoyhaa.fi\/wordpress\/wp-content\/uploads\/2017\/03\/KUKA-KUUNTELEE-K\u00d6YH\u00c4\u00c4-VERKOSTON-UUTISKIRJE-MARRASKUU-2017.pdf\" target=\"_blank\" rel=\"noopener\">Kuka kuuntelee k\u00f6yh\u00e4\u00e4 verkoston uutiskirje marraskuu 2017<\/a><\/p>\n<p><a href=\"https:\/\/www.kukakuunteleekoyhaa.fi\/wordpress\/wp-content\/uploads\/2017\/03\/K\u00f6yhyytt\u00e4_koko_viikko.pdf\" target=\"_blank\" rel=\"noopener\">K\u00f6yhyytt\u00e4 koko viikko<\/a><\/p>\n<p><a href=\"https:\/\/www.kukakuunteleekoyhaa.fi\/wordpress\/wp-content\/uploads\/2017\/03\/Pohdintaa-k\u00f6yhyydest\u00e4_2017.pdf\" target=\"_blank\" rel=\"noopener\">Pohdintaa k\u00f6yhyydest\u00e4 2017<\/a><\/p>\n<p><img loading=\"lazy\" class=\"wp-image-182 alignright\" src=\"https:\/\/www.kukakuunteleekoyhaa.fi\/wordpress\/wp-content\/uploads\/2018\/03\/STEA-logo-300x300.png\" alt=\"\" width=\"43\" height=\"43\" \/><\/p>\n","protected":false},"excerpt":{"rendered":"<p>K\u00f6yhyyskysely Pirkanmaan kansanedustajaehdokkaille K\u00f6yh\u00e4 julkisuudessa kyselyn kirje vastaajille 2018 toukokuu Mediakyselyn saateteksti j\u00e4lkikysely toukokuu 2018 K\u00f6yh\u00e4 julkisuudessa -kuulemistilaisuus\u00a0 18.4. klo 16.00-19.00 K\u00f6yh\u00e4 julkisuudessa, kokemus- ja erityisasiantuntijoiden kuulemistilaisuus Helsinki Etel\u00e4ranta 8 K\u00f6yh\u00e4 julkisuudessa kuulemistilaisuus huhtikuu 18 4 2018 \u00a0Kirottu perint\u00e4- ja<span class=\"ellipsis\">&hellip;<\/span><\/p>\n<div class=\"read-more\"><a href=\"https:\/\/www.kukakuunteleekoyhaa.fi\/wordpress\/ajankohtaista\/\">Lue lis\u00e4\u00e4 \u203a<\/a><\/div>\n<p><!-- end of .read-more --><\/p>\n","protected":false},"author":2,"featured_media":0,"parent":0,"menu_order":4,"comment_status":"closed","ping_status":"closed","template":"","meta":{"spay_email":""},"jetpack_shortlink":"https:\/\/wp.me\/P8vRYp-q","_links":{"self":[{"href":"https:\/\/www.kukakuunteleekoyhaa.fi\/wordpress\/wp-json\/wp\/v2\/pages\/26"}],"collection":[{"href":"https:\/\/www.kukakuunteleekoyhaa.fi\/wordpress\/wp-json\/wp\/v2\/pages"}],"about":[{"href":"https:\/\/www.kukakuunteleekoyhaa.fi\/wordpress\/wp-json\/wp\/v2\/types\/page"}],"author":[{"embeddable":true,"href":"https:\/\/www.kukakuunteleekoyhaa.fi\/wordpress\/wp-json\/wp\/v2\/users\/2"}],"replies":[{"embeddable":true,"href":"https:\/\/www.kukakuunteleekoyhaa.fi\/wordpress\/wp-json\/wp\/v2\/comments?post=26"}],"version-history":[{"count":30,"href":"https:\/\/www.kukakuunteleekoyhaa.fi\/wordpress\/wp-json\/wp\/v2\/pages\/26\/revisions"}],"predecessor-version":[{"id":1487,"href":"https:\/\/www.kukakuunteleekoyhaa.fi\/wordpress\/wp-json\/wp\/v2\/pages\/26\/revisions\/1487"}],"wp:attachment":[{"href":"https:\/\/www.kukakuunteleekoyhaa.fi\/wordpress\/wp-json\/wp\/v2\/media?parent=26"}],"curies":[{"name":"wp","href":"https:\/\/api.w.org\/{rel}","templated":true}]}}