{"id":2605,"date":"2019-11-27T16:06:13","date_gmt":"2019-11-27T14:06:13","guid":{"rendered":"http:\/\/www.kukakuunteleekoyhaa.fi\/wordpress\/?page_id=2605"},"modified":"2019-11-27T16:28:27","modified_gmt":"2019-11-27T14:28:27","slug":"kohtaako-sosiaalityo-koyhyyden-teemaseminaari","status":"publish","type":"page","link":"https:\/\/www.kukakuunteleekoyhaa.fi\/wordpress\/kohtaako-sosiaalityo-koyhyyden-teemaseminaari\/","title":{"rendered":"Kohtaako sosiaality\u00f6 k\u00f6yhyyden-teemaseminaari"},"content":{"rendered":"\n<p>Aika: 6.11.2012<br><br>Paikka: Eduskunnan pikkuparlamentti<br><br>Ohjelma l\u00f6ytyy <a target=\"_blank\" href=\"https:\/\/www.kukakuunteleekoyhaa.fi\/wordpress\/wp-content\/uploads\/2019\/11\/Teemaseminaari.pdf\">t\u00e4\u00e4lt\u00e4<\/a><\/p>\n","protected":false},"excerpt":{"rendered":"<p>Aika: 6.11.2012 Paikka: Eduskunnan pikkuparlamentti Ohjelma l\u00f6ytyy t\u00e4\u00e4lt\u00e4<\/p>\n","protected":false},"author":9,"featured_media":0,"parent":0,"menu_order":0,"comment_status":"closed","ping_status":"closed","template":"","meta":{"spay_email":""},"jetpack_shortlink":"https:\/\/wp.me\/P8vRYp-G1","_links":{"self":[{"href":"https:\/\/www.kukakuunteleekoyhaa.fi\/wordpress\/wp-json\/wp\/v2\/pages\/2605"}],"collection":[{"href":"https:\/\/www.kukakuunteleekoyhaa.fi\/wordpress\/wp-json\/wp\/v2\/pages"}],"about":[{"href":"https:\/\/www.kukakuunteleekoyhaa.fi\/wordpress\/wp-json\/wp\/v2\/types\/page"}],"author":[{"embeddable":true,"href":"https:\/\/www.kukakuunteleekoyhaa.fi\/wordpress\/wp-json\/wp\/v2\/users\/9"}],"replies":[{"embeddable":true,"href":"https:\/\/www.kukakuunteleekoyhaa.fi\/wordpress\/wp-json\/wp\/v2\/comments?post=2605"}],"version-history":[{"count":3,"href":"https:\/\/www.kukakuunteleekoyhaa.fi\/wordpress\/wp-json\/wp\/v2\/pages\/2605\/revisions"}],"predecessor-version":[{"id":2648,"href":"https:\/\/www.kukakuunteleekoyhaa.fi\/wordpress\/wp-json\/wp\/v2\/pages\/2605\/revisions\/2648"}],"wp:attachment":[{"href":"https:\/\/www.kukakuunteleekoyhaa.fi\/wordpress\/wp-json\/wp\/v2\/media?parent=2605"}],"curies":[{"name":"wp","href":"https:\/\/api.w.org\/{rel}","templated":true}]}}