{"id":2616,"date":"2019-11-27T16:12:08","date_gmt":"2019-11-27T14:12:08","guid":{"rendered":"http:\/\/www.kukakuunteleekoyhaa.fi\/wordpress\/?page_id=2616"},"modified":"2019-11-27T16:28:59","modified_gmt":"2019-11-27T14:28:59","slug":"kuka-kuuntelee-koyhaa-auttamisen-uudet-tuulet","status":"publish","type":"page","link":"https:\/\/www.kukakuunteleekoyhaa.fi\/wordpress\/kuka-kuuntelee-koyhaa-auttamisen-uudet-tuulet\/","title":{"rendered":"Kuka kuuntelee k\u00f6yh\u00e4\u00e4? Auttamisen uudet tuulet"},"content":{"rendered":"\n<p><a target=\"_blank\" href=\"https:\/\/www.kukakuunteleekoyhaa.fi\/wordpress\/wp-content\/uploads\/2019\/11\/010211-keskustelu.doc\">Kooste tilaisuudesta<\/a><\/p>\n\n\n\n<p>Aika: 1.2.2011 klo 17-20. Kahvit klo 16.30<\/p>\n\n\n\n<p>Paikka: Eduskunnan kansalaisinfo, Arkadiankatu 3, Helsinki<\/p>\n\n\n\n<p>Puheenjohtaja: Anna-Maria Isola<\/p>\n\n\n\n<p>Tilaisuuden keskustelua voi jatkaa J\u00e4lkipuinti -palstalla.<\/p>\n\n\n\n<p>17.00    Avaus<br>\nPietari J\u00e4\u00e4skel\u00e4inen, perussuomalaiset<br>\nKeskustelu<\/p>\n\n\n\n<p>V\u00e4l\u00e4hdyksi\u00e4 leip\u00e4jonosta<\/p>\n\n\n\n<p>17.40    K-Talk<br>\nKuinka k\u00f6yh\u00e4\u00e4 pit\u00e4\u00e4 olla, ett\u00e4 l\u00e4htee lasten kanssa v\u00e4h\u00e4osaisten joulujuhlaan?  Leip\u00e4jonot ja ruoka-apu.<\/p>\n\n\n\n<p>Paneeliin vet\u00e4\u00e4 Ulla Pesola (Kirkkopalvelut ry). Keskustelemassa Heikki Hursti (Laupeudenty\u00f6 ry), Sinikka Backman(Myllypuron yll\u00e4tysten tori), Minna Oikarinen (Helsingin sosiaalivirasto), Caj-Peter Liljestrand ja yleis\u00f6.<\/p>\n\n\n\n<p>18.30    K-talk<br>\nRAY:n k\u00e4denojennus v\u00e4h\u00e4osaisten auttajille? RAY:n avustuspolitiikka.<br>\nPaneelin vet\u00e4\u00e4 Jouko Karjalainen (THL). Keskustelemassa Mika Pyykk\u00f6 (RAY), Marja Eronen (Suomen reumaliitto ry), Pirkko Justander (Invalidiliitto ry)  ja yleis\u00f6.<\/p>\n\n\n\n<p>19.45    Tilaisuuden p\u00e4\u00e4t\u00f6s      <\/p>\n","protected":false},"excerpt":{"rendered":"<p>Kooste tilaisuudesta Aika: 1.2.2011 klo 17-20. Kahvit klo 16.30 Paikka: Eduskunnan kansalaisinfo, Arkadiankatu 3, Helsinki Puheenjohtaja: Anna-Maria Isola Tilaisuuden keskustelua voi jatkaa J\u00e4lkipuinti -palstalla. 17.00 Avaus Pietari J\u00e4\u00e4skel\u00e4inen, perussuomalaiset Keskustelu V\u00e4l\u00e4hdyksi\u00e4 leip\u00e4jonosta 17.40 K-Talk Kuinka k\u00f6yh\u00e4\u00e4 pit\u00e4\u00e4 olla, ett\u00e4 l\u00e4htee<span class=\"ellipsis\">&hellip;<\/span><\/p>\n<div class=\"read-more\"><a href=\"https:\/\/www.kukakuunteleekoyhaa.fi\/wordpress\/kuka-kuuntelee-koyhaa-auttamisen-uudet-tuulet\/\">Lue lis\u00e4\u00e4 \u203a<\/a><\/div>\n<p><!-- end of .read-more --><\/p>\n","protected":false},"author":9,"featured_media":0,"parent":0,"menu_order":0,"comment_status":"closed","ping_status":"closed","template":"","meta":{"spay_email":""},"jetpack_shortlink":"https:\/\/wp.me\/P8vRYp-Gc","_links":{"self":[{"href":"https:\/\/www.kukakuunteleekoyhaa.fi\/wordpress\/wp-json\/wp\/v2\/pages\/2616"}],"collection":[{"href":"https:\/\/www.kukakuunteleekoyhaa.fi\/wordpress\/wp-json\/wp\/v2\/pages"}],"about":[{"href":"https:\/\/www.kukakuunteleekoyhaa.fi\/wordpress\/wp-json\/wp\/v2\/types\/page"}],"author":[{"embeddable":true,"href":"https:\/\/www.kukakuunteleekoyhaa.fi\/wordpress\/wp-json\/wp\/v2\/users\/9"}],"replies":[{"embeddable":true,"href":"https:\/\/www.kukakuunteleekoyhaa.fi\/wordpress\/wp-json\/wp\/v2\/comments?post=2616"}],"version-history":[{"count":3,"href":"https:\/\/www.kukakuunteleekoyhaa.fi\/wordpress\/wp-json\/wp\/v2\/pages\/2616\/revisions"}],"predecessor-version":[{"id":2649,"href":"https:\/\/www.kukakuunteleekoyhaa.fi\/wordpress\/wp-json\/wp\/v2\/pages\/2616\/revisions\/2649"}],"wp:attachment":[{"href":"https:\/\/www.kukakuunteleekoyhaa.fi\/wordpress\/wp-json\/wp\/v2\/media?parent=2616"}],"curies":[{"name":"wp","href":"https:\/\/api.w.org\/{rel}","templated":true}]}}