{"id":3032,"date":"2020-01-23T11:58:57","date_gmt":"2020-01-23T09:58:57","guid":{"rendered":"http:\/\/www.kukakuunteleekoyhaa.fi\/wordpress\/?page_id=3032"},"modified":"2020-03-20T20:44:04","modified_gmt":"2020-03-20T18:44:04","slug":"forssa-jokioinen","status":"publish","type":"page","link":"https:\/\/www.kukakuunteleekoyhaa.fi\/wordpress\/forssa-jokioinen\/","title":{"rendered":"Forssa \/ Jokioinen"},"content":{"rendered":"\n<h4>Kuka kuuntelee k\u00f6yh\u00e4\u00e4? ty\u00f6paja tapahtuma j\u00e4rjestet\u00e4\u00e4n Forssan kaupungintalolla 21.4.2020 kello 17-20.&nbsp; Ajatuksena on paneelin sijasta pit\u00e4\u00e4 ty\u00f6paja, jossa kokemusasiantuntijat ja p\u00e4\u00e4tt\u00e4j\u00e4t istuvat ty\u00f6ryhmiss\u00e4 ja miettiv\u00e4t eriarvoisuutta. Lis\u00e4\u00e4 tietoa l\u00e4hemp\u00e4n\u00e4.<\/h4>\n\n\n\n<h4>Tilaisuus on siirretty pidett\u00e4v\u00e4ksi my\u00f6hemmin ilmoitettavana ajankohtana.<\/h4>\n\n\n\n<p>Yhteyshenkil\u00f6 hankekoordinaattori Arja Tyynel\u00e4&nbsp; p. 040 524 7537 arja.tyynela(at)3kverkosto.fi&nbsp;<\/p>\n\n\n\n<p><\/p>\n\n\n\n<figure class=\"wp-block-image\"><img data-attachment-id=\"3123\" data-permalink=\"https:\/\/www.kukakuunteleekoyhaa.fi\/wordpress\/forssa-jokioinen\/think-big\/\" data-orig-file=\"https:\/\/www.kukakuunteleekoyhaa.fi\/wordpress\/wp-content\/uploads\/2020\/01\/think-big.jpg\" data-orig-size=\"640,439\" data-comments-opened=\"0\" data-image-meta=\"{&quot;aperture&quot;:&quot;0&quot;,&quot;credit&quot;:&quot;&quot;,&quot;camera&quot;:&quot;&quot;,&quot;caption&quot;:&quot;&quot;,&quot;created_timestamp&quot;:&quot;0&quot;,&quot;copyright&quot;:&quot;&quot;,&quot;focal_length&quot;:&quot;0&quot;,&quot;iso&quot;:&quot;0&quot;,&quot;shutter_speed&quot;:&quot;0&quot;,&quot;title&quot;:&quot;&quot;,&quot;orientation&quot;:&quot;0&quot;}\" data-image-title=\"think big\" data-image-description=\"&lt;p&gt;Liitutaululla teksti Think Big&lt;\/p&gt;\n\" data-image-caption=\"&lt;p&gt;Liitutaululla teksti Think Big&lt;\/p&gt;\n\" data-medium-file=\"https:\/\/www.kukakuunteleekoyhaa.fi\/wordpress\/wp-content\/uploads\/2020\/01\/think-big-300x206.jpg\" data-large-file=\"https:\/\/www.kukakuunteleekoyhaa.fi\/wordpress\/wp-content\/uploads\/2020\/01\/think-big.jpg\" loading=\"lazy\" width=\"640\" height=\"439\" src=\"https:\/\/www.kukakuunteleekoyhaa.fi\/wordpress\/wp-content\/uploads\/2020\/01\/think-big.jpg\" alt=\"Liitutaululla teksti Think Big\" class=\"wp-image-3123\" srcset=\"https:\/\/www.kukakuunteleekoyhaa.fi\/wordpress\/wp-content\/uploads\/2020\/01\/think-big.jpg 640w, https:\/\/www.kukakuunteleekoyhaa.fi\/wordpress\/wp-content\/uploads\/2020\/01\/think-big-300x206.jpg 300w, https:\/\/www.kukakuunteleekoyhaa.fi\/wordpress\/wp-content\/uploads\/2020\/01\/think-big-100x69.jpg 100w, https:\/\/www.kukakuunteleekoyhaa.fi\/wordpress\/wp-content\/uploads\/2020\/01\/think-big-150x103.jpg 150w, https:\/\/www.kukakuunteleekoyhaa.fi\/wordpress\/wp-content\/uploads\/2020\/01\/think-big-200x137.jpg 200w, https:\/\/www.kukakuunteleekoyhaa.fi\/wordpress\/wp-content\/uploads\/2020\/01\/think-big-450x309.jpg 450w, https:\/\/www.kukakuunteleekoyhaa.fi\/wordpress\/wp-content\/uploads\/2020\/01\/think-big-600x412.jpg 600w\" sizes=\"(max-width: 640px) 100vw, 640px\" \/><figcaption>Liitutaululla teksti Think Big<\/figcaption><\/figure>\n","protected":false},"excerpt":{"rendered":"<p>Kuka kuuntelee k\u00f6yh\u00e4\u00e4? ty\u00f6paja tapahtuma j\u00e4rjestet\u00e4\u00e4n Forssan kaupungintalolla 21.4.2020 kello 17-20.&nbsp; Ajatuksena on paneelin sijasta pit\u00e4\u00e4 ty\u00f6paja, jossa kokemusasiantuntijat ja p\u00e4\u00e4tt\u00e4j\u00e4t istuvat ty\u00f6ryhmiss\u00e4 ja miettiv\u00e4t eriarvoisuutta. Lis\u00e4\u00e4 tietoa l\u00e4hemp\u00e4n\u00e4. Tilaisuus on siirretty pidett\u00e4v\u00e4ksi my\u00f6hemmin ilmoitettavana ajankohtana. Yhteyshenkil\u00f6 hankekoordinaattori Arja Tyynel\u00e4&nbsp;<span class=\"ellipsis\">&hellip;<\/span><\/p>\n<div class=\"read-more\"><a href=\"https:\/\/www.kukakuunteleekoyhaa.fi\/wordpress\/forssa-jokioinen\/\">Lue lis\u00e4\u00e4 \u203a<\/a><\/div>\n<p><!-- end of .read-more --><\/p>\n","protected":false},"author":9,"featured_media":0,"parent":0,"menu_order":0,"comment_status":"closed","ping_status":"closed","template":"","meta":{"spay_email":""},"jetpack_shortlink":"https:\/\/wp.me\/P8vRYp-MU","_links":{"self":[{"href":"https:\/\/www.kukakuunteleekoyhaa.fi\/wordpress\/wp-json\/wp\/v2\/pages\/3032"}],"collection":[{"href":"https:\/\/www.kukakuunteleekoyhaa.fi\/wordpress\/wp-json\/wp\/v2\/pages"}],"about":[{"href":"https:\/\/www.kukakuunteleekoyhaa.fi\/wordpress\/wp-json\/wp\/v2\/types\/page"}],"author":[{"embeddable":true,"href":"https:\/\/www.kukakuunteleekoyhaa.fi\/wordpress\/wp-json\/wp\/v2\/users\/9"}],"replies":[{"embeddable":true,"href":"https:\/\/www.kukakuunteleekoyhaa.fi\/wordpress\/wp-json\/wp\/v2\/comments?post=3032"}],"version-history":[{"count":11,"href":"https:\/\/www.kukakuunteleekoyhaa.fi\/wordpress\/wp-json\/wp\/v2\/pages\/3032\/revisions"}],"predecessor-version":[{"id":3378,"href":"https:\/\/www.kukakuunteleekoyhaa.fi\/wordpress\/wp-json\/wp\/v2\/pages\/3032\/revisions\/3378"}],"wp:attachment":[{"href":"https:\/\/www.kukakuunteleekoyhaa.fi\/wordpress\/wp-json\/wp\/v2\/media?parent=3032"}],"curies":[{"name":"wp","href":"https:\/\/api.w.org\/{rel}","templated":true}]}}