{"id":314,"date":"2019-05-07T15:27:59","date_gmt":"2019-05-07T12:27:59","guid":{"rendered":"http:\/\/www.kukakuunteleekoyhaa.fi\/wordpress\/?page_id=314"},"modified":"2020-06-25T16:07:27","modified_gmt":"2020-06-25T13:07:27","slug":"hameenlinna","status":"publish","type":"page","link":"https:\/\/www.kukakuunteleekoyhaa.fi\/wordpress\/hameenlinna\/","title":{"rendered":"H\u00e4meenlinna"},"content":{"rendered":"<h4>Asumisen Varjot H\u00e4meenlinnassa<\/h4>\n<p>Asumisen Varjot H\u00e4meenlinnassa -keskustelutilaisuus ti 15.10.2019 klo 17.30 -19.30, Poltinahon Seurakuntatalo (Turuntie 34, 13130 H\u00e4meenlinna). Keskustelun kuljettajana ja paneelin vet\u00e4j\u00e4n\u00e4 toimii tutkija Robert Arnkil. P\u00e4\u00e4tt\u00e4j\u00e4paneelin j\u00e4senin\u00e4 ovat H\u00e4meenlinnan kaupungilta apulaiskaupunginjohtaja Juha Isosuo ja sosiaali- ja terveysjohtaja Jukka Lindberg, H\u00e4meenlinnan Asunnot OY:n toimitusjohtaja Tuukka Tuomala, kansanedustaja Lulu Ranne ja KELA:n edustaja.<\/p>\n<p><a href=\"https:\/\/www.kukakuunteleekoyhaa.fi\/wordpress\/wp-content\/uploads\/2019\/10\/3K-keskustelu-HML-15102019.pdf\">T\u00e4st\u00e4 voit avata tilaisuuden mainoksen pdf muodossa.<\/a><\/p>\n<p>Yhteyshenkil\u00f6n\u00e4 aluekoordinaattori Katariina Baker<br>katariina.baker(at)3kverkosto.fi<\/p>\n\n\n<h4>&nbsp;MUISTIO 15.10.2019 Asumisen varjot -keskustelutilaisuudesta<\/h4>\n\n\n\n<p><br>Etsittiin yhdess\u00e4 ratkaisuja asunnottomuuteen k\u00e4ytt\u00e4m\u00e4ll\u00e4 keskustelussa luovasti &#8221;Bonon hattuja&#8221;, joka teoria perustuu Edward de Bonon kirjaan Kuusi ajatteluhattua.&nbsp;<\/p>\n\n\n\n<p>Keltainen hattu &#8211; optimistinen signaali: &nbsp; H\u00e4\u00e4d\u00f6n uhatessa toivottiin mm. ennakointia vuokranantajan puolelta, n\u00e4kyviss\u00e4 oleva ongelma on ratkaistava heti ja toivottiin 2 er\u00e4p\u00e4iv\u00e4\u00e4 vuokriin.<\/p>\n\n\n\n<p>Musta hattu&nbsp; &#8211; miten ja miksi kaikki menee pieleen: ongelmina mm. tuloerojen kasvu ja kasvava k\u00f6yhyys, el\u00e4m\u00e4nhallinnan ongelmat, elinkustannusten kasvu ja asumisen kalleus.<\/p>\n\n\n\n<p>Sininen hattu -k\u00e4\u00e4rit\u00e4\u00e4n hihat ja tehd\u00e4\u00e4n: unohdetaan byrokratia, prosessit toimiviksi ja asiakasl\u00e4ht\u00f6isiksi, autetaan ennakolta.<\/p>\n\n\n\n<p>Sek\u00e4 k\u00f6yhyytt\u00e4 kokeneet ett\u00e4 p\u00e4\u00e4tt\u00e4j\u00e4t halusivat kielt\u00e4\u00e4 pikavippifirmat, joista usein sy\u00f6ksykierre alkaa. Keskustelutilaisuus oli onnistunut ja p\u00e4\u00e4tt\u00e4j\u00e4t pohtivat aidosta ongelmiin ratkaisuja.<\/p>\n\n\n\n<figure class=\"wp-block-image\"><img data-attachment-id=\"2950\" data-permalink=\"https:\/\/www.kukakuunteleekoyhaa.fi\/wordpress\/hats-829509_640\/\" data-orig-file=\"https:\/\/www.kukakuunteleekoyhaa.fi\/wordpress\/wp-content\/uploads\/2020\/01\/hats-829509_640.jpg\" data-orig-size=\"640,426\" data-comments-opened=\"0\" data-image-meta=\"{&quot;aperture&quot;:&quot;0&quot;,&quot;credit&quot;:&quot;&quot;,&quot;camera&quot;:&quot;&quot;,&quot;caption&quot;:&quot;&quot;,&quot;created_timestamp&quot;:&quot;0&quot;,&quot;copyright&quot;:&quot;&quot;,&quot;focal_length&quot;:&quot;0&quot;,&quot;iso&quot;:&quot;0&quot;,&quot;shutter_speed&quot;:&quot;0&quot;,&quot;title&quot;:&quot;&quot;,&quot;orientation&quot;:&quot;0&quot;}\" data-image-title=\"mietint\u00e4myssyt\" data-image-description=\"&lt;p&gt;Kuka kuuntelee k\u00f6yh\u00e4\u00e4? Mietint\u00e4myssyt&lt;br \/&gt;\nKuvassa erilaisia hattuja&lt;\/p&gt;\n\" data-image-caption=\"&lt;p&gt;Kuka kuuntelee k\u00f6yh\u00e4\u00e4? Mietint\u00e4myssyt&lt;br \/&gt;\nKuvassa erilaisia hattuja&lt;\/p&gt;\n\" data-medium-file=\"https:\/\/www.kukakuunteleekoyhaa.fi\/wordpress\/wp-content\/uploads\/2020\/01\/hats-829509_640-300x200.jpg\" data-large-file=\"https:\/\/www.kukakuunteleekoyhaa.fi\/wordpress\/wp-content\/uploads\/2020\/01\/hats-829509_640.jpg\" loading=\"lazy\" width=\"640\" height=\"426\" src=\"https:\/\/www.kukakuunteleekoyhaa.fi\/wordpress\/wp-content\/uploads\/2020\/01\/hats-829509_640.jpg\" alt=\"Kuka kuuntelee k\u00f6yh\u00e4\u00e4? Mietint\u00e4myssyt\" class=\"wp-image-2950\" srcset=\"https:\/\/www.kukakuunteleekoyhaa.fi\/wordpress\/wp-content\/uploads\/2020\/01\/hats-829509_640.jpg 640w, https:\/\/www.kukakuunteleekoyhaa.fi\/wordpress\/wp-content\/uploads\/2020\/01\/hats-829509_640-300x200.jpg 300w, https:\/\/www.kukakuunteleekoyhaa.fi\/wordpress\/wp-content\/uploads\/2020\/01\/hats-829509_640-100x67.jpg 100w, https:\/\/www.kukakuunteleekoyhaa.fi\/wordpress\/wp-content\/uploads\/2020\/01\/hats-829509_640-150x100.jpg 150w, https:\/\/www.kukakuunteleekoyhaa.fi\/wordpress\/wp-content\/uploads\/2020\/01\/hats-829509_640-200x133.jpg 200w, https:\/\/www.kukakuunteleekoyhaa.fi\/wordpress\/wp-content\/uploads\/2020\/01\/hats-829509_640-450x300.jpg 450w, https:\/\/www.kukakuunteleekoyhaa.fi\/wordpress\/wp-content\/uploads\/2020\/01\/hats-829509_640-600x399.jpg 600w\" sizes=\"(max-width: 640px) 100vw, 640px\" \/><figcaption>Kuka kuuntelee k\u00f6yh\u00e4\u00e4? Mietint\u00e4myssyt  \nKuvassa erilaisia hattuja<\/figcaption><\/figure>\n\n\n\n<h4>MUISTIO 18.4.2019 H\u00e4meenlinnassa pidetyst\u00e4 Kuka kuuntelee k\u00f6yh\u00e4\u00e4? -keskustelutilaisuudesta &#8221;Suomi on maailman onnellisin maa&#8221;<\/h4>\n\n\n\n<p>H\u00e4meenlinnan seurakunnan diakoni Timo Heikka toivotti tervetulleeksi moderaattorina toimineen k\u00f6yhyystutkija Minna Kivipellon, joka alusti paneelikeskustelun: Suomea on kutsuttu maailman onnellisimmaksi maaksi, kuitenkin, siit\u00e4 onnellisuudesta eiv\u00e4t p\u00e4\u00e4se osallisiksi kaikki suomalaiset. Tilaisuuden tavoitteena oli saada k\u00f6yh\u00e4n \u00e4\u00e4ni kuuluviin H\u00e4meess\u00e4.<\/p>\n\n\n\n<p>Yleis\u00f6\u00e4 oli paikalla runsaasti; 51 henke\u00e4 + panelistit. Erikoisasiantuntijapaneelissa olivat keskustelemassa: yritt\u00e4j\u00e4 ja kansanedustajaehdokas, Tiina Edelman, Hartola, P\u00e4ij\u00e4t-H\u00e4me. Paluumuuttaja, oikeustieteen opiskelija, Kuka kuuntelee k\u00f6yh\u00e4\u00e4? -verkoston Kanta-H\u00e4meen aluekoordinaattori Katariina Baker, Janakkala.  H\u00e4meenlinnan seurakunnan vapaaehtoisty\u00f6ntekij\u00e4 Mikko Saarinen. Luotsis\u00e4\u00e4ti\u00f6n talous- ja velkaneuvoja Merja Kilpi\u00e4inen, H\u00e4meenlinna. Sek\u00e4 k\u00f6yhyytt\u00e4 kokeneita erikoisasiantuntijoita.<\/p>\n\n\n\n<p> Erikoisasiantuntijat pitiv\u00e4t t\u00e4rkeimpin\u00e4 k\u00f6yhyyteen liittyvin\u00e4 aiheina: 1.Asenteet k\u00f6yhyytt\u00e4 kohtaan, esim. syyllist\u00e4minen 2. K\u00f6yhyyden periytyminen sukupolvesta toiseen. 3.Eriarvoistuminen globaalisti ja Suomessa. 4. Ty\u00f6t\u00e4tekevien lis\u00e4\u00e4ntyv\u00e4 k\u00f6yhyys. 5.Saatavien perint\u00e4kulttuuri osuu juurikin k\u00f6yhiin. 6.Pikavipit  7.Nuorten tiet\u00e4m\u00e4tt\u00f6myys oikeuksista ja velvollisuuksista.  8. HML:n asuntojen tikitt\u00e4v\u00e4 aikapommi: perint\u00e4 joustamaton Intrum Justitialle siirtymisen vuoksi. <\/p>\n\n\n\n<p>Yleis\u00f6kommentteja:<\/p>\n\n\n\n<p> Vanhuudessakin voi olla perint\u00e4- ja ulosottoloukussa. TE-toimistojen apu liian hidasta, tukia karsitaan pois liian nopeasti. Kansanedustajaehdokas, kaupunginvaltuutettu Mirka Soinikoski kysyi perustulosta. Kaupunginvaltuutettu Kylli Kylli\u00e4inen toi esille vapautuvien vankien ongelmia, kysyi yhteis\u00f6llisest\u00e4 asumisesta.<\/p>\n\n\n\n<p>Vaikuttajapaneelissa olivat: Jukka Lindberg, Oma H\u00e4me Soten maakuntaprojektin johtaja, Marja-Leena Valkamo, etuusp\u00e4\u00e4llikk\u00f6, KELA, Sari Myllykangas, H\u00e4meenlinnan kaupunginvaltuuston pj, Tarja Filatov, kansanedustaja;  ty\u00f6el\u00e4m\u00e4- ja tasa-arvovaliokunnan pj, Kaija-Leena Savijoki, H\u00e4meenlinnan sosiaali- ja terveyslautakunnan pj, Kanta-H\u00e4meen sairaanhoitopiirin hallituksen pj, <\/p>\n\n\n\n<p>Kommentteja panelisteilta:  &#8221;Suomi eriarvoisempi kuin koskaan&#8221; &#8221;digitalisoituminen ei onnistu kaikilta&#8221; , &#8221;jos k\u00f6yhyys ei ole mill\u00e4\u00e4n tavalla omakohtaista, sit\u00e4 ei ymm\u00e4rr\u00e4&#8221; , &#8221;harhakuva: Suomessa kaikki hyvin&#8221; <\/p>\n\n\n\n<p>Tavoitteet: Saada k\u00f6yh\u00e4n \u00e4\u00e4ni kuuluviin H\u00e4meess\u00e4. <\/p>\n\n\n\n<h5>P\u00e4ivitys 25.6.2020:  Vuonna 2019 pidettyjen Kuka kuuntelee k\u00f6yh\u00e4\u00e4? -tilaisuuksien tavoitteita on saavutettu  vaikuttamalla p\u00e4\u00e4tt\u00e4jiin ja saamalla todellisia muutoksia aikaan Kuka kuuntelee k\u00f6yh\u00e4\u00e4? -toiminnan tuloksena:<\/h5>\n\n\n\n<ol><li>H\u00e4meenlinnan kaupungin asuntojen perint\u00e4toiminta muuttui asiakasl\u00e4heisemm\u00e4ksi.<\/li><li>Kansanedustaja Mirka Soinikosken kautta k\u00f6yh\u00e4n \u00e4\u00e4ni kuuluu sek\u00e4 eduskunnassa ett\u00e4 H\u00e4meenlinnan kaupunginvaltuustossa.<\/li><li>P\u00e4\u00e4tt\u00e4j\u00e4t ja yleis\u00f6 ovat saaneet tietoa lis\u00e4\u00e4ntyv\u00e4st\u00e4 eriarvoistumisesta.<\/li><li>Yleis\u00f6n esille tuoma ep\u00e4kohta TE-toimiston palvelujen hitaudesta on korjattu siten, ett\u00e4 apua saa my\u00f6s ilman ajanvarausta.<\/li><\/ol>\n\n\n\n<p><\/p>\n\n\n\n<p><\/p>\n","protected":false},"excerpt":{"rendered":"<p>Asumisen Varjot H\u00e4meenlinnassa Asumisen Varjot H\u00e4meenlinnassa -keskustelutilaisuus ti 15.10.2019 klo 17.30 -19.30, Poltinahon Seurakuntatalo (Turuntie 34, 13130 H\u00e4meenlinna). Keskustelun kuljettajana ja paneelin vet\u00e4j\u00e4n\u00e4 toimii tutkija Robert Arnkil. P\u00e4\u00e4tt\u00e4j\u00e4paneelin j\u00e4senin\u00e4 ovat H\u00e4meenlinnan kaupungilta apulaiskaupunginjohtaja Juha Isosuo ja sosiaali- ja terveysjohtaja Jukka<span class=\"ellipsis\">&hellip;<\/span><\/p>\n<div class=\"read-more\"><a href=\"https:\/\/www.kukakuunteleekoyhaa.fi\/wordpress\/hameenlinna\/\">Lue lis\u00e4\u00e4 \u203a<\/a><\/div>\n<p><!-- end of .read-more --><\/p>\n","protected":false},"author":5,"featured_media":0,"parent":0,"menu_order":0,"comment_status":"closed","ping_status":"closed","template":"","meta":{"spay_email":""},"jetpack_shortlink":"https:\/\/wp.me\/P8vRYp-54","_links":{"self":[{"href":"https:\/\/www.kukakuunteleekoyhaa.fi\/wordpress\/wp-json\/wp\/v2\/pages\/314"}],"collection":[{"href":"https:\/\/www.kukakuunteleekoyhaa.fi\/wordpress\/wp-json\/wp\/v2\/pages"}],"about":[{"href":"https:\/\/www.kukakuunteleekoyhaa.fi\/wordpress\/wp-json\/wp\/v2\/types\/page"}],"author":[{"embeddable":true,"href":"https:\/\/www.kukakuunteleekoyhaa.fi\/wordpress\/wp-json\/wp\/v2\/users\/5"}],"replies":[{"embeddable":true,"href":"https:\/\/www.kukakuunteleekoyhaa.fi\/wordpress\/wp-json\/wp\/v2\/comments?post=314"}],"version-history":[{"count":70,"href":"https:\/\/www.kukakuunteleekoyhaa.fi\/wordpress\/wp-json\/wp\/v2\/pages\/314\/revisions"}],"predecessor-version":[{"id":3597,"href":"https:\/\/www.kukakuunteleekoyhaa.fi\/wordpress\/wp-json\/wp\/v2\/pages\/314\/revisions\/3597"}],"wp:attachment":[{"href":"https:\/\/www.kukakuunteleekoyhaa.fi\/wordpress\/wp-json\/wp\/v2\/media?parent=314"}],"curies":[{"name":"wp","href":"https:\/\/api.w.org\/{rel}","templated":true}]}}