{"id":3777,"date":"2020-09-16T10:42:23","date_gmt":"2020-09-16T07:42:23","guid":{"rendered":"http:\/\/www.kukakuunteleekoyhaa.fi\/wordpress\/?page_id=3777"},"modified":"2021-04-19T14:25:05","modified_gmt":"2021-04-19T11:25:05","slug":"vantaa-2","status":"publish","type":"page","link":"https:\/\/www.kukakuunteleekoyhaa.fi\/wordpress\/vantaa-2\/","title":{"rendered":"Vantaa"},"content":{"rendered":"\n<h2><\/h2>\n\n\n\n<h2>Kuunteleeko kuntap\u00e4\u00e4tt\u00e4j\u00e4 k\u00f6yh\u00e4\u00e4 Vantaalla?<\/h2>\n\n\n\n<h4>Keskiviikkona 17.3.21 kello 18-20<\/h4>\n\n\n\n<p>Keskustelupaneelin juontaa k\u00f6yhyysaktivisti Juha Salden. Keskustelijoina on p\u00e4\u00e4tt\u00e4ji\u00e4 ja kuntavaaliehdokkaita Vantaalta. Tapahtuma toteutetaan Teamsin avulla, kaikille avoin linkki <a rel=\"noreferrer noopener\" href=\"https:\/\/l.facebook.com\/l.php?u=https%3A%2F%2Fbit.ly%2F3qT39SA%3Ffbclid%3DIwAR3SqzTBj7kQYm978lfL7twKJAF4-DcH5DSkXjxlC1qQKqygZQiXtjqNNYE&amp;h=AT2qsqQdGfbNSJZXSVl6-Dwj4PS3aXjBtnv9SxOzBAjR0N3y7PMrHakjxkvyL1rtkgWER0XA7uOgYWnmtPrbw1uJDGnPypBaEw6AK9_3RqOu57t7_pM5CB6XoKq2CLlXBvc\" target=\"_blank\">https:\/\/bit.ly\/3qT39SA<\/a><\/p>\n\n\n\n<p>Keskustelupaneelin videointi on katsottavissa oheisesta linkist\u00e4 <\/p>\n\n\n\n<p><a href=\"https:\/\/www.youtube.com\/watch?v=C7pPfLy2jLk\">https:\/\/www.youtube.com\/watch?v=C7pPfLy2jLk<\/a><\/p>\n\n\n\n<p><\/p>\n\n\n\n<p><\/p>\n\n\n\n<p><\/p>\n\n\n\n<p><\/p>\n\n\n\n<p><\/p>\n\n\n\n<p>Vaalipaneelissa kysytt\u00e4vi\u00e4 kysymyksi\u00e4 (kaikkia ei v\u00e4ltt\u00e4m\u00e4tt\u00e4 ehdit\u00e4 kysy\u00e4)<\/p>\n\n\n\n<p> 1. Raitiotien vaikutus asumisen hintaan. Millaisia toimenpiteit\u00e4 ehdokkaat tekisiv\u00e4t torjuakseen asumisen hinnan nousua, jotta mahdollisimman moni voisi asua vantaalla my\u00f6s tulevaisuudessa?<\/p>\n\n\n\n<p> 2. Mit\u00e4 mielt\u00e4 ehdokkaat ovat terveyskeskusmaksuista? Maksut ovat kuitenkin k\u00f6yhyytt\u00e4 kokeneelle suuri syy sille, miksi he ovat ulosotossa. Jos luopuisit terveyskeskusmaksusta, niin mill\u00e4 sen rahoittaisit?<\/p>\n\n\n\n<p> 3. Tulisiko kouluissa tarjota ilmainen aamupala? Mill\u00e4 t\u00e4m\u00e4 rahoitettaisiin?<\/p>\n\n\n\n<p> 4. Miten kaupunki voisi v\u00e4hent\u00e4\u00e4 asunnottomuutta? T\u00e4ll\u00e4 hetkell\u00e4 Vantalla on 227 asunnotonta.<\/p>\n\n\n\n<p> 5. Joukkoliikenteen lippujen hinta? Pit\u00e4isik\u00f6 lippujen hintoja kohtuullistaa? Jos pit\u00e4\u00e4, niin miten se rahoitettaisiin? <\/p>\n\n\n\n<p>6. Miten kunta voi tukea pienituloisten kulttuurin ja liikunnan harrastamista? Mill\u00e4 t\u00e4m\u00e4 rahoitettaisiin?<\/p>\n\n\n\n<p> 7. Miten korona on mielest\u00e4nne vaikuttanut k\u00f6yhien el\u00e4m\u00e4\u00e4n Vantaalla?<\/p>\n\n\n\n<p> 8. Tulisiko VAV:n asuntokantaa lis\u00e4t\u00e4? Mill\u00e4 t\u00e4m\u00e4 rahoitettaisiin?<\/p>\n\n\n\n<p> 9. Pit\u00e4isik\u00f6 kunnan tukea pienituloisten opiskelijoiden opiskeluv\u00e4lineiden &#8211; ja materiaalien hankintaa? Mill\u00e4 t\u00e4m\u00e4 rahoitettaisiin? <\/p>\n\n\n\n<p>10. Miten v\u00e4hent\u00e4isit pienituloisten kohtaamaa byrokratiaa Vantaalla? <\/p>\n\n\n\n<p>11. Miten kohentaisit pienituloisten oloja Vantaalla?<\/p>\n\n\n\n<p>Keskustelu nauhoitetaan ja se on my\u00f6hemmin n\u00e4ht\u00e4vill\u00e4 YouTubessa.<\/p>\n\n\n\n<h2>Kuka kuuntelee leip\u00e4jonojen k\u00f6yh\u00e4\u00e4?<\/h2>\n\n\n\n<h2><strong> 21.9.2020 klo 15\u201317<\/strong><\/h2>\n\n\n\n<h3><strong>Tarvitaanko ruoka-apua?<\/strong><\/h3>\n\n\n\n<h4>Kansalaistoiminnan keskus Leinikille (Leinikkitie 22A).<\/h4>\n\n\n\n<h4>Leinikkitie 22, Vantaa<\/h4>\n\n\n\n<h4><strong>Avaus<\/strong><\/h4>\n\n\n\n<p><strong>Jouko Karjalainen<\/strong>, Kuka kuuntelee k\u00f6yh\u00e4\u00e4? -verkosto<\/p>\n\n\n\n<p><strong>Viestej\u00e4 p\u00e4\u00e4tt\u00e4jille<\/strong><\/p>\n\n\n\n<h4><strong>Paneelissa<\/strong><\/h4>\n\n\n\n<p><strong>Eeva Lehtineva<\/strong>, osallisuuskoordinaattori, Yhteinen p\u00f6yt\u00e4<\/p>\n\n\n\n<p><strong>Jani \u201dRyba\u201d Rytk\u00f6nen<\/strong>, Hakunilan kyl\u00e4yhteis\u00f6 ry<\/p>\n\n\n\n<p><strong>Katri Valve<\/strong>, johtava diakonia- ja yhteiskuntaty\u00f6n asiantuntija, Vantaan seurakunnat<\/p>\n\n\n\n<p><strong>Virve Flinkkil\u00e4<\/strong>, Vantaan aikuisten ja perheiden sosiaalipalvelujen p\u00e4\u00e4llikk\u00f6<\/p>\n\n\n\n<p><strong>Pirkko Letto<\/strong>, Vantaan sosiaali- ja terveyslautakunnan puheenjohtaja<\/p>\n\n\n\n<p><strong>Anne Ingberg<\/strong> I vpj, Vantaan Ty\u00f6nhakijat<\/p>\n\n\n\n<p><strong>Burhan Hamdon<\/strong>, toiminnanjohtaja Hakunilan kansainv\u00e4linen yhdistys<\/p>\n\n\n\n<h5>Paneelin vet\u00e4jin\u00e4 <strong>Tiina Tuomela<\/strong> (Vahti ry) ja Jouko Karjalainen<\/h5>\n\n\n\n<h5>P\u00e4\u00e4t\u00f6ssanat <strong>Hanna Kuisma<\/strong>, palveluesimies, Yhteinen p\u00f6yt\u00e4<\/h5>\n\n\n\n<p>Tilaan mahtuu max. 40 henkil\u00f6\u00e4 turvav\u00e4lein. Koronahygieniasta pidet\u00e4\u00e4n huolta.<\/p>\n\n\n\n<p>Tilaisuuteen voi osallistua et\u00e4yhteyden avulla:<\/p>\n\n\n\n<p><a href=\"https:\/\/teams.microsoft.com\/l\/meetup-join\/19%3ameeting_MjBjMTlkNzgtMmU2Yy00MTVjLTlhYmQtMjgwYWRiMGJhZjhj%40thread.v2\/0?context=%7b%22Tid%22%3a%22dad5d62c-9830-4db0-9c15-89befcc5cf3e%22%2c%22Oid%22%3a%22323bc995-09a6-42fd-afdf-effc1605b03e%22%7d\" target=\"_blank\" rel=\"noreferrer noopener\">Liity Microsoft Teams -kokoukseen<\/a><\/p>\n\n\n\n<p>Ilmoittautuminen Facebook- tapahtuman kautta.<\/p>\n\n\n\n<p>Kuka kuuntelee k\u00f6yh\u00e4\u00e4? -verkosto, Yhteinen p\u00f6yt\u00e4, Vantaan seurakunnat, Vantaan kaupunki, Vahti ry, Vantaan ty\u00f6nhakijat ry, Ruoka-apu.fi, Hope ry, Icehearts ry, Ty\u00f6tt\u00f6mien Keskusj\u00e4rjest\u00f6 ry<\/p>\n\n\n\n<p>Lis\u00e4tietoja: Jouko Karjalainen p. 040 547 5723 jouko.karjalainen@saunalahti.fi <\/p>\n\n\n\n<div class=\"wp-block-file\"><a href=\"https:\/\/www.kukakuunteleekoyhaa.fi\/wordpress\/wp-content\/uploads\/2020\/09\/Vantaa-KKLK-ohjelma.pdf\">Vantaa ohjelma<\/a><a href=\"https:\/\/www.kukakuunteleekoyhaa.fi\/wordpress\/wp-content\/uploads\/2020\/09\/Vantaa-KKLK-ohjelma.pdf\" class=\"wp-block-file__button\" download>Download<\/a><\/div>\n","protected":false},"excerpt":{"rendered":"<p>Kuunteleeko kuntap\u00e4\u00e4tt\u00e4j\u00e4 k\u00f6yh\u00e4\u00e4 Vantaalla? Keskiviikkona 17.3.21 kello 18-20 Keskustelupaneelin juontaa k\u00f6yhyysaktivisti Juha Salden. Keskustelijoina on p\u00e4\u00e4tt\u00e4ji\u00e4 ja kuntavaaliehdokkaita Vantaalta. Tapahtuma toteutetaan Teamsin avulla, kaikille avoin linkki https:\/\/bit.ly\/3qT39SA Keskustelupaneelin videointi on katsottavissa oheisesta linkist\u00e4 https:\/\/www.youtube.com\/watch?v=C7pPfLy2jLk Vaalipaneelissa kysytt\u00e4vi\u00e4 kysymyksi\u00e4 (kaikkia ei v\u00e4ltt\u00e4m\u00e4tt\u00e4<span class=\"ellipsis\">&hellip;<\/span><\/p>\n<div class=\"read-more\"><a href=\"https:\/\/www.kukakuunteleekoyhaa.fi\/wordpress\/vantaa-2\/\">Lue lis\u00e4\u00e4 \u203a<\/a><\/div>\n<p><!-- end of .read-more --><\/p>\n","protected":false},"author":9,"featured_media":0,"parent":0,"menu_order":0,"comment_status":"closed","ping_status":"closed","template":"","meta":{"spay_email":""},"jetpack_shortlink":"https:\/\/wp.me\/P8vRYp-YV","_links":{"self":[{"href":"https:\/\/www.kukakuunteleekoyhaa.fi\/wordpress\/wp-json\/wp\/v2\/pages\/3777"}],"collection":[{"href":"https:\/\/www.kukakuunteleekoyhaa.fi\/wordpress\/wp-json\/wp\/v2\/pages"}],"about":[{"href":"https:\/\/www.kukakuunteleekoyhaa.fi\/wordpress\/wp-json\/wp\/v2\/types\/page"}],"author":[{"embeddable":true,"href":"https:\/\/www.kukakuunteleekoyhaa.fi\/wordpress\/wp-json\/wp\/v2\/users\/9"}],"replies":[{"embeddable":true,"href":"https:\/\/www.kukakuunteleekoyhaa.fi\/wordpress\/wp-json\/wp\/v2\/comments?post=3777"}],"version-history":[{"count":37,"href":"https:\/\/www.kukakuunteleekoyhaa.fi\/wordpress\/wp-json\/wp\/v2\/pages\/3777\/revisions"}],"predecessor-version":[{"id":4407,"href":"https:\/\/www.kukakuunteleekoyhaa.fi\/wordpress\/wp-json\/wp\/v2\/pages\/3777\/revisions\/4407"}],"wp:attachment":[{"href":"https:\/\/www.kukakuunteleekoyhaa.fi\/wordpress\/wp-json\/wp\/v2\/media?parent=3777"}],"curies":[{"name":"wp","href":"https:\/\/api.w.org\/{rel}","templated":true}]}}