{"id":3783,"date":"2020-09-16T12:13:44","date_gmt":"2020-09-16T09:13:44","guid":{"rendered":"http:\/\/www.kukakuunteleekoyhaa.fi\/wordpress\/?page_id=3783"},"modified":"2020-09-18T09:05:18","modified_gmt":"2020-09-18T06:05:18","slug":"joensuu","status":"publish","type":"page","link":"https:\/\/www.kukakuunteleekoyhaa.fi\/wordpress\/joensuu\/","title":{"rendered":"Joensuu"},"content":{"rendered":"\n<h2>KUKA KUUNTELEE 21.9.2020 LEIP\u00c4JONOJEN K\u00d6YH\u00c4\u00c4?<\/h2>\n\n\n\n<h2>Miksi niin monet tarvitsevat edelleen ruoka-apua?<\/h2>\n\n\n\n<h2>KESKUSTELUTILAISUUS RUOKA-AVUSTA<\/h2>\n\n\n\n<h2>21.9.2020 klo 15-17<br>VIADIA-KESKUS, Venetie 10 Joensuu<\/h2>\n\n\n\n<h2>Tilaisuudessa kuullaan ruoka-avun hakijoiden kokemuksia ja keskustellaan p\u00e4\u00e4tt\u00e4jien ja ruoka-aputoimijoiden kanssa ruoka-avusta, ruoka-avun taustalla vaikuttavista tekij\u00f6ist\u00e4 ja niihin vaikutamisesta. <\/h2>\n\n\n\n<p><\/p>\n\n\n\n<h3>Kuka kuuntelee k\u00f6yh\u00e4\u00e4? -verkosto<\/h3>\n\n\n\n<h3> ViaDia Joensuu<\/h3>\n\n\n\n<h5>Yhteyshenkil\u00f6t:<\/h5>\n\n\n\n<h5> anne.pyykkonen@pksotu.fi   <\/h5>\n\n\n\n<h5>kirsti.kurki@viadia.fi<\/h5>\n","protected":false},"excerpt":{"rendered":"<p>KUKA KUUNTELEE 21.9.2020 LEIP\u00c4JONOJEN K\u00d6YH\u00c4\u00c4? Miksi niin monet tarvitsevat edelleen ruoka-apua? KESKUSTELUTILAISUUS RUOKA-AVUSTA 21.9.2020 klo 15-17VIADIA-KESKUS, Venetie 10 Joensuu Tilaisuudessa kuullaan ruoka-avun hakijoiden kokemuksia ja keskustellaan p\u00e4\u00e4tt\u00e4jien ja ruoka-aputoimijoiden kanssa ruoka-avusta, ruoka-avun taustalla vaikuttavista tekij\u00f6ist\u00e4 ja niihin vaikutamisesta. Kuka kuuntelee<span class=\"ellipsis\">&hellip;<\/span><\/p>\n<div class=\"read-more\"><a href=\"https:\/\/www.kukakuunteleekoyhaa.fi\/wordpress\/joensuu\/\">Lue lis\u00e4\u00e4 \u203a<\/a><\/div>\n<p><!-- end of .read-more --><\/p>\n","protected":false},"author":9,"featured_media":0,"parent":0,"menu_order":0,"comment_status":"closed","ping_status":"closed","template":"","meta":{"spay_email":""},"jetpack_shortlink":"https:\/\/wp.me\/P8vRYp-Z1","_links":{"self":[{"href":"https:\/\/www.kukakuunteleekoyhaa.fi\/wordpress\/wp-json\/wp\/v2\/pages\/3783"}],"collection":[{"href":"https:\/\/www.kukakuunteleekoyhaa.fi\/wordpress\/wp-json\/wp\/v2\/pages"}],"about":[{"href":"https:\/\/www.kukakuunteleekoyhaa.fi\/wordpress\/wp-json\/wp\/v2\/types\/page"}],"author":[{"embeddable":true,"href":"https:\/\/www.kukakuunteleekoyhaa.fi\/wordpress\/wp-json\/wp\/v2\/users\/9"}],"replies":[{"embeddable":true,"href":"https:\/\/www.kukakuunteleekoyhaa.fi\/wordpress\/wp-json\/wp\/v2\/comments?post=3783"}],"version-history":[{"count":5,"href":"https:\/\/www.kukakuunteleekoyhaa.fi\/wordpress\/wp-json\/wp\/v2\/pages\/3783\/revisions"}],"predecessor-version":[{"id":3834,"href":"https:\/\/www.kukakuunteleekoyhaa.fi\/wordpress\/wp-json\/wp\/v2\/pages\/3783\/revisions\/3834"}],"wp:attachment":[{"href":"https:\/\/www.kukakuunteleekoyhaa.fi\/wordpress\/wp-json\/wp\/v2\/media?parent=3783"}],"curies":[{"name":"wp","href":"https:\/\/api.w.org\/{rel}","templated":true}]}}