{"id":3786,"date":"2020-09-16T12:16:35","date_gmt":"2020-09-16T09:16:35","guid":{"rendered":"http:\/\/www.kukakuunteleekoyhaa.fi\/wordpress\/?page_id=3786"},"modified":"2020-09-17T22:12:12","modified_gmt":"2020-09-17T19:12:12","slug":"kemi","status":"publish","type":"page","link":"https:\/\/www.kukakuunteleekoyhaa.fi\/wordpress\/kemi\/","title":{"rendered":"Kemi"},"content":{"rendered":"\n<h2>KUKA KUUNTELEE 21.9.2020 LEIP\u00c4JONOJEN K\u00d6YH\u00c4\u00c4?<\/h2>\n\n\n\n<h2>Miksi niin monet tarvitsevat edelleen ruoka-apua?<\/h2>\n\n\n\n<h2>Aika: 21.9.2020 klo 12 \u2013 14 <\/h2>\n\n\n\n<h2>Paikka: Kemin kulttuurikeskus, Marina Takalonkatu 3, Kemi<\/h2>\n\n\n\n<h2>Moni on kohta kolmen vuosikymmenen ajan yritt\u00e4nyt vastata kysymykseen, miksi leip\u00e4jonoista ei p\u00e4\u00e4st\u00e4 eroon. Useimmat lis\u00e4\u00e4v\u00e4t saman tien, ett\u00e4 \u201dleip\u00e4jonoja ei pit\u00e4isi hyvinvointivaltiossa olla\u201d. Silti ruoka-apu on arkip\u00e4iv\u00e4istynyt. Toiminta on toki monipuolistunut, viimeisimpin\u00e4 esimerkkin\u00e4 h\u00e4vikkiruokakaupat, jotka ovat kehittyneet osin saman historian kautta. Toisaalta kulunut koronakev\u00e4t on tehnyt ruoka-avun aivan uudella tavalla ajankohtaiseksi \u2013 ja ilmeisen tarpeelliseksi. <\/h2>\n\n\n\n<h2>Valtakunnallinen keskustelutilaisuus j\u00e4rjestet\u00e4\u00e4n yhdess\u00e4 Punaisen Ristin Lapin piirin ja Kuka kuuntelee k\u00f6yh\u00e4\u00e4? -verkoston kanssa.<\/h2>\n\n\n\n<h2><br>TERVETULOA kuuntelemaan ja keskustelemaan!<\/h2>\n\n\n\n<h2>Ohjelma:<\/h2>\n\n\n\n<h2>12.00 Tervetuloa Marianne Sarre<\/h2>\n\n\n\n<h2>12.10 Lyhyet puheenvuorot aiheesta<br>&#8211; kokemuspuheenvuoro<br>&#8211; kansaedustajan puheenvuoro\/  Kaisa Juuso<br>&#8211; kuntap\u00e4\u00e4tt\u00e4j\u00e4n puheenvuorot\/ Teija Jestil\u00e4<br>Sisko Korrensalo<br>&#8211; sosiaalitoimen puheenvuoro<\/h2>\n\n\n\n<h2>13.20 Yhteist\u00e4 keskustelua<\/h2>\n\n\n\n<h2>13.50 Yhteenveto ja p\u00e4\u00e4t\u00f6s Marianne Sarre<\/h2>\n\n\n\n<h2>YHTEYSHENKIL\u00d6 <\/h2>\n\n\n\n<h2>Veli-Matti Ahtiainen<\/h2>\n\n\n\n<h2>veli-matti.ahtiainen@redcross.fi<br>0400398217<\/h2>\n","protected":false},"excerpt":{"rendered":"<p>KUKA KUUNTELEE 21.9.2020 LEIP\u00c4JONOJEN K\u00d6YH\u00c4\u00c4? Miksi niin monet tarvitsevat edelleen ruoka-apua? Aika: 21.9.2020 klo 12 \u2013 14 Paikka: Kemin kulttuurikeskus, Marina Takalonkatu 3, Kemi Moni on kohta kolmen vuosikymmenen ajan yritt\u00e4nyt vastata kysymykseen, miksi leip\u00e4jonoista ei p\u00e4\u00e4st\u00e4 eroon. Useimmat lis\u00e4\u00e4v\u00e4t<span class=\"ellipsis\">&hellip;<\/span><\/p>\n<div class=\"read-more\"><a href=\"https:\/\/www.kukakuunteleekoyhaa.fi\/wordpress\/kemi\/\">Lue lis\u00e4\u00e4 \u203a<\/a><\/div>\n<p><!-- end of .read-more --><\/p>\n","protected":false},"author":9,"featured_media":0,"parent":0,"menu_order":0,"comment_status":"closed","ping_status":"closed","template":"","meta":{"spay_email":""},"jetpack_shortlink":"https:\/\/wp.me\/P8vRYp-Z4","_links":{"self":[{"href":"https:\/\/www.kukakuunteleekoyhaa.fi\/wordpress\/wp-json\/wp\/v2\/pages\/3786"}],"collection":[{"href":"https:\/\/www.kukakuunteleekoyhaa.fi\/wordpress\/wp-json\/wp\/v2\/pages"}],"about":[{"href":"https:\/\/www.kukakuunteleekoyhaa.fi\/wordpress\/wp-json\/wp\/v2\/types\/page"}],"author":[{"embeddable":true,"href":"https:\/\/www.kukakuunteleekoyhaa.fi\/wordpress\/wp-json\/wp\/v2\/users\/9"}],"replies":[{"embeddable":true,"href":"https:\/\/www.kukakuunteleekoyhaa.fi\/wordpress\/wp-json\/wp\/v2\/comments?post=3786"}],"version-history":[{"count":4,"href":"https:\/\/www.kukakuunteleekoyhaa.fi\/wordpress\/wp-json\/wp\/v2\/pages\/3786\/revisions"}],"predecessor-version":[{"id":3815,"href":"https:\/\/www.kukakuunteleekoyhaa.fi\/wordpress\/wp-json\/wp\/v2\/pages\/3786\/revisions\/3815"}],"wp:attachment":[{"href":"https:\/\/www.kukakuunteleekoyhaa.fi\/wordpress\/wp-json\/wp\/v2\/media?parent=3786"}],"curies":[{"name":"wp","href":"https:\/\/api.w.org\/{rel}","templated":true}]}}