{"id":3795,"date":"2020-09-16T12:21:53","date_gmt":"2020-09-16T09:21:53","guid":{"rendered":"http:\/\/www.kukakuunteleekoyhaa.fi\/wordpress\/?page_id=3795"},"modified":"2020-09-17T22:40:09","modified_gmt":"2020-09-17T19:40:09","slug":"raahe","status":"publish","type":"page","link":"https:\/\/www.kukakuunteleekoyhaa.fi\/wordpress\/raahe\/","title":{"rendered":"Raahe"},"content":{"rendered":"\n<h2>KUKA KUUNTELEE 21.9.2020 LEIP\u00c4JONOJEN K\u00d6YH\u00c4\u00c4?<\/h2>\n\n\n\n<h2>Raahe osallistuu valtakunnalliseen tapahtumaan virtuaalisella vuoropuhelulla, jossa  ruoka-avusta keskustelevat  teologian maisteri Pekka Elonheimo, kaupunginvaltuutettu Sari Niemel\u00e4 ja kansanedustaja Katja Hyv\u00e4rinen.<\/h2>\n\n\n\n<h3>Virtuaalinen vuoropuhelu julkaistaan syksyll\u00e4 2020<\/h3>\n\n\n\n<h4>J\u00e4rjest\u00e4j\u00e4n\u00e4 Kuka kuuntelee k\u00f6yh\u00e4\u00e4? -verkosto<\/h4>\n\n\n\n<h4>Tiedustelut: hankekoordinaattori Arja Tyynel\u00e4 arja.tyynela@3kverkosto.fi<\/h4>\n","protected":false},"excerpt":{"rendered":"<p>KUKA KUUNTELEE 21.9.2020 LEIP\u00c4JONOJEN K\u00d6YH\u00c4\u00c4? Raahe osallistuu valtakunnalliseen tapahtumaan virtuaalisella vuoropuhelulla, jossa ruoka-avusta keskustelevat teologian maisteri Pekka Elonheimo, kaupunginvaltuutettu Sari Niemel\u00e4 ja kansanedustaja Katja Hyv\u00e4rinen. Virtuaalinen vuoropuhelu julkaistaan syksyll\u00e4 2020 J\u00e4rjest\u00e4j\u00e4n\u00e4 Kuka kuuntelee k\u00f6yh\u00e4\u00e4? -verkosto Tiedustelut: hankekoordinaattori Arja Tyynel\u00e4 arja.tyynela@3kverkosto.fi<\/p>\n","protected":false},"author":9,"featured_media":0,"parent":0,"menu_order":0,"comment_status":"closed","ping_status":"closed","template":"","meta":{"spay_email":""},"jetpack_shortlink":"https:\/\/wp.me\/P8vRYp-Zd","_links":{"self":[{"href":"https:\/\/www.kukakuunteleekoyhaa.fi\/wordpress\/wp-json\/wp\/v2\/pages\/3795"}],"collection":[{"href":"https:\/\/www.kukakuunteleekoyhaa.fi\/wordpress\/wp-json\/wp\/v2\/pages"}],"about":[{"href":"https:\/\/www.kukakuunteleekoyhaa.fi\/wordpress\/wp-json\/wp\/v2\/types\/page"}],"author":[{"embeddable":true,"href":"https:\/\/www.kukakuunteleekoyhaa.fi\/wordpress\/wp-json\/wp\/v2\/users\/9"}],"replies":[{"embeddable":true,"href":"https:\/\/www.kukakuunteleekoyhaa.fi\/wordpress\/wp-json\/wp\/v2\/comments?post=3795"}],"version-history":[{"count":2,"href":"https:\/\/www.kukakuunteleekoyhaa.fi\/wordpress\/wp-json\/wp\/v2\/pages\/3795\/revisions"}],"predecessor-version":[{"id":3822,"href":"https:\/\/www.kukakuunteleekoyhaa.fi\/wordpress\/wp-json\/wp\/v2\/pages\/3795\/revisions\/3822"}],"wp:attachment":[{"href":"https:\/\/www.kukakuunteleekoyhaa.fi\/wordpress\/wp-json\/wp\/v2\/media?parent=3795"}],"curies":[{"name":"wp","href":"https:\/\/api.w.org\/{rel}","templated":true}]}}