{"id":3798,"date":"2020-09-16T12:23:32","date_gmt":"2020-09-16T09:23:32","guid":{"rendered":"http:\/\/www.kukakuunteleekoyhaa.fi\/wordpress\/?page_id=3798"},"modified":"2020-09-18T09:09:24","modified_gmt":"2020-09-18T06:09:24","slug":"rovaniemi","status":"publish","type":"page","link":"https:\/\/www.kukakuunteleekoyhaa.fi\/wordpress\/rovaniemi\/","title":{"rendered":"Rovaniemi"},"content":{"rendered":"\n<h2>KUKA KUUNTELEE 21.9.2020 LEIP\u00c4JONOJEN K\u00d6YH\u00c4\u00c4?<\/h2>\n\n\n\n<h2>Miksi niin monet tarvitsevat edelleen ruoka-apua?<\/h2>\n\n\n\n<h2>T\u00e4t\u00e4 kysymme 21.9.2020 klo 15-17 valtakunnallisesti Kuka kuuntelee leip\u00e4jonojen k\u00f6yh\u00e4\u00e4?\u2013 tilaisuuksissa.<\/h2>\n\n\n\n<h2>Paikka: Punainen Risti Lapin piirin koulutustila,  L\u00e4hteentie 10, Rovaniemi , Lapin maakunta<\/h2>\n\n\n\n<h2>Moni on kohta kolmen vuosikymmenen ajan yritt\u00e4nyt vastata kysymykseen, miksi leip\u00e4jonoista ei p\u00e4\u00e4st\u00e4 eroon. Useimmat lis\u00e4\u00e4v\u00e4t saman tien, ett\u00e4 \u201dleip\u00e4jonoja ei pit\u00e4isi hyvinvointivaltiossa olla\u201d. Silti ruoka-apu on arkip\u00e4iv\u00e4istynyt. Toiminta on toki monipuolistunut, viimeisimpin\u00e4 esimerkkin\u00e4 h\u00e4vikkiruokakaupat, jotka ovat kehittyneet osin saman historian kautta. Toisaalta kulunut koronakev\u00e4t on tehnyt ruoka-avun aivan uudella tavalla ajankohtaiseksi \u2013 ja ilmeisen tarpeelliseksi.<\/h2>\n\n\n\n<p><\/p>\n\n\n\n<h2>Ohjelma:<br>15.00 Tervetuloa<br>Veli-Matti Ahtiainen<\/h2>\n\n\n\n<h2><br>15.10 Lyhyet puheenvuorot aiheesta<\/h2>\n\n\n\n<h2><br>&#8211; kokemuspuheenvuoro<br>&#8211; tutkijan ajatuksia Sanna Hautala<br>&#8211; kansaedustajan puheenvuoro   Heikki Autto<br>&#8211; kuntap\u00e4\u00e4tt\u00e4j\u00e4n puheenvuorot Marjo-Riitta M\u00e4llinen<br>Sanna Luoma<br>&#8211; sosiaalitoimen- ja terveystoimen puheenvuoro<br>Tuulikki Louet-Lehtiniemi<br>&#8211; seurakunnan puheenvuoro Markku Kukkonen<\/h2>\n\n\n\n<h2><br>16.20 Yhteist\u00e4 keskustelua<\/h2>\n\n\n\n<h2><br>16.50 Yhteenveto ja p\u00e4\u00e4t\u00f6s Veli-Matti Ahtiainen<\/h2>\n\n\n\n<h5>Lis\u00e4tietoja tapahtumista ja aiheesta:<\/h5>\n\n\n\n<h5>Veli-Matti Ahtiainen<br>Marianne Sarre<br>Punainen Risti Lapin piiri<br>0400 398 217<br>040 778 4541&nbsp;<\/h5>\n","protected":false},"excerpt":{"rendered":"<p>KUKA KUUNTELEE 21.9.2020 LEIP\u00c4JONOJEN K\u00d6YH\u00c4\u00c4? Miksi niin monet tarvitsevat edelleen ruoka-apua? T\u00e4t\u00e4 kysymme 21.9.2020 klo 15-17 valtakunnallisesti Kuka kuuntelee leip\u00e4jonojen k\u00f6yh\u00e4\u00e4?\u2013 tilaisuuksissa. Paikka: Punainen Risti Lapin piirin koulutustila, L\u00e4hteentie 10, Rovaniemi , Lapin maakunta Moni on kohta kolmen vuosikymmenen ajan<span class=\"ellipsis\">&hellip;<\/span><\/p>\n<div class=\"read-more\"><a href=\"https:\/\/www.kukakuunteleekoyhaa.fi\/wordpress\/rovaniemi\/\">Lue lis\u00e4\u00e4 \u203a<\/a><\/div>\n<p><!-- end of .read-more --><\/p>\n","protected":false},"author":9,"featured_media":0,"parent":0,"menu_order":0,"comment_status":"closed","ping_status":"closed","template":"","meta":{"spay_email":""},"jetpack_shortlink":"https:\/\/wp.me\/P8vRYp-Zg","_links":{"self":[{"href":"https:\/\/www.kukakuunteleekoyhaa.fi\/wordpress\/wp-json\/wp\/v2\/pages\/3798"}],"collection":[{"href":"https:\/\/www.kukakuunteleekoyhaa.fi\/wordpress\/wp-json\/wp\/v2\/pages"}],"about":[{"href":"https:\/\/www.kukakuunteleekoyhaa.fi\/wordpress\/wp-json\/wp\/v2\/types\/page"}],"author":[{"embeddable":true,"href":"https:\/\/www.kukakuunteleekoyhaa.fi\/wordpress\/wp-json\/wp\/v2\/users\/9"}],"replies":[{"embeddable":true,"href":"https:\/\/www.kukakuunteleekoyhaa.fi\/wordpress\/wp-json\/wp\/v2\/comments?post=3798"}],"version-history":[{"count":4,"href":"https:\/\/www.kukakuunteleekoyhaa.fi\/wordpress\/wp-json\/wp\/v2\/pages\/3798\/revisions"}],"predecessor-version":[{"id":3836,"href":"https:\/\/www.kukakuunteleekoyhaa.fi\/wordpress\/wp-json\/wp\/v2\/pages\/3798\/revisions\/3836"}],"wp:attachment":[{"href":"https:\/\/www.kukakuunteleekoyhaa.fi\/wordpress\/wp-json\/wp\/v2\/media?parent=3798"}],"curies":[{"name":"wp","href":"https:\/\/api.w.org\/{rel}","templated":true}]}}