{"id":400,"date":"2018-12-03T16:50:34","date_gmt":"2018-12-03T14:50:34","guid":{"rendered":"http:\/\/www.kukakuunteleekoyhaa.fi\/wordpress\/?page_id=400"},"modified":"2019-12-18T21:08:36","modified_gmt":"2019-12-18T19:08:36","slug":"seinajoki","status":"publish","type":"page","link":"https:\/\/www.kukakuunteleekoyhaa.fi\/wordpress\/seinajoki\/","title":{"rendered":"Sein\u00e4joki"},"content":{"rendered":"\n<h4>T\u00e4ll\u00e4 hetkell\u00e4 ei ole suunniteltuja tapahtumia.<\/h4>\n\n\n\n<p>Koko hankkeesta vastaa hankekoordinaattori Arja Tyynel\u00e4<\/p>\n\n\n\n<p> arja.tyynela(at)3kverkosto.fi &nbsp; &nbsp; p. 040 524 7538.<\/p>\n\n\n\n<h3>Onko k\u00f6yhyys kallista? -keskustelutilaisuus<\/h3>\n\n\n\n<figure class=\"wp-block-image is-resized\"><img data-attachment-id=\"1670\" data-permalink=\"https:\/\/www.kukakuunteleekoyhaa.fi\/wordpress\/kuka-kuuntelee-koyhaa-verkosto-onko-koyhyys-kallista-seinajoki\/\" data-orig-file=\"https:\/\/www.kukakuunteleekoyhaa.fi\/wordpress\/wp-content\/uploads\/2019\/08\/Kuka-kuuntelee-k\u00f6yh\u00e4\u00e4-verkosto-Onko-k\u00f6yhyys-kallista-Sein\u00e4joki.png\" data-orig-size=\"840,630\" data-comments-opened=\"0\" data-image-meta=\"{&quot;aperture&quot;:&quot;0&quot;,&quot;credit&quot;:&quot;&quot;,&quot;camera&quot;:&quot;&quot;,&quot;caption&quot;:&quot;&quot;,&quot;created_timestamp&quot;:&quot;0&quot;,&quot;copyright&quot;:&quot;&quot;,&quot;focal_length&quot;:&quot;0&quot;,&quot;iso&quot;:&quot;0&quot;,&quot;shutter_speed&quot;:&quot;0&quot;,&quot;title&quot;:&quot;&quot;,&quot;orientation&quot;:&quot;0&quot;}\" data-image-title=\"Kuva: Sein\u00e4joen Onko k\u00f6yhyys kallista? -keskustelutilaisuudesta\" data-image-description=\"&lt;p&gt;Kuva: Sein\u00e4joen Onko k\u00f6yhyys kallista? -keskustelutilaisuudesta&lt;\/p&gt;\n\" data-image-caption=\"&lt;p&gt;Kuva: Sein\u00e4joen Onko k\u00f6yhyys kallista? -keskustelutilaisuudesta&lt;\/p&gt;\n\" data-medium-file=\"https:\/\/www.kukakuunteleekoyhaa.fi\/wordpress\/wp-content\/uploads\/2019\/08\/Kuka-kuuntelee-k\u00f6yh\u00e4\u00e4-verkosto-Onko-k\u00f6yhyys-kallista-Sein\u00e4joki-300x225.png\" data-large-file=\"https:\/\/www.kukakuunteleekoyhaa.fi\/wordpress\/wp-content\/uploads\/2019\/08\/Kuka-kuuntelee-k\u00f6yh\u00e4\u00e4-verkosto-Onko-k\u00f6yhyys-kallista-Sein\u00e4joki.png\" loading=\"lazy\" src=\"https:\/\/www.kukakuunteleekoyhaa.fi\/wordpress\/wp-content\/uploads\/2019\/08\/Kuka-kuuntelee-k\u00f6yh\u00e4\u00e4-verkosto-Onko-k\u00f6yhyys-kallista-Sein\u00e4joki.png\" alt=\"Kuva: Sein\u00e4joen Onko k\u00f6yhyys kallista? tilaisuudesta\" class=\"wp-image-1670\" width=\"484\" height=\"363\" srcset=\"https:\/\/www.kukakuunteleekoyhaa.fi\/wordpress\/wp-content\/uploads\/2019\/08\/Kuka-kuuntelee-k\u00f6yh\u00e4\u00e4-verkosto-Onko-k\u00f6yhyys-kallista-Sein\u00e4joki.png 840w, https:\/\/www.kukakuunteleekoyhaa.fi\/wordpress\/wp-content\/uploads\/2019\/08\/Kuka-kuuntelee-k\u00f6yh\u00e4\u00e4-verkosto-Onko-k\u00f6yhyys-kallista-Sein\u00e4joki-300x225.png 300w, https:\/\/www.kukakuunteleekoyhaa.fi\/wordpress\/wp-content\/uploads\/2019\/08\/Kuka-kuuntelee-k\u00f6yh\u00e4\u00e4-verkosto-Onko-k\u00f6yhyys-kallista-Sein\u00e4joki-768x576.png 768w, https:\/\/www.kukakuunteleekoyhaa.fi\/wordpress\/wp-content\/uploads\/2019\/08\/Kuka-kuuntelee-k\u00f6yh\u00e4\u00e4-verkosto-Onko-k\u00f6yhyys-kallista-Sein\u00e4joki-100x75.png 100w, https:\/\/www.kukakuunteleekoyhaa.fi\/wordpress\/wp-content\/uploads\/2019\/08\/Kuka-kuuntelee-k\u00f6yh\u00e4\u00e4-verkosto-Onko-k\u00f6yhyys-kallista-Sein\u00e4joki-150x113.png 150w, https:\/\/www.kukakuunteleekoyhaa.fi\/wordpress\/wp-content\/uploads\/2019\/08\/Kuka-kuuntelee-k\u00f6yh\u00e4\u00e4-verkosto-Onko-k\u00f6yhyys-kallista-Sein\u00e4joki-200x150.png 200w, https:\/\/www.kukakuunteleekoyhaa.fi\/wordpress\/wp-content\/uploads\/2019\/08\/Kuka-kuuntelee-k\u00f6yh\u00e4\u00e4-verkosto-Onko-k\u00f6yhyys-kallista-Sein\u00e4joki-450x338.png 450w, https:\/\/www.kukakuunteleekoyhaa.fi\/wordpress\/wp-content\/uploads\/2019\/08\/Kuka-kuuntelee-k\u00f6yh\u00e4\u00e4-verkosto-Onko-k\u00f6yhyys-kallista-Sein\u00e4joki-600x450.png 600w\" sizes=\"(max-width: 484px) 100vw, 484px\" \/><figcaption>Kuva: Sein\u00e4joen Onko k\u00f6yhyys kallista? -keskustelutilaisuudesta<\/figcaption><\/figure>\n\n\n\n<p>Aika: ti. 2.4. klo 17-19.45<br>Paikka: Toimintojentalo, Kasperinviita 13, Sein\u00e4joki<br>Kysymme muun muassa: Tuoko raha onnea? Mit\u00e4 k\u00f6yhyys on?<br>Puhemies Paula Risikon lis\u00e4ksi paikalla on kansanedustajaehdokkaita.<br>J\u00e4rjest\u00e4j\u00e4: Kuka kuuntelee k\u00f6yh\u00e4\u00e4? Pohjanmaan alueverkosto<\/p>\n\n\n\n<p>Tapahtuman muistion voit lukea t\u00e4st\u00e4&nbsp;<a href=\"https:\/\/www.kukakuunteleekoyhaa.fi\/wordpress\/wp-content\/uploads\/2019\/04\/Sein\u00e4joen-3K-talk-Ohjelma-TP.pdf\">https:\/\/www.kukakuunteleekoyhaa.fi\/wordpress\/wp-content\/uploads\/2019\/04\/Sein\u00e4joen-3K-talk-Ohjelma-TP.pdf<\/a><\/p>\n","protected":false},"excerpt":{"rendered":"<p>T\u00e4ll\u00e4 hetkell\u00e4 ei ole suunniteltuja tapahtumia. Koko hankkeesta vastaa hankekoordinaattori Arja Tyynel\u00e4 arja.tyynela(at)3kverkosto.fi &nbsp; &nbsp; p. 040 524 7538. Onko k\u00f6yhyys kallista? -keskustelutilaisuus Aika: ti. 2.4. klo 17-19.45Paikka: Toimintojentalo, Kasperinviita 13, Sein\u00e4jokiKysymme muun muassa: Tuoko raha onnea? Mit\u00e4 k\u00f6yhyys on?Puhemies<span class=\"ellipsis\">&hellip;<\/span><\/p>\n<div class=\"read-more\"><a href=\"https:\/\/www.kukakuunteleekoyhaa.fi\/wordpress\/seinajoki\/\">Lue lis\u00e4\u00e4 \u203a<\/a><\/div>\n<p><!-- end of .read-more --><\/p>\n","protected":false},"author":4,"featured_media":0,"parent":0,"menu_order":0,"comment_status":"closed","ping_status":"closed","template":"","meta":{"spay_email":""},"jetpack_shortlink":"https:\/\/wp.me\/P8vRYp-6s","_links":{"self":[{"href":"https:\/\/www.kukakuunteleekoyhaa.fi\/wordpress\/wp-json\/wp\/v2\/pages\/400"}],"collection":[{"href":"https:\/\/www.kukakuunteleekoyhaa.fi\/wordpress\/wp-json\/wp\/v2\/pages"}],"about":[{"href":"https:\/\/www.kukakuunteleekoyhaa.fi\/wordpress\/wp-json\/wp\/v2\/types\/page"}],"author":[{"embeddable":true,"href":"https:\/\/www.kukakuunteleekoyhaa.fi\/wordpress\/wp-json\/wp\/v2\/users\/4"}],"replies":[{"embeddable":true,"href":"https:\/\/www.kukakuunteleekoyhaa.fi\/wordpress\/wp-json\/wp\/v2\/comments?post=400"}],"version-history":[{"count":32,"href":"https:\/\/www.kukakuunteleekoyhaa.fi\/wordpress\/wp-json\/wp\/v2\/pages\/400\/revisions"}],"predecessor-version":[{"id":2828,"href":"https:\/\/www.kukakuunteleekoyhaa.fi\/wordpress\/wp-json\/wp\/v2\/pages\/400\/revisions\/2828"}],"wp:attachment":[{"href":"https:\/\/www.kukakuunteleekoyhaa.fi\/wordpress\/wp-json\/wp\/v2\/media?parent=400"}],"curies":[{"name":"wp","href":"https:\/\/api.w.org\/{rel}","templated":true}]}}