{"id":407,"date":"2018-12-03T17:07:59","date_gmt":"2018-12-03T15:07:59","guid":{"rendered":"http:\/\/www.kukakuunteleekoyhaa.fi\/wordpress\/?page_id=407"},"modified":"2020-09-18T09:11:06","modified_gmt":"2020-09-18T06:11:06","slug":"tampere","status":"publish","type":"page","link":"https:\/\/www.kukakuunteleekoyhaa.fi\/wordpress\/tampere\/","title":{"rendered":"Tampere"},"content":{"rendered":"\n<h2>Kuka kuuntelee leip\u00e4jonojen k\u00f6yh\u00e4\u00e4? -keskustelutilaisuus<\/h2>\n\n\n\n<h2>21.9.2020 klo 15-17<\/h2>\n\n\n\n<h4>Nalkalan Setlementtitalolla, Nalkalankatu 12 G, Tampere<\/h4>\n\n\n\n<p>Paneelissa erikoisasiantuntijat, keskeiset toimijat ja p\u00e4\u00e4tt\u00e4j\u00e4t keskustelevat ruoka-avun tarpeista ja haasteista. Miksi leip\u00e4jonoja edelleen on, ja onko niille vaihtoehtoja? Keit\u00e4 ovat leip\u00e4jonojen k\u00f6yh\u00e4t, ja miksi my\u00f6s ty\u00f6ss\u00e4 k\u00e4yv\u00e4t joutuvat turvautumaan ruoka-apuun? Kuinka koronavirus on vaikuttanut avun tarpeeseen? Paneeli j\u00e4rjestet\u00e4\u00e4n samanaikaisesti n. 20 paikkakunnalla. Korona rajoittaa liveyleis\u00f6n m\u00e4\u00e4r\u00e4\u00e4, seuraa tiedotusta. Tilaisuus streamataan. J\u00e4rjest\u00e4j\u00e4t: 3K-verkosto ja Setlementti ry <\/p>\n\n\n\n<p>Mukana: Tampereen kaupunki, Tampereen seurakunnat, SPR, Via Dia, Jeesus Cafe, Nauha ry. ja poliittisia puolueita.<\/p>\n\n\n\n<div class=\"wp-block-file\"><a href=\"https:\/\/www.kukakuunteleekoyhaa.fi\/wordpress\/wp-content\/uploads\/2020\/09\/julkilausuma-Tampere.docx\">tiedote, julkaisuvapaa<\/a><a href=\"https:\/\/www.kukakuunteleekoyhaa.fi\/wordpress\/wp-content\/uploads\/2020\/09\/julkilausuma-Tampere.docx\" class=\"wp-block-file__button\" download>Download<\/a><\/div>\n\n\n\n<h5>Tiedustelut: Aluekoordinaattori anu.hirsiaho@3kverkosto.fi<\/h5>\n\n\n\n<h4>Kuka kuuntelee k\u00f6yh\u00e4\u00e4? -verkoston paneelikeskustelu j\u00e4rjestet\u00e4\u00e4n 29.1.2020 klo 17 &#8211; 19&nbsp; Nalkalan Setlementtitalolla, Nalkalankatu 12 G, Tampere.<\/h4>\n\n\n\n<h5> Aiheena on k\u00f6yhyys ja asuminen Tampereella.Tilaisuus on yleis\u00f6lle avoin ja paikalla on my\u00f6s median edustaja.&nbsp; <\/h5>\n\n\n\n<h5>Keskustelemassa muun muassa kaupunginvaltuutetut Minna Minkkinen (vas.), Olga Haapa-aho (vihr.) ja Noora Tapio (vas.) sek\u00e4 Tampereen kaupungin Asumisp\u00e4ivystys ja asumisyksik\u00f6iden ohjaaja Katja Ahonen<br><\/h5>\n\n\n\n<h5>Tule edist\u00e4m\u00e4\u00e4n yhteiskunnallista osallisuutta, vaikuttamaan sosiaaliturvan kokonaisuudistukseen ja v\u00e4hent\u00e4m\u00e4\u00e4n k\u00f6yhyytt\u00e4.&nbsp;<\/h5>\n\n\n\n<h4>L\u00e4mpim\u00e4sti tervetuloa! <\/h4>\n\n\n\n<figure class=\"wp-block-image is-resized\"><img data-attachment-id=\"2884\" data-permalink=\"https:\/\/www.kukakuunteleekoyhaa.fi\/wordpress\/dav-4\/\" data-orig-file=\"https:\/\/www.kukakuunteleekoyhaa.fi\/wordpress\/wp-content\/uploads\/2020\/01\/tampere-Kuka-kuuntelee-k\u00f6yh\u00e4\u00e4.jpg\" data-orig-size=\"2382,2894\" data-comments-opened=\"0\" data-image-meta=\"{&quot;aperture&quot;:&quot;2&quot;,&quot;credit&quot;:&quot;&quot;,&quot;camera&quot;:&quot;NEM-L21&quot;,&quot;caption&quot;:&quot;dav&quot;,&quot;created_timestamp&quot;:&quot;1555417066&quot;,&quot;copyright&quot;:&quot;&quot;,&quot;focal_length&quot;:&quot;3.79&quot;,&quot;iso&quot;:&quot;50&quot;,&quot;shutter_speed&quot;:&quot;0.000541&quot;,&quot;title&quot;:&quot;dav&quot;,&quot;orientation&quot;:&quot;1&quot;}\" data-image-title=\"Kuka kuuntelee k\u00f6yh\u00e4\u00e4? Tampereella\" data-image-description=\"&lt;p&gt;Kuka kuuntelee k\u00f6yh\u00e4\u00e4? teksti ja taustalla Tampereen taloja&lt;\/p&gt;\n\" data-image-caption=\"&lt;p&gt;Kuka kuuntelee k\u00f6yh\u00e4\u00e4? Tampereella&lt;\/p&gt;\n\" data-medium-file=\"https:\/\/www.kukakuunteleekoyhaa.fi\/wordpress\/wp-content\/uploads\/2020\/01\/tampere-Kuka-kuuntelee-k\u00f6yh\u00e4\u00e4-247x300.jpg\" data-large-file=\"https:\/\/www.kukakuunteleekoyhaa.fi\/wordpress\/wp-content\/uploads\/2020\/01\/tampere-Kuka-kuuntelee-k\u00f6yh\u00e4\u00e4-843x1024.jpg\" loading=\"lazy\" src=\"https:\/\/www.kukakuunteleekoyhaa.fi\/wordpress\/wp-content\/uploads\/2020\/01\/tampere-Kuka-kuuntelee-k\u00f6yh\u00e4\u00e4-843x1024.jpg\" alt=\"Kuka kuuntelee k\u00f6yh\u00e4\u00e4? Tampereella\" class=\"wp-image-2884\" width=\"321\" height=\"389\" srcset=\"https:\/\/www.kukakuunteleekoyhaa.fi\/wordpress\/wp-content\/uploads\/2020\/01\/tampere-Kuka-kuuntelee-k\u00f6yh\u00e4\u00e4-843x1024.jpg 843w, https:\/\/www.kukakuunteleekoyhaa.fi\/wordpress\/wp-content\/uploads\/2020\/01\/tampere-Kuka-kuuntelee-k\u00f6yh\u00e4\u00e4-247x300.jpg 247w, https:\/\/www.kukakuunteleekoyhaa.fi\/wordpress\/wp-content\/uploads\/2020\/01\/tampere-Kuka-kuuntelee-k\u00f6yh\u00e4\u00e4-768x933.jpg 768w, https:\/\/www.kukakuunteleekoyhaa.fi\/wordpress\/wp-content\/uploads\/2020\/01\/tampere-Kuka-kuuntelee-k\u00f6yh\u00e4\u00e4-100x121.jpg 100w, https:\/\/www.kukakuunteleekoyhaa.fi\/wordpress\/wp-content\/uploads\/2020\/01\/tampere-Kuka-kuuntelee-k\u00f6yh\u00e4\u00e4-150x182.jpg 150w, https:\/\/www.kukakuunteleekoyhaa.fi\/wordpress\/wp-content\/uploads\/2020\/01\/tampere-Kuka-kuuntelee-k\u00f6yh\u00e4\u00e4-200x243.jpg 200w, https:\/\/www.kukakuunteleekoyhaa.fi\/wordpress\/wp-content\/uploads\/2020\/01\/tampere-Kuka-kuuntelee-k\u00f6yh\u00e4\u00e4-300x364.jpg 300w, https:\/\/www.kukakuunteleekoyhaa.fi\/wordpress\/wp-content\/uploads\/2020\/01\/tampere-Kuka-kuuntelee-k\u00f6yh\u00e4\u00e4-450x547.jpg 450w, https:\/\/www.kukakuunteleekoyhaa.fi\/wordpress\/wp-content\/uploads\/2020\/01\/tampere-Kuka-kuuntelee-k\u00f6yh\u00e4\u00e4-600x729.jpg 600w, https:\/\/www.kukakuunteleekoyhaa.fi\/wordpress\/wp-content\/uploads\/2020\/01\/tampere-Kuka-kuuntelee-k\u00f6yh\u00e4\u00e4-900x1093.jpg 900w\" sizes=\"(max-width: 321px) 100vw, 321px\" \/><figcaption>Kuka kuuntelee k\u00f6yh\u00e4\u00e4? Tampereella<\/figcaption><\/figure>\n\n\n\n<p><br><\/p>\n\n\n\n<h3>Asunnottomien y\u00f6 Tampereella 17.10.2019<\/h3>\n\n\n\n<p><\/p>\n\n\n\n<h5>Tampereen Keskustorin Vanhankirkon pihassa j\u00e4rjestettiin Safka-aid -ruokailu Asunnottomien y\u00f6n\u00e4 17.10.2019. Sateesta ja viimasta huolimatta maksuton keitto, letut ja musiikki pitiv\u00e4t huolen l\u00e4mpim\u00e4st\u00e4 tunnelmasta. Kuka kuuntelee k\u00f6yh\u00e4\u00e4? -toimintaa esiteltiin kirkon tapulissa. Tarjan seurana tapulissa olivat Kelan edustaja sek\u00e4 tapuliin suojaan tullut pulu.<\/h5>\n\n\n\n<figure class=\"wp-block-image is-resized\"><img data-attachment-id=\"2196\" data-permalink=\"https:\/\/www.kukakuunteleekoyhaa.fi\/wordpress\/tarjan-kuva-3\/\" data-orig-file=\"https:\/\/www.kukakuunteleekoyhaa.fi\/wordpress\/wp-content\/uploads\/2019\/11\/tarjan-kuva-3.jpg\" data-orig-size=\"600,800\" data-comments-opened=\"0\" data-image-meta=\"{&quot;aperture&quot;:&quot;1.9&quot;,&quot;credit&quot;:&quot;&quot;,&quot;camera&quot;:&quot;SM-A520F&quot;,&quot;caption&quot;:&quot;&quot;,&quot;created_timestamp&quot;:&quot;1571321301&quot;,&quot;copyright&quot;:&quot;&quot;,&quot;focal_length&quot;:&quot;3.6&quot;,&quot;iso&quot;:&quot;320&quot;,&quot;shutter_speed&quot;:&quot;0.058823529411765&quot;,&quot;title&quot;:&quot;&quot;,&quot;orientation&quot;:&quot;1&quot;}\" data-image-title=\"Asunnottomien y\u00f6 2019\" data-image-description=\"&lt;p&gt;Kuvassa: Erikoisasiantuntija   Kuka kuunteleen k\u00f6yh\u00e4\u00e4? -esittelyp\u00f6yd\u00e4n takana&lt;\/p&gt;\n\" data-image-caption=\"&lt;p&gt;Kuka kuuntelee k\u00f6yh\u00e4\u00e4? -verkoston esittely Asunnottomien y\u00f6ss\u00e4 2019&lt;\/p&gt;\n\" data-medium-file=\"https:\/\/www.kukakuunteleekoyhaa.fi\/wordpress\/wp-content\/uploads\/2019\/11\/tarjan-kuva-3-225x300.jpg\" data-large-file=\"https:\/\/www.kukakuunteleekoyhaa.fi\/wordpress\/wp-content\/uploads\/2019\/11\/tarjan-kuva-3.jpg\" loading=\"lazy\" src=\"https:\/\/www.kukakuunteleekoyhaa.fi\/wordpress\/wp-content\/uploads\/2019\/11\/tarjan-kuva-3.jpg\" alt=\"Kuka kuuntelee k\u00f6yh\u00e4\u00e4? -verkoston esittely Asunnottomien y\u00f6ss\u00e4 2019\" class=\"wp-image-2196\" width=\"309\" height=\"412\" srcset=\"https:\/\/www.kukakuunteleekoyhaa.fi\/wordpress\/wp-content\/uploads\/2019\/11\/tarjan-kuva-3.jpg 600w, https:\/\/www.kukakuunteleekoyhaa.fi\/wordpress\/wp-content\/uploads\/2019\/11\/tarjan-kuva-3-225x300.jpg 225w, https:\/\/www.kukakuunteleekoyhaa.fi\/wordpress\/wp-content\/uploads\/2019\/11\/tarjan-kuva-3-100x133.jpg 100w, https:\/\/www.kukakuunteleekoyhaa.fi\/wordpress\/wp-content\/uploads\/2019\/11\/tarjan-kuva-3-150x200.jpg 150w, https:\/\/www.kukakuunteleekoyhaa.fi\/wordpress\/wp-content\/uploads\/2019\/11\/tarjan-kuva-3-200x267.jpg 200w, https:\/\/www.kukakuunteleekoyhaa.fi\/wordpress\/wp-content\/uploads\/2019\/11\/tarjan-kuva-3-300x400.jpg 300w, https:\/\/www.kukakuunteleekoyhaa.fi\/wordpress\/wp-content\/uploads\/2019\/11\/tarjan-kuva-3-450x600.jpg 450w\" sizes=\"(max-width: 309px) 100vw, 309px\" \/><figcaption>Kuka kuuntelee k\u00f6yh\u00e4\u00e4? -verkoston esittely Asunnottomien y\u00f6ss\u00e4 2019<\/figcaption><\/figure>\n\n\n\n<p><\/p>\n\n\n\n<p>Tampereen 3K-verkostoa koskevissa asioissa voit soittaa Reetta M\u00e4kip\u00e4\u00e4lle p. 050 476 1872 tai l\u00e4hett\u00e4\u00e4 s\u00e4hk\u00f6postia&nbsp;<strong> reetta.makipaa(at)setlementtitampere.fi<\/strong>&nbsp; tai&nbsp; <strong>kukakuunteleekoyhaa(at)setlementtitampere.fi<\/strong>&nbsp;<\/p>\n\n\n\n<p>Koko hankkeesta vastaa hankekoordinaattori Arja Tyynel\u00e4<\/p>\n\n\n\n<p> arja.tyynela@3kverkosto.fi \/ 040 524 7538.<\/p>\n\n\n\n<figure class=\"wp-block-image is-resized\"><img data-attachment-id=\"1612\" data-permalink=\"https:\/\/www.kukakuunteleekoyhaa.fi\/wordpress\/kuka-kuuntelee-koyhia-lapsiperheita-tampere-15-5-2019\/\" data-orig-file=\"https:\/\/www.kukakuunteleekoyhaa.fi\/wordpress\/wp-content\/uploads\/2019\/06\/Kuka-kuuntelee-k\u00f6yhi\u00e4-lapsiperheit\u00e4-Tampere-15.5.2019-e1561479009887.jpg\" data-orig-size=\"520,390\" data-comments-opened=\"0\" data-image-meta=\"{&quot;aperture&quot;:&quot;2&quot;,&quot;credit&quot;:&quot;&quot;,&quot;camera&quot;:&quot;E5823&quot;,&quot;caption&quot;:&quot;&quot;,&quot;created_timestamp&quot;:&quot;1557943990&quot;,&quot;copyright&quot;:&quot;&quot;,&quot;focal_length&quot;:&quot;4.23&quot;,&quot;iso&quot;:&quot;50&quot;,&quot;shutter_speed&quot;:&quot;0.025&quot;,&quot;title&quot;:&quot;&quot;,&quot;orientation&quot;:&quot;1&quot;}\" data-image-title=\"Kuka kuuntelee k\u00f6yhi\u00e4 lapsiperheit\u00e4 Tampere 15.5.2019\" data-image-description=\"\" data-image-caption=\"&lt;p&gt;Kuka kuuntelee k\u00f6yhi\u00e4 lapsiperheit\u00e4? -keskustelutilaisuuden panelistit Tampereella 15.5.2019&lt;\/p&gt;\n\" data-medium-file=\"https:\/\/www.kukakuunteleekoyhaa.fi\/wordpress\/wp-content\/uploads\/2019\/06\/Kuka-kuuntelee-k\u00f6yhi\u00e4-lapsiperheit\u00e4-Tampere-15.5.2019-300x225.jpg\" data-large-file=\"https:\/\/www.kukakuunteleekoyhaa.fi\/wordpress\/wp-content\/uploads\/2019\/06\/Kuka-kuuntelee-k\u00f6yhi\u00e4-lapsiperheit\u00e4-Tampere-15.5.2019-1024x768.jpg\" loading=\"lazy\" src=\"https:\/\/www.kukakuunteleekoyhaa.fi\/wordpress\/wp-content\/uploads\/2019\/06\/Kuka-kuuntelee-k\u00f6yhi\u00e4-lapsiperheit\u00e4-Tampere-15.5.2019-1024x768.jpg\" alt=\"\" class=\"wp-image-1612\" width=\"440\" height=\"330\"\/><figcaption>Kuva: Kuka kuuntelee k\u00f6yhi\u00e4 lapsiperheit\u00e4? -keskustelutilaisuuden panelistit Tampereella 15.5.2019<\/figcaption><\/figure>\n\n\n<h3>Tampereen kaupungin k\u00f6yhyysohjelma 2018-2021 <a href=\"https:\/\/www.kukakuunteleekoyhaa.fi\/wordpress\/wp-content\/uploads\/2019\/06\/Tampereen-kaupungin-k\u00f6yhyysohjelma-2018-2021.pdf\">avaa t\u00e4st\u00e4.<\/a><\/h3>\n<p><\/p>\n\n\n<p><\/p>\n","protected":false},"excerpt":{"rendered":"<p>Kuka kuuntelee leip\u00e4jonojen k\u00f6yh\u00e4\u00e4? -keskustelutilaisuus 21.9.2020 klo 15-17 Nalkalan Setlementtitalolla, Nalkalankatu 12 G, Tampere Paneelissa erikoisasiantuntijat, keskeiset toimijat ja p\u00e4\u00e4tt\u00e4j\u00e4t keskustelevat ruoka-avun tarpeista ja haasteista. Miksi leip\u00e4jonoja edelleen on, ja onko niille vaihtoehtoja? Keit\u00e4 ovat leip\u00e4jonojen k\u00f6yh\u00e4t, ja miksi my\u00f6s<span class=\"ellipsis\">&hellip;<\/span><\/p>\n<div class=\"read-more\"><a href=\"https:\/\/www.kukakuunteleekoyhaa.fi\/wordpress\/tampere\/\">Lue lis\u00e4\u00e4 \u203a<\/a><\/div>\n<p><!-- end of .read-more --><\/p>\n","protected":false},"author":4,"featured_media":0,"parent":0,"menu_order":0,"comment_status":"closed","ping_status":"closed","template":"","meta":{"spay_email":""},"jetpack_shortlink":"https:\/\/wp.me\/P8vRYp-6z","_links":{"self":[{"href":"https:\/\/www.kukakuunteleekoyhaa.fi\/wordpress\/wp-json\/wp\/v2\/pages\/407"}],"collection":[{"href":"https:\/\/www.kukakuunteleekoyhaa.fi\/wordpress\/wp-json\/wp\/v2\/pages"}],"about":[{"href":"https:\/\/www.kukakuunteleekoyhaa.fi\/wordpress\/wp-json\/wp\/v2\/types\/page"}],"author":[{"embeddable":true,"href":"https:\/\/www.kukakuunteleekoyhaa.fi\/wordpress\/wp-json\/wp\/v2\/users\/4"}],"replies":[{"embeddable":true,"href":"https:\/\/www.kukakuunteleekoyhaa.fi\/wordpress\/wp-json\/wp\/v2\/comments?post=407"}],"version-history":[{"count":73,"href":"https:\/\/www.kukakuunteleekoyhaa.fi\/wordpress\/wp-json\/wp\/v2\/pages\/407\/revisions"}],"predecessor-version":[{"id":3838,"href":"https:\/\/www.kukakuunteleekoyhaa.fi\/wordpress\/wp-json\/wp\/v2\/pages\/407\/revisions\/3838"}],"wp:attachment":[{"href":"https:\/\/www.kukakuunteleekoyhaa.fi\/wordpress\/wp-json\/wp\/v2\/media?parent=407"}],"curies":[{"name":"wp","href":"https:\/\/api.w.org\/{rel}","templated":true}]}}