{"id":41,"date":"2017-07-04T10:18:54","date_gmt":"2017-07-04T07:18:54","guid":{"rendered":"http:\/\/www.kukakuunteleekoyhaa.fi\/wordpress\/?page_id=41"},"modified":"2023-01-24T15:39:03","modified_gmt":"2023-01-24T13:39:03","slug":"historia","status":"publish","type":"page","link":"https:\/\/www.kukakuunteleekoyhaa.fi\/wordpress\/historia\/","title":{"rendered":"Historia"},"content":{"rendered":"\n<h2>2022<\/h2>\n\n\n\n<p><\/p>\n\n\n\n<p>28.10.2022 Ulkopuolisuuden ehk\u00e4isyn verkostotapaaminen Kirkon erityisnuorisoty\u00f6n p\u00e4iv\u00e4t<\/p>\n\n\n\n<p>26.10.2022 K\u00f6yhyytt\u00e4 kokeneet ja kansanedustajat samassa p\u00f6yd\u00e4ss\u00e4<\/p>\n\n\n\n<p>6.10.2022 Eduskunnan k\u00f6yhyysp\u00e4iv\u00e4<\/p>\n\n\n\n<p>29.9.2022 Kuka kuuntelee k\u00f6yh\u00e4\u00e4 Helsingin synodaalikokouksessa<\/p>\n\n\n\n<p>27.9.2022 Kuka kuuntelee k\u00f6yh\u00e4\u00e4 nuorta Espoossa<\/p>\n\n\n\n<p>1.9.2022 Kuka kuuntelee k\u00f6yh\u00e4\u00e4 Torniossa<\/p>\n\n\n\n<p>7.6.2022 Eduskunnan k\u00f6yhyysryhm\u00e4n seminaari<\/p>\n\n\n\n<div class=\"wp-block-columns\">\n<div class=\"wp-block-column\" style=\"flex-basis:100%\">\n<h2 class=\"has-text-align-left\">2019 &#8211; 2021<\/h2>\n\n\n\n<p><\/p>\n<\/div>\n<\/div>\n\n\n\n<p>Koronaepidemian nopeutti valtakunnallistumista, koska verkoston kokoontumiset j\u00e4rjestettiin et\u00e4n\u00e4. Digitaaliset tapaamiset mahdollistivat k\u00f6yhyytt\u00e4 kokeneille osallistumisen keskusteluihin aikaisempaa paremmin valtakunnallisesti, koska ei tarvinnut matkustaa kokouspaikkakunnalle. Matkustamiseen ei olisi ollut rahaa. Toisaalta digitapaamiset nostivat selke\u00e4sti esille ihmisten eriarvoisen aseman laitteiden ja verkkoyhteyksien osalta. Kaikilla ei sitten kuitenkaan ollut mahdollisuutta osallistua, koska laitteet eiv\u00e4t toimineet toivotulla tavalla.<\/p>\n\n\n\n<p>Viel\u00e4 vuonna 2021 hankkeella oli j\u00e4ljell\u00e4 STEA-avustusta. Siten verkostolla oli lokakuun loppuun asti koordinaattori (100%) ja viestint\u00e4vastaava (80%). My\u00f6s kaksi aluekoordinaattoria jatkoi vuonna 2021 aluetoiminnan ohjausta. Rahoituksen turvin Suoja-Pirtti toimi viel\u00e4 vuonna 2021 verkoston kotipes\u00e4n\u00e4.<\/p>\n\n\n\n<p>Verkosto j\u00e4rjesti keskustelutilaisuuksia yhdess\u00e4 muiden toimijoiden kanssa. Toimintaa 2021:<\/p>\n\n\n\n<ul><li>Mukana eduskunnan k\u00f6yhyysryhm\u00e4n toiminnassa ja tilaisuuksien j\u00e4rjest\u00e4misess\u00e4<\/li><li>Kirjeit\u00e4 ty\u00f6ministerille &#8211; py\u00f6re\u00e4n p\u00f6yd\u00e4n seminaari<\/li><li>Esiintymiskoulutuksia k\u00f6yhyytt\u00e4 kokeneille aina verkostokokouksen yhteydess\u00e4<\/li><li>Kuunteleeko kuntap\u00e4\u00e4tt\u00e4j\u00e4 omaishoitajaa?<\/li><li>Kuntavaaleihin liittyen keskustelutilaisuuksia eri paikkakunnilla ja kysely kuntavaaliehdokkaille<\/li><li>Kansainv\u00e4linen Kuka kuuntelee k\u00f6yh\u00e4\u00e4? -keskustelu Metropoliassa<\/li><li>K\u00f6yhyytt\u00e4 kokeneet ja kansanedustajat samassa p\u00f6yd\u00e4ss\u00e4 -keskustelutilaisuus<\/li><li>Kuka kuuntelee k\u00f6yh\u00e4\u00e4 nuorta?&nbsp; kirkon Erityisnuorisoty\u00f6n p\u00e4ivill\u00e4<\/li><li>Kuunteleeko kirkko k\u00f6yh\u00e4\u00e4? kirkon yhteiskuntaty\u00f6n p\u00e4ivill\u00e4<\/li><li>FB-ryhm\u00e4ss\u00e4 yli 7000 j\u00e4sent\u00e4 Ryhm\u00e4 on monipuolinen, keskustelu vilkasta vaikkakin paikoittain k\u00e4rk\u00e4st\u00e4.<\/li><li>Liitytty mukaan Ylen Hyvin sanottu -hankkeeseen.<\/li><\/ul>\n\n\n\n<p><\/p>\n\n\n\n<h4 class=\"has-text-align-left\"><br><\/h4>\n\n\n\n<p><strong>Kuka kuuntelee k\u00f6yh\u00e4\u00e4? -verkoston, k\u00f6yh\u00e4n \u00e4\u00e4ni maakunnissa -hankkeen ja vapaaehtoisryhm\u00e4n toteuttamat tilaisuudet 2021 &#8211; 2008<\/strong><\/p>\n\n\n\n<figure class=\"wp-block-table is-style-stripes\"><table class=\"has-fixed-layout\"><tbody><tr><td><\/td><td><\/td><\/tr><tr><td>10\/2021<\/td><td>3k Talk -tilaisuus; lapsiperhek\u00f6yhyys, Lahti<\/td><\/tr><tr><td><br>9\/2021<\/td><td>3k Talk -tilaisuus in english, Helsinki<\/td><\/tr><tr><td>9\/2021<\/td><td>Kuka kuuntelee leip\u00e4jonojen k\u00f6yh\u00e4\u00e4? -tapahtuma ruoka-avusta yli 15 paikkakunnalla<\/td><\/tr><tr><td>5\/2021<\/td><td>3k Talk -tilaisuudet teemana asunnottomuus; Lahti, Helsinki, Espoo<\/td><\/tr><tr><td>4\/2021<\/td><td>3k Talk -tilaisuus, Lahti<\/td><\/tr><tr><td>3\/2021<\/td><td>3k Talk -tilaisuuksia; Lahti, Jokela, Helsinki, Jyv\u00e4skyl\u00e4, Tampere<\/td><\/tr><tr><td><\/td><td><\/td><\/tr><tr><td><\/td><td><\/td><\/tr><tr><td>6\/2020<\/td><td>3k Talk -suunnittelukokous, Lahti<br>3k Talk -suunnittelukokous, Rovaniemi<\/td><\/tr><tr><td>4 &#8211; 8\/2020<\/td><td>Tilaisuudet peruttu, Covid-19<\/td><\/tr><tr><td>12.03.2020<\/td><td>Kuka kuuntelee k\u00f6yh\u00e4\u00e4 Kelassa -seminaari ja arkip\u00e4iv\u00e4n kokemuksia k\u00f6yhyydest\u00e4 kirjoituskilpailun palkintojenjako,&nbsp; Kelan p\u00e4\u00e4konttori, Helsinki<\/td><\/tr><tr><td><br>09.03.2020<\/td><td>Rahat tuli &#8211; Rahat meni, Kuka kuuntelee k\u00f6yh\u00e4\u00e4? -keskustelutilaisuus Turussa, aiheena ulosotto ja tukity\u00f6llist\u00e4minen<\/td><\/tr><tr><td><br>29.01.2020&nbsp;<\/td><td>Kuka kuuntelee k\u00f6yh\u00e4\u00e4? -keskustelutilaisuus Tampereella, aiheena k\u00f6yhyys ja asuminen Tampereella<\/td><\/tr><tr><td>22.01.2020<\/td><td>Kuka kuuntelee k\u00f6yh\u00e4\u00e4? -keskustelutilaisuus Puumalassa, aiheena Miksi p\u00e4\u00e4tt\u00e4j\u00e4n kannattaa kuunnella k\u00f6yh\u00e4\u00e4?<\/td><\/tr><tr><td><\/td><td><\/td><\/tr><tr><td>09.12.2019<\/td><td>Pilotti Pep palautekeskustelu, Helsinki, Suoja-Pirtti<\/td><\/tr><tr><td>27.11.2019<\/td><td>Miten hallitusohjelma vastaa haasteeseen, Eduskunnan k\u00f6yhyysryhm\u00e4n kanssa, Helsinki<\/td><\/tr><tr><td>27.11.2019<\/td><td>Tulot on &#8211; Tuloton, Turun ensimm\u00e4inen Kuka kuuntelee k\u00f6yh\u00e4\u00e4? -keskustelutilaisuus<\/td><\/tr><tr><td>19.11.2019<\/td><td>Ole vaikuttava kansalainen -koulutus,kansalaisvaikuttamista; Jouko Karjalainen, tapausesimerkki ja Kuka kuuntelee k\u00f6yh\u00e4\u00e4? -verkoston esittely, Jyv\u00e4skyl\u00e4<br><br><\/td><\/tr><tr><td>17.10.2019<\/td><td>Asunnottomien y\u00f6, Helsinki<br><br>Kun kodittomuus koskettaa, H\u00e4meenlinna<br><br>Asunnot on &#8211; vai Asunnoton, Jyv\u00e4skyl\u00e4<br><br>Asunnottomien y\u00f6, standy yhdess\u00e4 Setlementti Tampereen kanssa, Tampere<\/td><\/tr><tr><td>15.10.2019<\/td><td>Asumisen Varjot H\u00e4meenlinnassa<\/td><\/tr><tr><td>25.09.2019<\/td><td>Keskustelutilaisuus naisten asunnottomuudesta. J\u00e4rjest\u00e4jin\u00e4 Kuka kuuntelee k\u00f6yh\u00e4\u00e4? -verkosto ja NEA -naiserityisyys asunnottomuusty\u00f6ss\u00e4 -hanke, Helsinki<\/td><\/tr><tr><td>23.-24.9.2019<\/td><td>No Labels No Walls -liikkeen kansaninv\u00e4linen festivaali. 3K esittelystandy, K\u00f6yhyyskeskustelu\/Py\u00f6r\u00e4ilykierros ja Samalta viivalta -yhdenvertaisuuspeli, Oodi, Helsinki<\/td><\/tr><tr><td>11.09.2019<\/td><td>Kuka kuuntelee k\u00f6yh\u00e4\u00e4? -toiminnan esittelytilaisuus Turussa&nbsp; II<\/td><\/tr><tr><td>23.08.2019<\/td><td>3K tutuksi Puumalassa<\/td><\/tr><tr><td>12.07.2019<\/td><td>Tour de Vaivaisukot, Kuka kuuntelee k\u00f6yh\u00e4\u00e4? Keski-Pohjanmaalla? -keskustelutilaisuus, Kaustisen seurakuntatalo, Pohjanmaa<\/td><\/tr><tr><td>28.05.2019<\/td><td>Kuka kuuntelee k\u00f6yh\u00e4\u00e4? -verkoston K\u00f6yh\u00e4n \u00e4\u00e4ni kuuluviin maakunnissa -hanke tutuksi turkulaisille, Turku<\/td><\/tr><tr><td>25.05.2019<\/td><td>Pilotti Pep&nbsp; yhteisty\u00f6teematapaaminen; EAPN Fin kansalaistoimintaryhm\u00e4 ja 3K verkosto, Helsinki<\/td><\/tr><tr><td>24.05.2019<\/td><td>3K verkostotapaaminen, Helsinki, Suoja-Pirtti<\/td><\/tr><tr><td>16.05.2019<\/td><td>3K Tutuksi Pohjois-Karjala, Joensuu, Nurmes (Skype)<\/td><\/tr><tr><td>15.05.2019<br><\/td><td>Kuka kuuntelee k\u00f6yhi\u00e4 lapsiperheit\u00e4? Tampere<br><\/td><\/tr><tr><td>03.04.2019<br><\/td><td>Haluatko kansanedustajaksi? Kansanedustajaehdokkaiden ty\u00f6h\u00f6nottohaastattelu keskustelutilaisuus Tampereella<br><\/td><\/tr><tr><td>02.04.2019<br><\/td><td>Onko k\u00f6yhyys kallista? Sein\u00e4joki<br><\/td><\/tr><tr><td>01.04.2019<br><\/td><td>Kurjana, k\u00f6yh\u00e4n\u00e4 kansanel\u00e4kkeell\u00e4 &#8211; t\u00e4h\u00e4nk\u00f6 min\u00e4 t\u00e4ht\u00e4sin? Jyv\u00e4skyl\u00e4<br><\/td><\/tr><tr><td>25.03.2019<br><\/td><td>Kuka kuuntelee k\u00f6yh\u00e4\u00e4? &#8211; Kenen pit\u00e4isi kuunnella? 3K Talk H\u00e4meenlinnassa<br><\/td><\/tr><tr><td>06.02.2019<\/td><td>3K -esittely ja verkostopalaveri, Tampere<\/td><\/tr><tr><td>24.01.2019<\/td><td>Velkamessut, esittely ja standy, Jyv\u00e4skyl\u00e4<\/td><\/tr><tr><td><\/td><td><\/td><\/tr><\/tbody><\/table><\/figure>\n\n\n\n<h4><br><\/h4>\n\n\n\n<p><\/p>\n\n\n\n<figure class=\"wp-block-table alignwide is-style-stripes\"><table class=\"has-fixed-layout\"><tbody><tr><td>04.05.2019<\/td><td>Ty\u00f6el\u00e4m\u00e4n k\u00e4tketyt kamppailut -vammaiset yritt\u00e4jin\u00e4, Helsinki<\/td><\/tr><tr><td>08.04.2019<\/td><td>Hiljainen k\u00f6yhyys Turussa -seminaari, j\u00e4rjest\u00e4jin\u00e4 EAPN ja 3K -verkosto<\/td><\/tr><tr><td>05.03.2019<\/td><td>Riitt\u00e4\u00e4k\u00f6 raha perusturvaan? , Eduskunnan k\u00f6yhyysryhm\u00e4n kanssa, Helsinki<\/td><\/tr><tr><td>29.01.2019<\/td><td>Kuka kuuntelee harvinaisesti sairasta k\u00f6yh\u00e4\u00e4? Helsinki<\/td><\/tr><\/tbody><\/table><\/figure>\n\n\n\n<h2 class=\"has-text-align-left\">2018<\/h2>\n\n\n\n<figure class=\"wp-block-table alignwide is-style-stripes\"><table class=\"has-fixed-layout\"><tbody><tr><td>29.11.2018<\/td><td>Osallisuusseminaari + Toimintojen talo, Olkkari, J\u00e4rjest\u00f6talo<\/td><\/tr><tr><td>26.11.2018<\/td><td>Kunnioitettavasti k\u00f6yhyydest\u00e4 &amp; K\u00f6yh\u00e4 mediassa oppaan julkistamistilaisuus<\/td><\/tr><tr><td>29.10.2018<\/td><td>Kuka kuuntelee k\u00f6yh\u00e4\u00e4 opiskelijaa?<\/td><\/tr><tr><td>10.10.2018<\/td><td>Koske -verkostotapaaminen, Jouko Karjalainen ja 3K esittelytilaisuus, Jyv\u00e4skyl\u00e4<\/td><\/tr><tr><td>12.09.2018<\/td><td>K\u00f6yh\u00e4 julkisuudessa -keskustelutilaisuus<\/td><\/tr><tr><td>15.08.2018<\/td><td>Onko Tampereella k\u00f6yhi\u00e4? -keskustelutilaisuus<\/td><\/tr><tr><td>13.06-16.06.2018<\/td><td>ENIM \u2013bussikiertue, Helsinki-Tampere-Turku; k\u00f6yhyysverkoston toiminnan fokuksessa EMIN-hanke<\/td><\/tr><tr><td>30.05.2018<\/td><td>Puhep\u00e4iv\u00e4t, Hyvink\u00e4\u00e4<\/td><\/tr><tr><td>22.05.2018<\/td><td>Vankimessut Dallap\u00e9n puisto, Helsinki<\/td><\/tr><tr><td>17.05.-28.06.2018<\/td><td>EMIN bussikiertue, Juha Salden markkinoimassa 3K verkostoa.<\/td><\/tr><tr><td>08.-09.05.2018<\/td><td>Terve Sos -p\u00e4iv\u00e4t H\u00e4meenlinnan Verkatehtaalla. 3K verkosto THL:n vieraana, teemana Jouko-oppia.<\/td><\/tr><tr><td>22.04.2018<\/td><td>Kirottu perint\u00e4 ja ulosottobisnes<\/td><\/tr><tr><td>18.04.2018<\/td><td>K\u00f6yh\u00e4 julkisuudessa -kuulemistilaisuus<\/td><\/tr><\/tbody><\/table><\/figure>\n\n\n\n<h2 class=\"has-text-align-left\">2017<\/h2>\n\n\n\n<figure class=\"wp-block-table alignwide is-style-stripes\"><table class=\"has-fixed-layout\"><tbody><tr><td>04.12.2017<\/td><td>Kuka kuuntelee k\u00f6yh\u00e4\u00e4 takuuel\u00e4kel\u00e4ist\u00e4?<\/td><\/tr><tr><td>27.11.2017<\/td><td>Kunnioittavasti k\u00f6yhyydest\u00e4 palkinnon julkistamistilaisuus<\/td><\/tr><tr><td>23.11.2017<\/td><td>Kuunteleeko Kela sinua toimeentulotuessa?<\/td><\/tr><tr><td>18.11.2017<\/td><td>K\u00f6yh\u00e4t ritarit ravintolap\u00e4iv\u00e4<\/td><\/tr><tr><td>24.10.2017<\/td><td>Ty\u00f6ss\u00e4k\u00e4yv\u00e4t k\u00f6yh\u00e4t<\/td><\/tr><tr><td>01.06.2017<\/td><td>Toimeentulotuki, asiakasmaksut ja taloudellinen ahdinko.<\/td><\/tr><tr><td>19.04.2017<\/td><td>Toisten nurkista leip\u00e4jonoon<\/td><\/tr><tr><td>27.03.2017<\/td><td>Kuka kuuntelee k\u00f6yh\u00e4\u00e4 Kuopiossa?<\/td><\/tr><\/tbody><\/table><\/figure>\n\n\n\n<h2>2016<\/h2>\n\n\n\n<figure class=\"wp-block-table alignwide is-style-stripes\"><table class=\"has-fixed-layout\"><tbody><tr><td>27.11.2016<\/td><td><a href=\"https:\/\/www.kukakuunteleekoyhaa.fi\/wordpress\/kutsunayttely-koyhyys-on-katsojan-silmissa\/\" target=\"_blank\" rel=\"noopener\">K\u00f6yhyys on katsojan silmiss\u00e4<\/a><\/td><\/tr><tr><td>05.10.2016<\/td><td><a href=\"https:\/\/www.kukakuunteleekoyhaa.fi\/wordpress\/kunnollisen-tyottoman-tyomarkkinat\/\" target=\"_blank\" rel=\"noopener\">Kunnollisen ty\u00f6tt\u00f6m\u00e4n ty\u00f6markkinat<\/a><\/td><\/tr><tr><td>15.07.2016<\/td><td><a href=\"https:\/\/www.kukakuunteleekoyhaa.fi\/wordpress\/tour-de-vaivaisukot-2016\/\" target=\"_blank\" rel=\"noopener\">Tour de Vaivaisukot<\/a><\/td><\/tr><tr><td>06.07.2016<\/td><td><a href=\"https:\/\/www.kukakuunteleekoyhaa.fi\/wordpress\/vaivaisukot-kellotapulissa\/\" target=\"_blank\" rel=\"noopener\">Vaivaisukot kellotapulissa<\/a><\/td><\/tr><tr><td>16.04.2016<\/td><td><a href=\"https:\/\/www.kukakuunteleekoyhaa.fi\/wordpress\/sosiaalifoorumi-16-4-2016\/\" target=\"_blank\" rel=\"noopener\">Sosiaalifoorumi<\/a><\/td><\/tr><tr><td>02.03.2016<\/td><td><a href=\"https:\/\/www.kukakuunteleekoyhaa.fi\/wordpress\/onko-suomessa-enaa-sosiaaliturvaa\/\" target=\"_blank\" rel=\"noopener\">Onko Suomessa en\u00e4\u00e4 sosiaaliturvaa?<\/a><\/td><\/tr><\/tbody><\/table><\/figure>\n\n\n\n<h2>2015<\/h2>\n\n\n\n<figure class=\"wp-block-table alignwide is-style-stripes\"><table class=\"has-fixed-layout\"><tbody><tr><td>16.11.2015<\/td><td><a href=\"https:\/\/www.kukakuunteleekoyhaa.fi\/wordpress\/kuka-kuuntelee-osatyokykyista-koyhaa\/\" target=\"_blank\" rel=\"noopener\">Kuka kuuntelee osaty\u00f6kykyist\u00e4 k\u00f6yh\u00e4\u00e4?<\/a><\/td><\/tr><tr><td>22.09.2015<\/td><td><a href=\"https:\/\/www.kukakuunteleekoyhaa.fi\/wordpress\/havikkiseminaari-ylijaamaruoka-koyhille-vai-kaatopaikalle\/\" target=\"_blank\" rel=\"noopener\">H\u00e4vikkiseminaari<\/a><\/td><\/tr><tr><td>11.07.2015<\/td><td><a href=\"https:\/\/www.kukakuunteleekoyhaa.fi\/wordpress\/tour-de-vaivaisukot-2\/\" target=\"_blank\" rel=\"noopener\">Tour de Vaivaisukot<\/a><\/td><\/tr><tr><td>16.05.2015<\/td><td><a href=\"https:\/\/www.kukakuunteleekoyhaa.fi\/wordpress\/ravintolapaiva-16-5-2015\/\" target=\"_blank\" rel=\"noopener\">Ravintolap\u00e4iv\u00e4<\/a><\/td><\/tr><tr><td>14.05.2015<\/td><td><a href=\"https:\/\/www.kukakuunteleekoyhaa.fi\/wordpress\/sobernaut-party\/\" target=\"_blank\" rel=\"noopener\">Sobernaut-party<\/a><\/td><\/tr><tr><td>04.03.2015<\/td><td><a href=\"https:\/\/www.kukakuunteleekoyhaa.fi\/wordpress\/tyokaapeli-hankkeen-paatosseminaari\/\" target=\"_blank\" rel=\"noopener\">Ty\u00f6Kaapeli-hankkeen p\u00e4\u00e4t\u00f6sseminaari<\/a><\/td><\/tr><tr><td>04.02.2015<\/td><td><a href=\"https:\/\/www.kukakuunteleekoyhaa.fi\/wordpress\/kuka-kuuntelee-omaishoitajaa\/\" target=\"_blank\" rel=\"noopener\">Kuka kuuntelee omaishoitajaa?<\/a><\/td><\/tr><\/tbody><\/table><\/figure>\n\n\n\n<h2>2014<\/h2>\n\n\n\n<figure class=\"wp-block-table alignwide is-style-stripes\"><table class=\"has-fixed-layout\"><tbody><tr><td>26.11.2014<\/td><td><a href=\"https:\/\/www.kukakuunteleekoyhaa.fi\/wordpress\/kuka-kuuntelee-koyhaa-mihin-vahimmaisturva-riittaa\/\" target=\"_blank\" rel=\"noopener\">Mihin v\u00e4himm\u00e4isturva riitt\u00e4\u00e4?<\/a><\/td><\/tr><tr><td>15.11.2014<\/td><td><a href=\"https:\/\/www.kukakuunteleekoyhaa.fi\/wordpress\/klikkaa-kuvaa\/\" target=\"_blank\" rel=\"noopener\">K\u00f6yh\u00e4t ritarit Baanalla<\/a><\/td><\/tr><tr><td>28.10.2014<\/td><td><a href=\"https:\/\/www.kukakuunteleekoyhaa.fi\/wordpress\/pasilan-asukasilta-asumisyksikko-takapihallani\/\" target=\"_blank\" rel=\"noopener\">Pasilan asukasilta &#8221;Asumisyksikk\u00f6 takapihallani&#8221;<\/a><\/td><\/tr><tr><td>17.05.2014<\/td><td><a href=\"https:\/\/www.kukakuunteleekoyhaa.fi\/wordpress\/kuule-koyhaa-paiva-17-5-2014\/\" target=\"_blank\" rel=\"noopener\">Kuule k\u00f6yh\u00e4\u00e4-p\u00e4iv\u00e4<\/a><\/td><\/tr><tr><td>08.05.2014<\/td><td><a href=\"https:\/\/www.kukakuunteleekoyhaa.fi\/wordpress\/keta-osallistava-sosiaaliturva-osallistaa\/\" target=\"_blank\" rel=\"noopener\">Ket\u00e4 osallistava sosiaaliturva osallistaa?<\/a><\/td><\/tr><tr><td>25.02.2014<\/td><td><a href=\"https:\/\/www.kukakuunteleekoyhaa.fi\/wordpress\/ahistaako-koyhyys-vai-koyhdyttaako-ahistus\/\" target=\"_blank\" rel=\"noopener\">Ahistaako k\u00f6yhyys vai k\u00f6yhdytt\u00e4k\u00f6 ahistus?<\/a><\/td><\/tr><tr><td>11.02.2014<\/td><td><a href=\"https:\/\/www.kukakuunteleekoyhaa.fi\/wordpress\/katiska-vai-turva-mita-toimeentulotuelle-pitaisi-tehda\/\" target=\"_blank\" rel=\"noopener\">Katiska vai turva &#8211; mit\u00e4 toimeentulotuelle pit\u00e4isi tehd\u00e4?<\/a><\/td><\/tr><\/tbody><\/table><\/figure>\n\n\n\n<h2>2013<\/h2>\n\n\n\n<figure class=\"wp-block-table alignwide is-style-stripes\"><table class=\"has-fixed-layout\"><tbody><tr><td>26.11.2013<\/td><td><a href=\"https:\/\/www.kukakuunteleekoyhaa.fi\/wordpress\/omax-vai-velax-nuoret-ja-talous\/\" target=\"_blank\" rel=\"noopener\">Omax vai Velax? Nuorten talous<\/a><\/td><\/tr><tr><td>26.11.2013<\/td><td><a href=\"https:\/\/www.kukakuunteleekoyhaa.fi\/wordpress\/tyollisyys-terveys-ja-hyvinvointi-paltamon-tyollistamismallin-vaikutusten-arviointitutkimus-2009-2013-paatosseminaari\/\" target=\"_blank\" rel=\"noopener\">Ty\u00f6llisyys, terveys ja hyvinvointi. Paltamon ty\u00f6llist\u00e4mismallin vaikutusten arviointitutkimus 2009-2013 &#8211; p\u00e4\u00e4t\u00f6sseminaari<\/a><\/td><\/tr><tr><td>25.10.2013<\/td><td><a href=\"https:\/\/www.kukakuunteleekoyhaa.fi\/wordpress\/osallistava-sosiaaliturva-seminaari\/\" target=\"_blank\" rel=\"noopener\">Osallistava sosiaaliturva -seminaari<\/a><\/td><\/tr><tr><td>25.05.2013<\/td><td><a href=\"https:\/\/www.kukakuunteleekoyhaa.fi\/wordpress\/koyhyyden-vastainen-tapahtuma-tampereella\/\" target=\"_blank\" rel=\"noopener\">K\u00f6yhyyden vastainen tapahtuma Tampereella<\/a><\/td><\/tr><tr><td>21.03.2013<\/td><td><a href=\"https:\/\/www.kukakuunteleekoyhaa.fi\/wordpress\/suuri-selviytymisilta\/\" target=\"_blank\" rel=\"noopener\">Suuri selviytymisilta<\/a><\/td><\/tr><\/tbody><\/table><\/figure>\n\n\n\n<h2>2012<\/h2>\n\n\n\n<figure class=\"wp-block-table alignwide is-style-stripes\"><table class=\"has-fixed-layout\"><tbody><tr><td>04.12.2012<\/td><td><a href=\"https:\/\/www.kukakuunteleekoyhaa.fi\/wordpress\/monikulttuurinen-koyhyys\/\" target=\"_blank\" rel=\"noopener\">Maahan muuttaneiden k\u00f6yhyys<\/a><\/td><\/tr><tr><td>06.11.2012<\/td><td><a href=\"https:\/\/www.kukakuunteleekoyhaa.fi\/wordpress\/kohtaako-sosiaalityo-koyhyyden-teemaseminaari\/\" target=\"_blank\" rel=\"noopener\">Kohtaako sosiaality\u00f6 k\u00f6yhyyden -teemaseminaari<\/a><\/td><\/tr><tr><td>03.04.2012<\/td><td>Markkinah\u00e4iri\u00f6<\/td><\/tr><tr><td>20.03.2012<\/td><td><a href=\"https:\/\/www.kukakuunteleekoyhaa.fi\/wordpress\/ruoka-ja-raha-mista-ruokaraha\/\" target=\"_blank\" rel=\"noopener\">Ruoka ja raha &#8211; mist\u00e4 ruokaraha?<\/a><\/td><\/tr><\/tbody><\/table><\/figure>\n\n\n\n<h2>2011<\/h2>\n\n\n\n<figure class=\"wp-block-table alignwide is-style-stripes\"><table class=\"has-fixed-layout\"><tbody><tr><td>17.11.2011<\/td><td>Perint\u00e4toimistot ruotuun<\/td><\/tr><tr><td>10.10.2011<\/td><td>Kuka kuuntelee ty\u00f6t\u00f6nt\u00e4 nuorta?<\/td><\/tr><tr><td>28.09.2011<\/td><td>Ty\u00f6 on parasta sosiaaliturvaa &#8211; jos sill\u00e4 tulee toimeen<\/td><\/tr><tr><td>02.04.2011<\/td><td>Teht\u00e4v\u00e4 Suomelle &#8211; Kitket\u00e4\u00e4n k\u00f6yhyys kunnollisella koulutuksella<\/td><\/tr><tr><td>01.02.2011<\/td><td><a href=\"https:\/\/www.kukakuunteleekoyhaa.fi\/wordpress\/kuka-kuuntelee-koyhaa-auttamisen-uudet-tuulet\/\" target=\"_blank\" rel=\"noopener\">Auttamisen uudet tuulet<\/a><\/td><\/tr><\/tbody><\/table><\/figure>\n\n\n\n<h2>2010<\/h2>\n\n\n\n<figure class=\"wp-block-table alignwide is-style-stripes\"><table class=\"has-fixed-layout\"><tbody><tr><td>30.11.2010<\/td><td>Kuka kuuntelee k\u00f6yh\u00e4\u00e4 -ryhm\u00e4n toimenpide-ehdotuksia tuleviin hallitusneuvotteluihin<\/td><\/tr><tr><td>23.11.2010<\/td><td>Stop k\u00f6yhyys! \u2013p\u00e4iv\u00e4\u00e4 Kuka kuuntelee k\u00f6yh\u00e4\u00e4 mielenterveyskuntoutujaa?<\/td><\/tr><tr><td>7.10.2010<br><\/td><td>Kuka kuuntelee k\u00f6yh\u00e4\u00e4 mielenterveyskuntoutujaa?<\/td><\/tr><tr><td>4.10.2010<br><\/td><td>Kuka kuuntelee k\u00f6yh\u00e4\u00e4 sosiaaliturvan viidakossa?<\/td><\/tr><tr><td>22.09.2010<\/td><td>Kuka kuuntelee k\u00f6yh\u00e4\u00e4 taiteilijaa ja tutkijaa?<\/td><\/tr><tr><td>28.08.2010<\/td><td>Kuka kuuntelee k\u00f6yh\u00e4\u00e4 Rovaniemell\u00e4?<\/td><\/tr><tr><td>20.07.2010<\/td><td>Kuka kuuntelee k\u00f6yh\u00e4\u00e4 yksinhuoltajaa?<\/td><\/tr><tr><td>26.05.2010<\/td><td>Vem lyssnar p\u00e5 en fattig invandrare?<\/td><\/tr><tr><td>17.03.2010<\/td><td>T\u00e4\u00e4lt\u00e4 tullaan el\u00e4m\u00e4. Lapsiperheiden k\u00f6yhyys ja ruokaturva<\/td><\/tr><tr><td>01.03.2010<\/td><td>Lomautetut, irtisanotut ja poispotkitut<\/td><\/tr><tr><td>18.2.2010<\/td><td>Suhdanteiden heiluttelemat<\/td><\/tr><\/tbody><\/table><\/figure>\n\n\n\n<h2>2009<\/h2>\n\n\n\n<figure class=\"wp-block-table alignwide is-style-stripes\"><table class=\"has-fixed-layout\"><tbody><tr><td>2.12.2009<\/td><td><a href=\"http:\/\/koyhyyskirjoitukset.org\/kuka_kuuntelee_koyhaa-2009-12.html\" target=\"\u201d_blank\u201d\" rel=\"noopener\">Perustulo \u2013 EVVK?<\/a><\/td><\/tr><tr><td>21.10.2009<\/td><td><a href=\"http:\/\/koyhyyskirjoitukset.org\/kuka_kuuntelee_koyhaa-2009-10.html\" target=\"\u201d_blank\u201d\" rel=\"noopener\">Asiakasmaksut ja terveyserot<\/a><\/td><\/tr><tr><td>6.5.2009<br><\/td><td><a href=\"http:\/\/koyhyyskirjoitukset.org\/kuka_kuuntelee_koyhaa-2009-05.html\" target=\"\u201d_blank\u201d\" rel=\"noopener\">Onko kaveri jo j\u00e4tetty?<\/a><\/td><\/tr><tr><td>31.3.2009&nbsp;<\/td><td><a href=\"http:\/\/koyhyyskirjoitukset.org\/kuka_kuuntelee_koyhaa-2009-03.html\" target=\"\u201d_blank\u201d\" rel=\"noopener\">Kuka kuuntelee velka-ahdingossa<br>olevaa?<\/a><\/td><\/tr><tr><td>11.2.2009<\/td><td><a href=\"http:\/\/koyhyyskirjoitukset.org\/kuka_kuuntelee_koyhaa-2009-02.html\" target=\"\u201d_blank\u201d\" rel=\"noopener\">Kuuleeko kukaan vammaista k\u00f6yh\u00e4\u00e4?<\/a><\/td><\/tr><\/tbody><\/table><\/figure>\n\n\n\n<h2>2008<\/h2>\n\n\n\n<figure class=\"wp-block-table alignwide is-style-stripes\"><table class=\"has-fixed-layout\"><tbody><tr><td>2.12.2008&nbsp;<\/td><td><a href=\"http:\/\/koyhyyskirjoitukset.org\/kuka_kuuntelee_koyhaa-2008-12.html\" target=\"\u201d_blank\u201d\" rel=\"noopener\">Kuuleeko kukaan yksinel\u00e4v\u00e4\u00e4 k\u00f6yh\u00e4\u00e4?<\/a><\/td><\/tr><tr><td>15.10.2008<\/td><td><a href=\"http:\/\/koyhyyskirjoitukset.org\/kuka_kuuntelee_koyhaa-2008-10.html\" target=\"\u201d_blank\u201d\" rel=\"noopener\">Kuunteleeko Sata-komitea k\u00f6yh\u00e4\u00e4<br>sosiaaliturvan kokonaisuudistuksessa?<\/a><\/td><\/tr><tr><td>10.-11.4.2008<\/td><td><a href=\"http:\/\/koyhyyskirjoitukset.org\/numeron_voima_sanan_valta.html\" target=\"\u201d_blank\u201d\" rel=\"noopener\">Numeron voima, sanan valta<\/a> (Kuka <br>kuuntelee k\u00f6yh\u00e4\u00e4 -keskustelusarjaa<br>l\u00e4hdettiin suunnittelemaan seminaarissa<br>k\u00e4ytyjen keskustelujen viritt\u00e4m\u00e4n\u00e4.<br>J\u00e4rjestelyiss\u00e4 mukana olivat Sakari<br>H\u00e4nninen, Anna-Maria Isola, Jouko<br>Karjalainen, Meri Larivaara, Juha<br>Mikkonen, Reetta Ruokonen ja Lauri<br>Vuorenkoski.)<\/td><\/tr><\/tbody><\/table><\/figure>\n\n\n\n<p><a href=\"http:\/\/koyhyyskirjoitukset.org\/\" target=\"\u201d_blank\u201d\" rel=\"noopener\">Lue t\u00e4st\u00e4 lis\u00e4\u00e4 k\u00f6yhyytt\u00e4 k\u00e4sittelevi\u00e4 artikkeleita.<\/a><\/p>\n","protected":false},"excerpt":{"rendered":"<p>2022 28.10.2022 Ulkopuolisuuden ehk\u00e4isyn verkostotapaaminen Kirkon erityisnuorisoty\u00f6n p\u00e4iv\u00e4t 26.10.2022 K\u00f6yhyytt\u00e4 kokeneet ja kansanedustajat samassa p\u00f6yd\u00e4ss\u00e4 6.10.2022 Eduskunnan k\u00f6yhyysp\u00e4iv\u00e4 29.9.2022 Kuka kuuntelee k\u00f6yh\u00e4\u00e4 Helsingin synodaalikokouksessa 27.9.2022 Kuka kuuntelee k\u00f6yh\u00e4\u00e4 nuorta Espoossa 1.9.2022 Kuka kuuntelee k\u00f6yh\u00e4\u00e4 Torniossa 7.6.2022 Eduskunnan k\u00f6yhyysryhm\u00e4n seminaari 2019<span class=\"ellipsis\">&hellip;<\/span><\/p>\n<div class=\"read-more\"><a href=\"https:\/\/www.kukakuunteleekoyhaa.fi\/wordpress\/historia\/\">Lue lis\u00e4\u00e4 \u203a<\/a><\/div>\n<p><!-- end of .read-more --><\/p>\n","protected":false},"author":9,"featured_media":0,"parent":0,"menu_order":6,"comment_status":"closed","ping_status":"closed","template":"","meta":{"spay_email":""},"jetpack_shortlink":"https:\/\/wp.me\/P8vRYp-F","_links":{"self":[{"href":"https:\/\/www.kukakuunteleekoyhaa.fi\/wordpress\/wp-json\/wp\/v2\/pages\/41"}],"collection":[{"href":"https:\/\/www.kukakuunteleekoyhaa.fi\/wordpress\/wp-json\/wp\/v2\/pages"}],"about":[{"href":"https:\/\/www.kukakuunteleekoyhaa.fi\/wordpress\/wp-json\/wp\/v2\/types\/page"}],"author":[{"embeddable":true,"href":"https:\/\/www.kukakuunteleekoyhaa.fi\/wordpress\/wp-json\/wp\/v2\/users\/9"}],"replies":[{"embeddable":true,"href":"https:\/\/www.kukakuunteleekoyhaa.fi\/wordpress\/wp-json\/wp\/v2\/comments?post=41"}],"version-history":[{"count":80,"href":"https:\/\/www.kukakuunteleekoyhaa.fi\/wordpress\/wp-json\/wp\/v2\/pages\/41\/revisions"}],"predecessor-version":[{"id":4759,"href":"https:\/\/www.kukakuunteleekoyhaa.fi\/wordpress\/wp-json\/wp\/v2\/pages\/41\/revisions\/4759"}],"wp:attachment":[{"href":"https:\/\/www.kukakuunteleekoyhaa.fi\/wordpress\/wp-json\/wp\/v2\/media?parent=41"}],"curies":[{"name":"wp","href":"https:\/\/api.w.org\/{rel}","templated":true}]}}