{"id":4132,"date":"2021-01-19T12:08:28","date_gmt":"2021-01-19T10:08:28","guid":{"rendered":"http:\/\/www.kukakuunteleekoyhaa.fi\/wordpress\/?page_id=4132"},"modified":"2021-01-21T12:39:47","modified_gmt":"2021-01-21T10:39:47","slug":"kuopio","status":"publish","type":"page","link":"https:\/\/www.kukakuunteleekoyhaa.fi\/wordpress\/kuopio\/","title":{"rendered":"Kuopio"},"content":{"rendered":"\n<h2><strong>Kuka kuuntelee k\u00f6yh\u00e4\u00e4? Miten nykyiset palvelut kohtaavat huono-osaisten tarpeet\u00a0\u00a0\u00a0\u00a0\u00a0\u00a0\u00a0\u00a0\u00a0\u00a0\u00a0\u00a0\u00a0\u00a0\u00a0\u00a0\u00a0\u00a0\u00a0\u00a0\u00a0<\/strong><\/h2>\n\n\n\n<p>P\u00e4iv\u00e4 j\u00e4rjestettiin 24.11.2020 yhdess\u00e4 Sokra -hankkeen ja Kuka kuuntelee k\u00f6yh\u00e4\u00e4? -verkoston kanssa. Hankkeen p\u00e4\u00e4toteuttajana toimi Terveyden ja hyvinvoinnin laitos ja osatoteuttajana Diakonia-ammattikorkeakoulu<\/p>\n\n\n\n<p>Liitteen\u00e4 muistio tilaisuudesta <\/p>\n\n\n\n<div class=\"wp-block-file\"><a href=\"https:\/\/www.kukakuunteleekoyhaa.fi\/wordpress\/wp-content\/uploads\/2021\/01\/Muistio-24.11.-2020-Kuopio-3K-yh-at-KUOPIO-MUOKATTU-PIENEMMAKSI.pdf\">Muistio 24.11. 2020 Kuopio <\/a><a href=\"https:\/\/www.kukakuunteleekoyhaa.fi\/wordpress\/wp-content\/uploads\/2021\/01\/Muistio-24.11.-2020-Kuopio-3K-yh-at-KUOPIO-MUOKATTU-PIENEMMAKSI.pdf\" class=\"wp-block-file__button\" download>Download<\/a><\/div>\n\n\n\n<figure class=\"wp-block-image size-large\"><img data-attachment-id=\"3994\" data-permalink=\"https:\/\/www.kukakuunteleekoyhaa.fi\/wordpress\/purse-3548021_640\/\" data-orig-file=\"https:\/\/www.kukakuunteleekoyhaa.fi\/wordpress\/wp-content\/uploads\/2020\/10\/purse-3548021_640.jpg\" data-orig-size=\"640,426\" data-comments-opened=\"0\" data-image-meta=\"{&quot;aperture&quot;:&quot;0&quot;,&quot;credit&quot;:&quot;&quot;,&quot;camera&quot;:&quot;&quot;,&quot;caption&quot;:&quot;&quot;,&quot;created_timestamp&quot;:&quot;0&quot;,&quot;copyright&quot;:&quot;&quot;,&quot;focal_length&quot;:&quot;0&quot;,&quot;iso&quot;:&quot;0&quot;,&quot;shutter_speed&quot;:&quot;0&quot;,&quot;title&quot;:&quot;&quot;,&quot;orientation&quot;:&quot;0&quot;}\" data-image-title=\"purse-3548021_640\" data-image-description=\"&lt;p&gt;Kuka kuuntelee k\u00f6yh\u00e4\u00e4?&lt;\/p&gt;\n\" data-image-caption=\"&lt;p&gt;Kuka kuuntelee k\u00f6yh\u00e4\u00e4?&lt;\/p&gt;\n\" data-medium-file=\"https:\/\/www.kukakuunteleekoyhaa.fi\/wordpress\/wp-content\/uploads\/2020\/10\/purse-3548021_640-300x200.jpg\" data-large-file=\"https:\/\/www.kukakuunteleekoyhaa.fi\/wordpress\/wp-content\/uploads\/2020\/10\/purse-3548021_640.jpg\" loading=\"lazy\" width=\"640\" height=\"426\" src=\"https:\/\/www.kukakuunteleekoyhaa.fi\/wordpress\/wp-content\/uploads\/2020\/10\/purse-3548021_640.jpg\" alt=\"\" class=\"wp-image-3994\" srcset=\"https:\/\/www.kukakuunteleekoyhaa.fi\/wordpress\/wp-content\/uploads\/2020\/10\/purse-3548021_640.jpg 640w, https:\/\/www.kukakuunteleekoyhaa.fi\/wordpress\/wp-content\/uploads\/2020\/10\/purse-3548021_640-300x200.jpg 300w, https:\/\/www.kukakuunteleekoyhaa.fi\/wordpress\/wp-content\/uploads\/2020\/10\/purse-3548021_640-100x67.jpg 100w, https:\/\/www.kukakuunteleekoyhaa.fi\/wordpress\/wp-content\/uploads\/2020\/10\/purse-3548021_640-150x100.jpg 150w, https:\/\/www.kukakuunteleekoyhaa.fi\/wordpress\/wp-content\/uploads\/2020\/10\/purse-3548021_640-200x133.jpg 200w, https:\/\/www.kukakuunteleekoyhaa.fi\/wordpress\/wp-content\/uploads\/2020\/10\/purse-3548021_640-450x300.jpg 450w, https:\/\/www.kukakuunteleekoyhaa.fi\/wordpress\/wp-content\/uploads\/2020\/10\/purse-3548021_640-600x399.jpg 600w\" sizes=\"(max-width: 640px) 100vw, 640px\" \/><figcaption>Kuka kuuntelee k\u00f6yh\u00e4\u00e4?<\/figcaption><\/figure>\n","protected":false},"excerpt":{"rendered":"<p>Kuka kuuntelee k\u00f6yh\u00e4\u00e4? Miten nykyiset palvelut kohtaavat huono-osaisten tarpeet\u00a0\u00a0\u00a0\u00a0\u00a0\u00a0\u00a0\u00a0\u00a0\u00a0\u00a0\u00a0\u00a0\u00a0\u00a0\u00a0\u00a0\u00a0\u00a0\u00a0\u00a0 P\u00e4iv\u00e4 j\u00e4rjestettiin 24.11.2020 yhdess\u00e4 Sokra -hankkeen ja Kuka kuuntelee k\u00f6yh\u00e4\u00e4? -verkoston kanssa. Hankkeen p\u00e4\u00e4toteuttajana toimi Terveyden ja hyvinvoinnin laitos ja osatoteuttajana Diakonia-ammattikorkeakoulu Liitteen\u00e4 muistio tilaisuudesta<\/p>\n","protected":false},"author":9,"featured_media":0,"parent":0,"menu_order":0,"comment_status":"closed","ping_status":"closed","template":"","meta":{"spay_email":""},"jetpack_shortlink":"https:\/\/wp.me\/P8vRYp-14E","_links":{"self":[{"href":"https:\/\/www.kukakuunteleekoyhaa.fi\/wordpress\/wp-json\/wp\/v2\/pages\/4132"}],"collection":[{"href":"https:\/\/www.kukakuunteleekoyhaa.fi\/wordpress\/wp-json\/wp\/v2\/pages"}],"about":[{"href":"https:\/\/www.kukakuunteleekoyhaa.fi\/wordpress\/wp-json\/wp\/v2\/types\/page"}],"author":[{"embeddable":true,"href":"https:\/\/www.kukakuunteleekoyhaa.fi\/wordpress\/wp-json\/wp\/v2\/users\/9"}],"replies":[{"embeddable":true,"href":"https:\/\/www.kukakuunteleekoyhaa.fi\/wordpress\/wp-json\/wp\/v2\/comments?post=4132"}],"version-history":[{"count":2,"href":"https:\/\/www.kukakuunteleekoyhaa.fi\/wordpress\/wp-json\/wp\/v2\/pages\/4132\/revisions"}],"predecessor-version":[{"id":4139,"href":"https:\/\/www.kukakuunteleekoyhaa.fi\/wordpress\/wp-json\/wp\/v2\/pages\/4132\/revisions\/4139"}],"wp:attachment":[{"href":"https:\/\/www.kukakuunteleekoyhaa.fi\/wordpress\/wp-json\/wp\/v2\/media?parent=4132"}],"curies":[{"name":"wp","href":"https:\/\/api.w.org\/{rel}","templated":true}]}}