{"id":4219,"date":"2021-03-10T16:24:48","date_gmt":"2021-03-10T14:24:48","guid":{"rendered":"http:\/\/www.kukakuunteleekoyhaa.fi\/wordpress\/?page_id=4219"},"modified":"2021-05-05T18:22:26","modified_gmt":"2021-05-05T15:22:26","slug":"jokela","status":"publish","type":"page","link":"https:\/\/www.kukakuunteleekoyhaa.fi\/wordpress\/jokela\/","title":{"rendered":"Keski-Uusimaa"},"content":{"rendered":"\n<h2>Kuunteleeko kuntap\u00e4\u00e4tt\u00e4j\u00e4 k\u00f6yh\u00e4\u00e4 my\u00f6s Tuusulassa?<\/h2>\n\n\n\n<h4>Kuka kuuntelee k\u00f6yh\u00e4\u00e4? -verkoston jatkokeskustelutilaisuus<\/h4>\n\n\n\n<h2><strong>Keskiviikkona 12.5.2021 klo 12\u201314<\/strong><\/h2>\n\n\n\n<h4>Tule kuuntelemaan mit\u00e4 leip\u00e4jonoissa k\u00e4yv\u00e4t ovat vastanneet kysymyksiin omasta el\u00e4m\u00e4ntilanteestaan? Tilaisuus on tarkoitettu kaikille, joita kiinnostaa k\u00f6yhyyden ja onnellisen Tuusulan kysymykset.&nbsp;&nbsp;Tapahtuma toteutetaan Teamsin kautta.&nbsp;&nbsp;&nbsp;<\/h4>\n\n\n\n<h2>&nbsp;&nbsp;&nbsp;&nbsp;&nbsp;&nbsp;&nbsp;&nbsp;&nbsp;<a rel=\"noreferrer noopener\" href=\"https:\/\/teams.microsoft.com\/l\/meetup-join\/19%3ameeting_Yjg4NjBjYTctZWM5Ny00MTYwLWIzZTAtMjM1MjY3YjI5YWNi%40thread.v2\/0?context=%7b%22Tid%22%3a%2248273735-272c-4301-9fae-2296fa32d8f2%22%2c%22Oid%22%3a%2234f7badc-33b7-49b6-b574-cfb306a27c5e%22%7d\" target=\"_blank\">Liity kokoukseen napsauttamalla t\u00e4t\u00e4<\/a><\/h2>\n\n\n\n<p>Vet\u00e4j\u00e4: Jouko Karjalainen, Kuka kuuntelee k\u00f6yh\u00e4\u00e4? -verkosto<\/p>\n\n\n\n<p>J\u00e4rjest\u00e4j\u00e4t: Kuka kuuntelee k\u00f6yh\u00e4\u00e4? -verkosto, Kunnon el\u00e4m\u00e4 ry\/ Jokela tiimi, Ehk\u00e4isev\u00e4 p\u00e4ihdety\u00f6 Ehyt ry<\/p>\n\n\n\n<p>Lis\u00e4tiedot: Kunnon El\u00e4m\u00e4 ry \/ Antti Honkonen p.040 529 5283 <a href=\"mailto:antti.honkonen@hotmail.fi\">antti.honkonen@hotmail.fi<\/a><\/p>\n\n\n\n<div class=\"wp-block-file\"><a href=\"https:\/\/www.kukakuunteleekoyhaa.fi\/wordpress\/wp-content\/uploads\/2021\/05\/MAINOS-Kuka-kuuntelee-koyhaa-Tuusulassa.docx\">MAINOS Kuka kuuntelee k\u00f6yh\u00e4\u00e4 Tuusulassa<\/a><a href=\"https:\/\/www.kukakuunteleekoyhaa.fi\/wordpress\/wp-content\/uploads\/2021\/05\/MAINOS-Kuka-kuuntelee-koyhaa-Tuusulassa.docx\" class=\"wp-block-file__button\" download>Download<\/a><\/div>\n\n\n\n<div class=\"wp-block-file\"><a href=\"https:\/\/www.kukakuunteleekoyhaa.fi\/wordpress\/wp-content\/uploads\/2021\/05\/OHJELMA-Kuunteleeko-kuntapaattaja-Koyhaa-myos-Tuusulassa-12.5.21-.docx\">OHJELMA Kuunteleeko kunt\u00e4p\u00e4\u00e4tt\u00e4j\u00e4 K\u00f6yh\u00e4\u00e4 my\u00f6s Tuusulassa 12.5.21<\/a><a href=\"https:\/\/www.kukakuunteleekoyhaa.fi\/wordpress\/wp-content\/uploads\/2021\/05\/OHJELMA-Kuunteleeko-kuntapaattaja-Koyhaa-myos-Tuusulassa-12.5.21-.docx\" class=\"wp-block-file__button\" download>Download<\/a><\/div>\n\n\n\n<p><\/p>\n\n\n\n<p><\/p>\n\n\n\n<p><\/p>\n\n\n\n<h2><strong>Kuunteleeko kuntap\u00e4\u00e4tt\u00e4j\u00e4 k\u00f6yh\u00e4\u00e4 Keski-Uudellamaalla?<\/strong><\/h2>\n\n\n\n<h4><strong>Keskiviikkona 17.3. klo 12 alkaa nykyaikainen, parituntinen Teams-nettitilaisuus. Siell\u00e4 esitet\u00e4\u00e4n oleville ja ehk\u00e4 tuleville kuntap\u00e4\u00e4tt\u00e4jille ainakin kaksi tiukkaa kysymyst\u00e4: Keski-Uudenmaan leip\u00e4jonoissa k\u00e4vij\u00f6it\u00e4 on pyydetty vastaamaan mit\u00e4 he <em>toivovat<\/em> ja mit\u00e4 <em>pelk\u00e4\u00e4v\u00e4<\/em>t l\u00e4hivuosina kotikunniltaan?<\/strong><\/h4>\n\n\n\n<h4>Kuka kuuntelee k\u00f6yh\u00e4\u00e4? -verkoston teht\u00e4v\u00e4n\u00e4 onkin k\u00f6yhien kuunteleminen, mutta nyt kuntavaalien alla on erillinen kampanjaviikko, jolloin keskityt\u00e4\u00e4n eri puolilla maata j\u00e4rjestett\u00e4viss\u00e4 tilaisuuksissa tekem\u00e4\u00e4n kysymyksi\u00e4 juuri kunnallisille p\u00e4\u00e4tt\u00e4jille.<\/h4>\n\n\n\n<h4>J\u00e4rvenp\u00e4\u00e4n ja Tuusulan ruoka-aputoimijoiden \u00e4skeisiss\u00e4 koulutustapahtumissa syntyi idea, my\u00f6s Keski-Uuttamaata koskevasta \u201dkuuntelu\u201d-tapahtumasta. Sen j\u00e4rjest\u00e4\u00e4 Jokelassa H\u00e4vikist\u00e4 hyv\u00e4kki\u00e4 -lahjoitusruokaa jakava Kunnon El\u00e4m\u00e4 ry, jolla on apunaan l\u00e4hes kolmekymmeninen Jokelatiimi-talkoolaisjoukko ruoka-aputoiminnan py\u00f6ritt\u00e4misess\u00e4.<\/h4>\n\n\n\n<h4>P\u00e4\u00e4asia 17.3. tilaisuudessa on saada leip\u00e4jonokokemusta omaavilta vastauksia em. \u201dtoivoo tai pelk\u00e4\u00e4\u201d -kysymyksiin. Tilaisuutta johtaa tutkija Jouko Karjalainen Kuka kuuntelee k\u00f6yh\u00e4\u00e4? -verkostosta. J\u00e4rjestelykolmikossa on mukana my\u00f6s Ehk\u00e4isev\u00e4 p\u00e4ihdety\u00f6 EHYT ry.<\/h4>\n\n\n\n<h4>Jos kyselykaavakkeita ei saa omasta ruoka-apupaikasta, niin ainakin Jokelan kirjastosta niit\u00e4 saa paperisena ja netiss\u00e4 voi vastata s\u00e4hk\u00f6isest\u00e4 linkist\u00e4: <strong>Ennakkokysymykset tilaisuuteen osallistujille: <\/strong><a href=\"https:\/\/q.surveypal.com\/Kuunteleeko-kuntapaattaja-koyhaa_tilaisuuden-ennakkokysymykset-osallistujille_17.3.2021\">https:\/\/q.surveypal.com\/Kuunteleeko-kuntapaattaja-koyhaa_tilaisuuden-ennakkokysymykset-osallistujille_17.3.2021<\/a><\/h4>\n\n\n\n<h4>Tapahtumaan17.3.2021 p\u00e4\u00e4see liittym\u00e4\u00e4n t\u00e4st\u00e4 linkist\u00e4: <a href=\"https:\/\/bit.ly\/3t3MLjS\">https:\/\/bit.ly\/3t3MLjS<\/a><\/h4>\n\n\n\n<div class=\"wp-block-file\"><a href=\"https:\/\/www.kukakuunteleekoyhaa.fi\/wordpress\/wp-content\/uploads\/2021\/03\/kuunteleeko-kuntapaattaja-koyhaa-mainos-09-03-2021-JOKELA.pdf\">Kutsu ja ohjelma: Kuunteleeko kuntap\u00e4\u00e4tt\u00e4j\u00e4 k\u00f6yh\u00e4\u00e4 Jokelassa?<\/a><a href=\"https:\/\/www.kukakuunteleekoyhaa.fi\/wordpress\/wp-content\/uploads\/2021\/03\/kuunteleeko-kuntapaattaja-koyhaa-mainos-09-03-2021-JOKELA.pdf\" class=\"wp-block-file__button\" download>Download<\/a><\/div>\n\n\n\n<h4>Keskustelun aiheet ja ongelmat\/ratkaisuehdotukset:<\/h4>\n\n\n\n<h5>Keskusteluun oli kutsuttu Arjen asiantuntijat eli em. kotikuntakysymysten vastaajat ja kaikki muut syyst\u00e4 tai toisesta k\u00f6yhyytt\u00e4 kokeneet tai juuri nyt kokevat. Heid\u00e4n ennakkovastaustensa tai kokousosallistumisensa kautta t\u00e4ytettiin kaksoistunnin tavoitetta <em>\u201dsaada kuntien asukkaiden oma \u00e4\u00e4ni kuuluviin sek\u00e4 k\u00e4ynnist\u00e4\u00e4 kuntalaisten ja kuntavaaliehdokkaiden v\u00e4linen vuoropuhelu\u201d<\/em>. Alkuidea kuntap\u00e4\u00e4tt\u00e4jist\u00e4 kysymyksi\u00e4 vastaamaan ei onnistunut. Sit\u00e4 \u201daukkoa\u201d paikkasi\/korjasi juontaja Jouko Karjalainen ja viranhaltijat: Sari Silta \/It\u00e4-Uudenmaan talous\/velkaneuvoja, Teija Nordstr\u00f6m ja Marjo Suo \/ Keski-Uudenmaan Soten asiantuntijat, Marjo-Kaisa Konttinen \/ Tuusulan kunnan hyvinvointity\u00f6 sek\u00e4 EHYT:n Soile T\u00f6rr\u00f6nen \/ EHYT ry.<\/h5>\n\n\n\n<h4>Keskustelun tulos, saatiinko asiaa eteenp\u00e4in?<\/h4>\n\n\n\n<h5>Konkreettisimmiksi lupauksiksi tulivat talous- ja velkaneuvojan kev\u00e4\u00e4ksi odotettava vierailu Jokelan tiistaijaossa ja siihen toimintaan yhden vapaaehtoisehdokkaan ilmoittautuminen. Uusi tilaisuus pyrit\u00e4\u00e4n j\u00e4rjest\u00e4m\u00e4\u00e4n keskiviikkona 12.5.2021.<\/h5>\n\n\n\n<h4>Muuta tapahtuman j\u00e4rjestelyyn liittyv\u00e4\u00e4 kohinaa<\/h4>\n\n\n\n<h5>1) Ensinn\u00e4kin oli hienoa, ett\u00e4 3k:n suunnitelmissa oli t\u00e4rke\u00e4 aihepiiri ja kova kysymys: sellaiseen ei k\u00e4yt\u00e4nn\u00f6ss\u00e4 kukaan kuntap\u00e4\u00e4tt\u00e4j\u00e4 ehk\u00e4 haluaisi kuntavaalien v\u00e4liaikana edes vastata, vaan sen mahdollisimman kaukaa eli kuulomatkan ulottumattomissa olla mit\u00e4\u00e4n moisesta asiasta kuulematta!<\/h5>\n\n\n\n<h5>2) Tuusulan Jokelassa ajatus 3k-tilaisuudesta syntyi J\u00e4rvenp\u00e4\u00e4n ja Tuusulan ruoka-aputoimijoiden keskuudessa reilua viikkoa ennen 17.3.2021 KYSELY-tilaisuuttamme. No j\u00e4rjestelyinnostus tuntui nopsaan hiipuvan, ehk\u00e4 osin koronapirulaisen vaikeuttaessa kaikkien toimintaa. Silti ryhdyimme j\u00e4rjestelyihin vaikka muita l\u00e4hell\u00e4 olevia ruoka-aputoimijoita ei j\u00e4rjestelyihin ehtinyt avuksi. Onneksi saimme<em> Kuka kuuntelee k\u00f6yh\u00e4\u00e4 <\/em>-verkoston toimijoiden lis\u00e4ksi toteutusapua Ehk\u00e4isev\u00e4 p\u00e4ihdety\u00f6 EHYT ry:lt\u00e4, jonka j\u00e4sen Kunnon El\u00e4m\u00e4 ry (KE) on.<\/h5>\n\n\n\n<h5>3) Kuka kuuntelee k\u00f6yh\u00e4\u00e4 -tilaisuutta ei voinut \u201dkoronapirulaisen\u201d vuoksi j\u00e4rjest\u00e4\u00e4 yleis\u00f6tilaisuutena. Siksi se j\u00e4rjestettiin <em>s\u00e4hk\u00f6isin\u00e4 teams-tunteina internetiss\u00e4 <\/em>keskiviikkona 17.3.2021 klo 12-14. Tilaisuuden tarkoituksena oli ensin teema \u201dOvatko hyvinvoiva Tuusula ja sen naapurikunnat vailla pahoinvointia?\u201d Mutta \u201dvain\u201d yhden kunnan nime\u00e4minen aiheutti pelkoa ja kritiikki\u00e4, joten kohdealueeksi tuli koko Keski-Uusimaa.<\/h5>\n\n\n\n<h5>4) Tapahtuman ennakkotiedotus kohdistettiin ensisijaisesti ko. kuntien facebook-sivujen kautta. Lis\u00e4ksi Keski-Uusimaa-lehden VIIKKO-lehti teki asiasta ykk\u00f6sjuttunsa. Viestint\u00e4 saavutti kyll\u00e4 ruoka-apua hakeneita, mutta ei suuremmin olevia tai tulevia kuntap\u00e4\u00e4tt\u00e4ji\u00e4. Ainakin Jokelan H\u00e4vikist\u00e4 hyv\u00e4kki\u00e4 -lahjoitusruoanjaossa oli jo edellisviikolla jaettu tasan 50 kysymyskaavaketta. Niist\u00e4 saimme viikkoa my\u00f6hemmin 23 eri vastaajalta kirjalliset lausuntonsa kysymyspareihin: 1) a) Mik\u00e4 toimii lahjoitusruoka-avussa <em>hyvin<\/em> tai on parasta ja b) mit\u00e4 asiaa em. toiminnassa <em>pit\u00e4isi\/voisi parantaa?<\/em> 2) Mit\u00e4 a) <em>toivot<\/em> ja mit\u00e4 b) mit\u00e4 <em>pelk\u00e4\u00e4t<\/em> kotikunnaltasi l\u00e4hivuosien omaan el\u00e4m\u00e4\u00e4si? (Em. vastausten lis\u00e4ksi jokelalaisia ruoanhakijoita oli muutamia viestinyt EHYT:n ker\u00e4\u00e4miin nettivastauksiin, joiden lukum\u00e4\u00e4r\u00e4\u00e4 en tied\u00e4.)<\/h5>\n\n\n\n<h5><em>5) <\/em>Alkukipin\u00e4 tapahtumaj\u00e4rjestelyihin syttyi Asunnottomien y\u00f6 -tapahtumasta 17. lokakuuta jo vuonna 2001 (tai 2002): Siihen aikaan KE kantoi vastuuta kymmenkunta vuotta suuresta y\u00f6 tapahtumasta Helsingin Hakaniemess\u00e4: Toriteltan asunnottomuuspaneeliin olin kutsunut kaikki eduskuntaryhm\u00e4t. K\u00f6yhyystutkija Jouko K oli keskeisen\u00e4 hiillostajana ko. paneelissa. Kun tiukka, mutta asiallinen tilaisuus lopulta p\u00e4\u00e4ttyi, ko. kansanedustajat joutuivat viel\u00e4 palaamaan alkuy\u00f6n ajaksi Eduskuntaan. Paluu tapahtui k\u00e4vellen, hieman hartiat kurtussa. Sitten mykistyneen porukan keskuudessa v\u00e4l\u00e4hti, syntyi ainakin yksi hyv\u00e4 idea: \u201dPerustetaan eduskuntaan k\u00f6yhyysryhm\u00e4!\u201d Niin\u00e4 vuosina tapahtumavastaavana toimiessa syntyi ajatus \u201dAsiantuntijalausunto asunnottomuutta kokeneelta\u201d -kyselyihin.<\/h5>\n\n\n\n<div class=\"wp-block-file\"><a href=\"https:\/\/www.kukakuunteleekoyhaa.fi\/wordpress\/wp-content\/uploads\/2021\/03\/kuunteleeko-kuntapaattaja-koyhaa-JOKELA.pdf\">Muistio 17.3.2021 tilaisuudesta: Kuunteleeko kuntap\u00e4\u00e4tt\u00e4j\u00e4 k\u00f6yh\u00e4\u00e4 Jokelassa<\/a><a href=\"https:\/\/www.kukakuunteleekoyhaa.fi\/wordpress\/wp-content\/uploads\/2021\/03\/kuunteleeko-kuntapaattaja-koyhaa-JOKELA.pdf\" class=\"wp-block-file__button\" download>Download<\/a><\/div>\n\n\n\n<div class=\"wp-block-file\"><a href=\"https:\/\/www.kukakuunteleekoyhaa.fi\/wordpress\/wp-content\/uploads\/2021\/04\/Jokela-VASTAUKSET-Kyselyyn-3K-17-3-2021.pdf\">Jokela VASTAUKSET Kyselyyn 3K <\/a><a href=\"https:\/\/www.kukakuunteleekoyhaa.fi\/wordpress\/wp-content\/uploads\/2021\/04\/Jokela-VASTAUKSET-Kyselyyn-3K-17-3-2021.pdf\" class=\"wp-block-file__button\" download>Download<\/a><\/div>\n\n\n\n<div class=\"wp-block-file\"><a href=\"https:\/\/www.kukakuunteleekoyhaa.fi\/wordpress\/wp-content\/uploads\/2021\/04\/17-03-2021-3k-JOKELA-PDF-7-s.pdf\"> JOKELA PDF <\/a><a href=\"https:\/\/www.kukakuunteleekoyhaa.fi\/wordpress\/wp-content\/uploads\/2021\/04\/17-03-2021-3k-JOKELA-PDF-7-s.pdf\" class=\"wp-block-file__button\" download>Download<\/a><\/div>\n\n\n\n<p>Lis\u00e4tietoja: Kunnon El\u00e4m\u00e4 ry \/ Antti Honkonen (040 529 5283), <a href=\"mailto:antti.honkonen@hotmail.fi\">antti.honkonen@hotmail.fi<\/a><\/p>\n","protected":false},"excerpt":{"rendered":"<p>Kuunteleeko kuntap\u00e4\u00e4tt\u00e4j\u00e4 k\u00f6yh\u00e4\u00e4 my\u00f6s Tuusulassa? Kuka kuuntelee k\u00f6yh\u00e4\u00e4? -verkoston jatkokeskustelutilaisuus Keskiviikkona 12.5.2021 klo 12\u201314 Tule kuuntelemaan mit\u00e4 leip\u00e4jonoissa k\u00e4yv\u00e4t ovat vastanneet kysymyksiin omasta el\u00e4m\u00e4ntilanteestaan? Tilaisuus on tarkoitettu kaikille, joita kiinnostaa k\u00f6yhyyden ja onnellisen Tuusulan kysymykset.&nbsp;&nbsp;Tapahtuma toteutetaan Teamsin kautta.&nbsp;&nbsp;&nbsp; &nbsp;&nbsp;&nbsp;&nbsp;&nbsp;&nbsp;&nbsp;&nbsp;&nbsp;Liity kokoukseen<span class=\"ellipsis\">&hellip;<\/span><\/p>\n<div class=\"read-more\"><a href=\"https:\/\/www.kukakuunteleekoyhaa.fi\/wordpress\/jokela\/\">Lue lis\u00e4\u00e4 \u203a<\/a><\/div>\n<p><!-- end of .read-more --><\/p>\n","protected":false},"author":9,"featured_media":0,"parent":0,"menu_order":0,"comment_status":"closed","ping_status":"closed","template":"","meta":{"spay_email":""},"jetpack_shortlink":"https:\/\/wp.me\/P8vRYp-163","_links":{"self":[{"href":"https:\/\/www.kukakuunteleekoyhaa.fi\/wordpress\/wp-json\/wp\/v2\/pages\/4219"}],"collection":[{"href":"https:\/\/www.kukakuunteleekoyhaa.fi\/wordpress\/wp-json\/wp\/v2\/pages"}],"about":[{"href":"https:\/\/www.kukakuunteleekoyhaa.fi\/wordpress\/wp-json\/wp\/v2\/types\/page"}],"author":[{"embeddable":true,"href":"https:\/\/www.kukakuunteleekoyhaa.fi\/wordpress\/wp-json\/wp\/v2\/users\/9"}],"replies":[{"embeddable":true,"href":"https:\/\/www.kukakuunteleekoyhaa.fi\/wordpress\/wp-json\/wp\/v2\/comments?post=4219"}],"version-history":[{"count":18,"href":"https:\/\/www.kukakuunteleekoyhaa.fi\/wordpress\/wp-json\/wp\/v2\/pages\/4219\/revisions"}],"predecessor-version":[{"id":4473,"href":"https:\/\/www.kukakuunteleekoyhaa.fi\/wordpress\/wp-json\/wp\/v2\/pages\/4219\/revisions\/4473"}],"wp:attachment":[{"href":"https:\/\/www.kukakuunteleekoyhaa.fi\/wordpress\/wp-json\/wp\/v2\/media?parent=4219"}],"curies":[{"name":"wp","href":"https:\/\/api.w.org\/{rel}","templated":true}]}}