{"id":97,"date":"2018-02-06T16:52:26","date_gmt":"2018-02-06T14:52:26","guid":{"rendered":"http:\/\/www.kukakuunteleekoyhaa.fi\/wordpress\/?page_id=97"},"modified":"2022-10-04T20:38:12","modified_gmt":"2022-10-04T17:38:12","slug":"ota-yhteytta","status":"publish","type":"page","link":"https:\/\/www.kukakuunteleekoyhaa.fi\/wordpress\/ota-yhteytta\/","title":{"rendered":"Verkoston ytimess\u00e4"},"content":{"rendered":"\n<div style=\"display: inline-block;\">\n<div id=\"attachment_341\" style=\"width: 280px\" class=\"wp-caption alignleft\"><img aria-describedby=\"caption-attachment-341\" data-attachment-id=\"341\" data-permalink=\"https:\/\/www.kukakuunteleekoyhaa.fi\/wordpress\/ota-yhteytta\/kuka-kuuntelee-koyhaa-arja-tyynela\/\" data-orig-file=\"https:\/\/www.kukakuunteleekoyhaa.fi\/wordpress\/wp-content\/uploads\/2018\/12\/Kuka-kuuntelee-k\u00f6yh\u00e4\u00e4-Arja-Tyynel\u00e4.jpg\" data-orig-size=\"270,235\" data-comments-opened=\"1\" data-image-meta=\"{&quot;aperture&quot;:&quot;4&quot;,&quot;credit&quot;:&quot;&quot;,&quot;camera&quot;:&quot;NIKON D3100&quot;,&quot;caption&quot;:&quot;&quot;,&quot;created_timestamp&quot;:&quot;1511711209&quot;,&quot;copyright&quot;:&quot;&quot;,&quot;focal_length&quot;:&quot;28&quot;,&quot;iso&quot;:&quot;1250&quot;,&quot;shutter_speed&quot;:&quot;0.016666666666667&quot;,&quot;title&quot;:&quot;&quot;,&quot;orientation&quot;:&quot;0&quot;}\" data-image-title=\"Arja Tyynel\u00e4\" data-image-description=\"&lt;p&gt;Arja Tyynel\u00e4&lt;\/p&gt;\n\" data-image-caption=\"&lt;p&gt;Arja Tyynel\u00e4&lt;\/p&gt;\n\" data-medium-file=\"https:\/\/www.kukakuunteleekoyhaa.fi\/wordpress\/wp-content\/uploads\/2018\/12\/Kuka-kuuntelee-k\u00f6yh\u00e4\u00e4-Arja-Tyynel\u00e4.jpg\" data-large-file=\"https:\/\/www.kukakuunteleekoyhaa.fi\/wordpress\/wp-content\/uploads\/2018\/12\/Kuka-kuuntelee-k\u00f6yh\u00e4\u00e4-Arja-Tyynel\u00e4.jpg\" loading=\"lazy\" width=\"270\" height=\"235\" class=\"size-medium wp-image-341 alignleft\" alt=\"\" src=\"https:\/\/www.kukakuunteleekoyhaa.fi\/wordpress\/wp-content\/uploads\/2018\/12\/Kuka-kuuntelee-k\u00f6yh\u00e4\u00e4-Arja-Tyynel\u00e4.jpg\" srcset=\"https:\/\/www.kukakuunteleekoyhaa.fi\/wordpress\/wp-content\/uploads\/2018\/12\/Kuka-kuuntelee-k\u00f6yh\u00e4\u00e4-Arja-Tyynel\u00e4.jpg 270w, https:\/\/www.kukakuunteleekoyhaa.fi\/wordpress\/wp-content\/uploads\/2018\/12\/Kuka-kuuntelee-k\u00f6yh\u00e4\u00e4-Arja-Tyynel\u00e4-100x87.jpg 100w, https:\/\/www.kukakuunteleekoyhaa.fi\/wordpress\/wp-content\/uploads\/2018\/12\/Kuka-kuuntelee-k\u00f6yh\u00e4\u00e4-Arja-Tyynel\u00e4-150x131.jpg 150w, https:\/\/www.kukakuunteleekoyhaa.fi\/wordpress\/wp-content\/uploads\/2018\/12\/Kuka-kuuntelee-k\u00f6yh\u00e4\u00e4-Arja-Tyynel\u00e4-200x174.jpg 200w\" sizes=\"(max-width: 270px) 100vw, 270px\" \/><p id=\"caption-attachment-341\" class=\"wp-caption-text\">Arja Tyynel\u00e4<\/p><\/div>\n<h3 style=\"margin-bottom: 0em; margin-top: 0.1em;\"><strong>Arja Tyynel\u00e4<\/strong><\/h3>\n<h5 style=\"margin-top: 0em;\">kuka.kuuntelee (at) gmail.com<\/h5>\n<h5><strong>Kuka kuuntelee k\u00f6yh\u00e4\u00e4? -verkoston perustajaj\u00e4sen\n<p><i>&#8221;Tulin verkostoon mukaan silloin kun ty\u00f6skentelin sosiaalivirastossa toimeentulotukea saavien asiakkaiden ty\u00f6h\u00f6n valmentajana. Minua kiinnosti yhteiskunnalliset ilmi\u00f6t ja ty\u00f6llisyyteen liittyv\u00e4t ongelmat. Haluan tukea ihmisi\u00e4 l\u00f6yt\u00e4m\u00e4\u00e4n oman juttunsa. Verkostossa teen ideointia, suunnittelua ja toteutusta liittyen siihen kuinka k\u00f6yhyytt\u00e4 kokeneet l\u00f6yt\u00e4isiv\u00e4t vahvuutensa ja taisteluinnon puolustaa oikeuksistaan. Verkostossa parasta on yhteistoiminnallisuus eli yhdess\u00e4 tekeminen. Jokainen ihminen on potentiaalinen eik\u00e4 ihmisi\u00e4 saa arvottaa taloudellisen aseman perusteella. T\u00e4n\u00e4\u00e4n ty\u00f6t\u00f6n voi olla huomenna sinun pomosi.&#8221;<\/i><\/p>\n<\/div>\n\n\n\n<div style=\"display: inline-block;\">\n<div id=\"attachment_799\" style=\"width: 280px\" class=\"wp-caption alignright\"><img aria-describedby=\"caption-attachment-799\" loading=\"lazy\" width=\"270\" height=\"233\" class=\"wp-image-799 size-full alignright\" alt=\"Tuula Paasivirta\" src=\"https:\/\/www.kukakuunteleekoyhaa.fi\/wordpress\/wp-content\/uploads\/2018\/12\/Kuka-kuuntelee-k\u00f6yh\u00e4\u00e4-Tuula-Paasivirta-1.jpg\" srcset=\"https:\/\/www.kukakuunteleekoyhaa.fi\/wordpress\/wp-content\/uploads\/2018\/12\/Kuka-kuuntelee-k\u00f6yh\u00e4\u00e4-Tuula-Paasivirta-1.jpg 270w, https:\/\/www.kukakuunteleekoyhaa.fi\/wordpress\/wp-content\/uploads\/2018\/12\/Kuka-kuuntelee-k\u00f6yh\u00e4\u00e4-Tuula-Paasivirta-1-100x86.jpg 100w, https:\/\/www.kukakuunteleekoyhaa.fi\/wordpress\/wp-content\/uploads\/2018\/12\/Kuka-kuuntelee-k\u00f6yh\u00e4\u00e4-Tuula-Paasivirta-1-150x129.jpg 150w, https:\/\/www.kukakuunteleekoyhaa.fi\/wordpress\/wp-content\/uploads\/2018\/12\/Kuka-kuuntelee-k\u00f6yh\u00e4\u00e4-Tuula-Paasivirta-1-200x173.jpg 200w\" sizes=\"(max-width: 270px) 100vw, 270px\" \/><p id=\"caption-attachment-799\" class=\"wp-caption-text\">Tuula Paasivirta<\/p><\/div>\n<h3 style=\"margin-bottom: 0em;\"><strong>Tuula Paasivirta<\/strong><\/h3>\n<h5 style=\"margin-top: 0em;\"> tuula.paasivirta (at) pp.inet.fi <\/h5>\n<h5>Kuka kuuntelee k\u00f6yh\u00e4\u00e4? -verkoston perustajaj\u00e4sen <\/h5>\n<p><i> \u201dOlin 10- vuotta sitten Kuka kuuntelee k\u00f6yh\u00e4\u00e4? -seminaarissa Stagesissa k\u00e4ytt\u00e4m\u00e4ss\u00e4 puheenvuoron toimiessani silloin \u201dCamera obscuran\u201d -yhdistyksen sihteerin\u00e4. Seminaarin j\u00e4lkeen perustimme Kuka kuuntelee k\u00f6yh\u00e4\u00e4? -verkoston. Toimin verkostossa asiantuntijana vammaisten k\u00f6yhyyskysymyksiss\u00e4. Erityisosaamistani ovat ty\u00f6tt\u00f6myyskysymykset ja toimeentulotukea saavien ihmisten tilanneeet, kirkon diakoniaty\u00f6. Minulle on t\u00e4rkeint\u00e4 ja luovuttamattominta  t\u00e4ss\u00e4 verkostossa, ett\u00e4 k\u00f6yhyytt\u00e4 kokenut saa matalla profiililla \u00e4\u00e4neens\u00e4 kuuluviin ja p\u00e4\u00e4see vaikuttamaan. Tasa-arvoisuus ja yhdess\u00e4 tekeminen ovat t\u00e4rkeit\u00e4 arvojani.\u201d\n<\/i><\/p>\n<\/div>\n\n\n\n<div style=\"display: inline-block;\">\n<div id=\"attachment_342\" style=\"width: 250px\" class=\"wp-caption alignleft\"><img aria-describedby=\"caption-attachment-342\" data-attachment-id=\"342\" data-permalink=\"https:\/\/www.kukakuunteleekoyhaa.fi\/wordpress\/ota-yhteytta\/kuka-kuuntelee-koyhaa-tiina-saarela\/\" data-orig-file=\"https:\/\/www.kukakuunteleekoyhaa.fi\/wordpress\/wp-content\/uploads\/2018\/12\/Kuka-kuuntelee-k\u00f6yh\u00e4\u00e4-Tiina-Saarela.jpg\" data-orig-size=\"250,313\" data-comments-opened=\"1\" data-image-meta=\"{&quot;aperture&quot;:&quot;5.6&quot;,&quot;credit&quot;:&quot;&quot;,&quot;camera&quot;:&quot;Canon EOS 400D DIGITAL&quot;,&quot;caption&quot;:&quot;&quot;,&quot;created_timestamp&quot;:&quot;1537881767&quot;,&quot;copyright&quot;:&quot;&quot;,&quot;focal_length&quot;:&quot;50&quot;,&quot;iso&quot;:&quot;400&quot;,&quot;shutter_speed&quot;:&quot;0.01&quot;,&quot;title&quot;:&quot;&quot;,&quot;orientation&quot;:&quot;0&quot;}\" data-image-title=\"Kuka kuuntelee k\u00f6yh\u00e4\u00e4 Tiina Saarela\" data-image-description=\"\" data-image-caption=\"\" data-medium-file=\"https:\/\/www.kukakuunteleekoyhaa.fi\/wordpress\/wp-content\/uploads\/2018\/12\/Kuka-kuuntelee-k\u00f6yh\u00e4\u00e4-Tiina-Saarela-240x300.jpg\" data-large-file=\"https:\/\/www.kukakuunteleekoyhaa.fi\/wordpress\/wp-content\/uploads\/2018\/12\/Kuka-kuuntelee-k\u00f6yh\u00e4\u00e4-Tiina-Saarela.jpg\" loading=\"lazy\" width=\"240\" height=\"300\" class=\"size-medium wp-image-342 alignleft\" alt=\"Tiina Saarela\" src=\"https:\/\/www.kukakuunteleekoyhaa.fi\/wordpress\/wp-content\/uploads\/2018\/12\/Kuka-kuuntelee-k\u00f6yh\u00e4\u00e4-Tiina-Saarela-240x300.jpg\" srcset=\"https:\/\/www.kukakuunteleekoyhaa.fi\/wordpress\/wp-content\/uploads\/2018\/12\/Kuka-kuuntelee-k\u00f6yh\u00e4\u00e4-Tiina-Saarela-240x300.jpg 240w, https:\/\/www.kukakuunteleekoyhaa.fi\/wordpress\/wp-content\/uploads\/2018\/12\/Kuka-kuuntelee-k\u00f6yh\u00e4\u00e4-Tiina-Saarela-100x125.jpg 100w, https:\/\/www.kukakuunteleekoyhaa.fi\/wordpress\/wp-content\/uploads\/2018\/12\/Kuka-kuuntelee-k\u00f6yh\u00e4\u00e4-Tiina-Saarela-150x188.jpg 150w, https:\/\/www.kukakuunteleekoyhaa.fi\/wordpress\/wp-content\/uploads\/2018\/12\/Kuka-kuuntelee-k\u00f6yh\u00e4\u00e4-Tiina-Saarela-200x250.jpg 200w, https:\/\/www.kukakuunteleekoyhaa.fi\/wordpress\/wp-content\/uploads\/2018\/12\/Kuka-kuuntelee-k\u00f6yh\u00e4\u00e4-Tiina-Saarela.jpg 250w\" sizes=\"(max-width: 240px) 100vw, 240px\" \/><p id=\"caption-attachment-342\" class=\"wp-caption-text\">Tiina Saarela<\/p><\/div>\n<h3 style=\"margin-bottom: 0em; margin-top: 0.1em;\"><strong>Tiina Saarela<\/strong><\/h3>\n<h5 style=\"margin-top: 0em;\">tiina.saarela (at) evl.fi<\/h5>\n<h5><strong>Kuka kuuntelee k\u00f6yh\u00e4\u00e4? -verkoston perustajaj\u00e4sen<\/strong><\/h5>\n<p><i>&#8221;Ty\u00f6skentelen seurakuntadiakonian ja k\u00f6yhyyskysymysten asiantuntijana Kirkkohallituksessa. J\u00e4rjest\u00e4n erilaisia tilaisuuksia ja koulutusta sek\u00e4 suoraa vaikuttamista p\u00e4\u00e4tt\u00e4jiin k\u00f6yhyyden ja syrj\u00e4ytymisen v\u00e4hent\u00e4miseksi. Tulin mukaan verkostoon, koska haluan tukea k\u00f6yhyytt\u00e4 kokeneita saamaan \u00e4\u00e4nens\u00e4 kuuluville. Viesti yhteiskuntamme ep\u00e4kohdista ja niiden vaikutuksista k\u00f6yhyytt\u00e4 kokeneiden arkeen pit\u00e4\u00e4 kulkea suoraan asianosaisilta p\u00e4\u00e4tt\u00e4jille. Mielest\u00e4ni jokainen ihminen on yht\u00e4 arvokas. Haluan edist\u00e4\u00e4 oikeudenmukaisuutta ja nostaa esiin jokaisen ihmisen luovuttamatonta ihmisarvoa.&#8221;<\/i><\/p>\n<\/div>\n\n\n<div style=\"display: inline-block;\">\n<div id=\"attachment_888\" style=\"width: 234px\" class=\"wp-caption alignright\"><img aria-describedby=\"caption-attachment-888\" data-attachment-id=\"888\" data-permalink=\"https:\/\/www.kukakuunteleekoyhaa.fi\/wordpress\/ota-yhteytta\/kuka-kuuntelee-koyhaa-jouko-karjalainen\/\" data-orig-file=\"https:\/\/www.kukakuunteleekoyhaa.fi\/wordpress\/wp-content\/uploads\/2019\/01\/Kuka-kuuntelee-k\u00f6yh\u00e4\u00e4-Jouko-Karjalainen.jpg\" data-orig-size=\"250,335\" data-comments-opened=\"0\" data-image-meta=\"{&quot;aperture&quot;:&quot;1.8&quot;,&quot;credit&quot;:&quot;&quot;,&quot;camera&quot;:&quot;iPhone 7&quot;,&quot;caption&quot;:&quot;&quot;,&quot;created_timestamp&quot;:&quot;1528365493&quot;,&quot;copyright&quot;:&quot;&quot;,&quot;focal_length&quot;:&quot;3.99&quot;,&quot;iso&quot;:&quot;40&quot;,&quot;shutter_speed&quot;:&quot;0.05&quot;,&quot;title&quot;:&quot;&quot;,&quot;orientation&quot;:&quot;0&quot;}\" data-image-title=\"Kuka kuuntelee k\u00f6yh\u00e4\u00e4 Jouko Karjalainen\" data-image-description=\"\" data-image-caption=\"\" data-medium-file=\"https:\/\/www.kukakuunteleekoyhaa.fi\/wordpress\/wp-content\/uploads\/2019\/01\/Kuka-kuuntelee-k\u00f6yh\u00e4\u00e4-Jouko-Karjalainen-224x300.jpg\" data-large-file=\"https:\/\/www.kukakuunteleekoyhaa.fi\/wordpress\/wp-content\/uploads\/2019\/01\/Kuka-kuuntelee-k\u00f6yh\u00e4\u00e4-Jouko-Karjalainen.jpg\" loading=\"lazy\" class=\"alignright size-medium wp-image-888\" src=\"https:\/\/www.kukakuunteleekoyhaa.fi\/wordpress\/wp-content\/uploads\/2019\/01\/Kuka-kuuntelee-k\u00f6yh\u00e4\u00e4-Jouko-Karjalainen-224x300.jpg\" alt=\"\" width=\"224\" height=\"300\" srcset=\"https:\/\/www.kukakuunteleekoyhaa.fi\/wordpress\/wp-content\/uploads\/2019\/01\/Kuka-kuuntelee-k\u00f6yh\u00e4\u00e4-Jouko-Karjalainen-224x300.jpg 224w, https:\/\/www.kukakuunteleekoyhaa.fi\/wordpress\/wp-content\/uploads\/2019\/01\/Kuka-kuuntelee-k\u00f6yh\u00e4\u00e4-Jouko-Karjalainen-100x134.jpg 100w, https:\/\/www.kukakuunteleekoyhaa.fi\/wordpress\/wp-content\/uploads\/2019\/01\/Kuka-kuuntelee-k\u00f6yh\u00e4\u00e4-Jouko-Karjalainen-150x201.jpg 150w, https:\/\/www.kukakuunteleekoyhaa.fi\/wordpress\/wp-content\/uploads\/2019\/01\/Kuka-kuuntelee-k\u00f6yh\u00e4\u00e4-Jouko-Karjalainen-200x268.jpg 200w, https:\/\/www.kukakuunteleekoyhaa.fi\/wordpress\/wp-content\/uploads\/2019\/01\/Kuka-kuuntelee-k\u00f6yh\u00e4\u00e4-Jouko-Karjalainen.jpg 250w\" sizes=\"(max-width: 224px) 100vw, 224px\" \/><p id=\"caption-attachment-888\" class=\"wp-caption-text\">Jouko Karjalainen<\/p><\/div><p><\/p>\n<p><\/p>\n<h3 style=\"margin-bottom: 0em; margin-top: 0.1em;\"><strong>Jouko Karjalainen <\/strong><\/h3>\n<h5 style=\"margin-top: 0em;\">jouko.karjalainen (at) saunalahti.fi<\/h5>\n<h5>Kuka kuuntelee k\u00f6yh\u00e4\u00e4? -verkoston perustajaj\u00e4sen<\/h5>\n<p><i>&#8221;Olen ollut mukana verkostossa alusta eli huhtikuusta 2008 l\u00e4htien. Siisp\u00e4 ensimm\u00e4inen kysymys kohdallani kuuluukin, miksi olen ollut mukana kaikki n\u00e4m\u00e4 vuodet? Siihen on toki montakin syyt\u00e4, mutta keskeisin syy on ollut se, ett\u00e4 kertaakaan ei ole tarvinnut l\u00e4hte\u00e4 3K- tilaisuuksista pois yht\u00e4 tiet\u00e4m\u00e4tt\u00f6m\u00e4n\u00e4 kuin niihin menness\u00e4. Sen on taannut niiss\u00e4 p\u00e4\u00e4osassa olevien k\u00f6yhyysasioiden erikoisasiantuntijoiden kuuntelu.<br>Vapaus, veljeys ja tasa-arvo eiv\u00e4t ole yli 200 sadassa vuodessa menett\u00e4neet ajankohtaisuuttaan. Jaan my\u00f6s Emmaus- liikkeen perustajan ja katolisen papin sek\u00e4 kansanedustajan Abb\u00e9 Pierren n\u00e4kemyksen, jonka mukaan ilman veljeytt\u00e4 nuo kaksi muutakaan eiv\u00e4t voi aidosti toteutua. Olen t\u00e4t\u00e4 nyky\u00e4 vieraileva tutkija THL:ssa eli el\u00e4kkeell\u00e4.&#8221;<\/i><\/p>\n<\/div>\n\n\n<div style=\"display: inline-block;\">\n<div id=\"attachment_328\" style=\"width: 179px\" class=\"wp-caption alignleft\"><img aria-describedby=\"caption-attachment-328\" data-attachment-id=\"328\" data-permalink=\"https:\/\/www.kukakuunteleekoyhaa.fi\/wordpress\/ota-yhteytta\/kuka-kuuntelee-koyhaa-linnea-partanen\/\" data-orig-file=\"https:\/\/www.kukakuunteleekoyhaa.fi\/wordpress\/wp-content\/uploads\/2018\/11\/Kuka-kuuntelee-k\u00f6yh\u00e4\u00e4-Linnea-Partanen.png\" data-orig-size=\"200,356\" data-comments-opened=\"1\" data-image-meta=\"{&quot;aperture&quot;:&quot;0&quot;,&quot;credit&quot;:&quot;&quot;,&quot;camera&quot;:&quot;&quot;,&quot;caption&quot;:&quot;&quot;,&quot;created_timestamp&quot;:&quot;0&quot;,&quot;copyright&quot;:&quot;&quot;,&quot;focal_length&quot;:&quot;0&quot;,&quot;iso&quot;:&quot;0&quot;,&quot;shutter_speed&quot;:&quot;0&quot;,&quot;title&quot;:&quot;&quot;,&quot;orientation&quot;:&quot;0&quot;}\" data-image-title=\"Kuka kuuntelee k\u00f6yh\u00e4\u00e4 Linnea Partanen\" data-image-description=\"&lt;p&gt;Linnea Partanen&lt;\/p&gt;\n\" data-image-caption=\"&lt;p&gt;Linnea Partanen&lt;\/p&gt;\n\" data-medium-file=\"https:\/\/www.kukakuunteleekoyhaa.fi\/wordpress\/wp-content\/uploads\/2018\/11\/Kuka-kuuntelee-k\u00f6yh\u00e4\u00e4-Linnea-Partanen-169x300.png\" data-large-file=\"https:\/\/www.kukakuunteleekoyhaa.fi\/wordpress\/wp-content\/uploads\/2018\/11\/Kuka-kuuntelee-k\u00f6yh\u00e4\u00e4-Linnea-Partanen.png\" loading=\"lazy\" width=\"169\" height=\"300\" class=\"size-medium wp-image-328 alignleft\" alt=\"Linnea Partanen\" src=\"https:\/\/www.kukakuunteleekoyhaa.fi\/wordpress\/wp-content\/uploads\/2018\/11\/Kuka-kuuntelee-k\u00f6yh\u00e4\u00e4-Linnea-Partanen-169x300.png\" srcset=\"https:\/\/www.kukakuunteleekoyhaa.fi\/wordpress\/wp-content\/uploads\/2018\/11\/Kuka-kuuntelee-k\u00f6yh\u00e4\u00e4-Linnea-Partanen-169x300.png 169w, https:\/\/www.kukakuunteleekoyhaa.fi\/wordpress\/wp-content\/uploads\/2018\/11\/Kuka-kuuntelee-k\u00f6yh\u00e4\u00e4-Linnea-Partanen-100x178.png 100w, https:\/\/www.kukakuunteleekoyhaa.fi\/wordpress\/wp-content\/uploads\/2018\/11\/Kuka-kuuntelee-k\u00f6yh\u00e4\u00e4-Linnea-Partanen-150x267.png 150w, https:\/\/www.kukakuunteleekoyhaa.fi\/wordpress\/wp-content\/uploads\/2018\/11\/Kuka-kuuntelee-k\u00f6yh\u00e4\u00e4-Linnea-Partanen.png 200w\" sizes=\"(max-width: 169px) 100vw, 169px\" \/><p id=\"caption-attachment-328\" class=\"wp-caption-text\">Linn\u00e9a Partanen<\/p><\/div>\n<h3 style=\"margin-bottom: 0em; margin-top: 0.1em;\"><strong>Linn\u00e9a Partanen<\/strong><\/h3>\n<h5 style=\"margin-top: 0em;\">merecaaa(at)gmail.com<\/h5>\n<h5>Kuka kuuntelee k\u00f6yh\u00e4\u00e4? -verkoston j\u00e4sen<\/h5>\n<p><i>&#8221;Opiskelen sosiaalitieteit\u00e4 Helsingin yliopistossa. Tulin verkostoon mukaan kun olin ty\u00f6tt\u00f6m\u00e4n\u00e4 ja halusin vaikuttaa siihen kuinka ty\u00f6tt\u00f6miin ja muhin &#8221;yhteiskunnan ulkopuolella&#8221; oleviin suhtaudutaan ja kuinka heist\u00e4 puhutaan. Haluan lis\u00e4t\u00e4 tietoisuutta siit\u00e4, kuinka jokaisella ei ole mahdollisuutta valita niin sanottua normaalia el\u00e4m\u00e4\u00e4. Jokaisella pit\u00e4isi olla silti edellytykset el\u00e4m\u00e4\u00e4n, jossa ei tarvitse jatkuvasti murehtia siit\u00e4 mill\u00e4 maksetaan viikon ruuat tai s\u00e4hk\u00f6lasku ensi kuussa ja onko talvivaatteisiin rahaa. Teen tapahtumien ja tempausten suunnittelua ja j\u00e4rjest\u00e4mist\u00e4. T\u00e4rkeimm\u00e4t arvoni ovat oikeudenmukaisuus sek\u00e4 empatian ja ymm\u00e4rryksen lis\u00e4\u00e4minen eri yhteiskuntaluokkien v\u00e4lill\u00e4.&#8221;<\/i><\/p>\n<\/div>\n\n\n\n<div style=\"display: inline-block;\">\n<div id=\"attachment_799\" style=\"width: 280px\" class=\"wp-caption alignright\"><img aria-describedby=\"caption-attachment-799\" data-attachment-id=\"799\" data-permalink=\"https:\/\/www.kukakuunteleekoyhaa.fi\/wordpress\/ota-yhteytta\/kuka-kuuntelee-koyhaa-tuula-paasivirta-2\/\" data-orig-file=\"https:\/\/www.kukakuunteleekoyhaa.fi\/wordpress\/wp-content\/uploads\/2018\/12\/Kuka-kuuntelee-k\u00f6yh\u00e4\u00e4-Tuula-Paasivirta-1.jpg\" data-orig-size=\"270,233\" data-comments-opened=\"0\" data-image-meta=\"{&quot;aperture&quot;:&quot;3.4&quot;,&quot;credit&quot;:&quot;&quot;,&quot;camera&quot;:&quot;Canon PowerShot SX200 IS&quot;,&quot;caption&quot;:&quot;&quot;,&quot;created_timestamp&quot;:&quot;1401988334&quot;,&quot;copyright&quot;:&quot;&quot;,&quot;focal_length&quot;:&quot;5&quot;,&quot;iso&quot;:&quot;80&quot;,&quot;shutter_speed&quot;:&quot;0.016666666666667&quot;,&quot;title&quot;:&quot;&quot;,&quot;orientation&quot;:&quot;0&quot;}\" data-image-title=\"Kuka kuuntelee k\u00f6yh\u00e4\u00e4 Tuula Paasivirta\" data-image-description=\"\" data-image-caption=\"\" data-medium-file=\"https:\/\/www.kukakuunteleekoyhaa.fi\/wordpress\/wp-content\/uploads\/2018\/12\/Kuka-kuuntelee-k\u00f6yh\u00e4\u00e4-Tuula-Paasivirta-1.jpg\" data-large-file=\"https:\/\/www.kukakuunteleekoyhaa.fi\/wordpress\/wp-content\/uploads\/2018\/12\/Kuka-kuuntelee-k\u00f6yh\u00e4\u00e4-Tuula-Paasivirta-1.jpg\" loading=\"lazy\" width=\"270\" height=\"286\" class=\"wp-image-799 size-full alignright\" alt=\"Elina Aaltonen\" src=\"https:\/\/www.kukakuunteleekoyhaa.fi\/wordpress\/wp-content\/uploads\/2019\/09\/Elina-Aaltonen-3K-verkosto.jpg\u201d\"><p id=\"caption-attachment-799\" class=\"wp-caption-text\">Elina Aaltonen<\/p><\/div>\n<h3 style=\"margin-bottom: 0em;\"><strong>Elina Aaltonen<\/strong><\/h3>\n<h5 style=\"margin-top: 0em;\"> Fb \/ Messenger: Elina Aaltonen <\/h5>\n<h5> Kuka kuuntelee k\u00f6yh\u00e4\u00e4? -verkoston viestint\u00e4vastaava<\/h5>\n<p><i> &#8221; Taustaltani olen yritt\u00e4j\u00e4, ja omakohtaisen el\u00e4m\u00e4nkokemukseni my\u00f6t\u00e4 uskon rohkeuden, kannustuksen ja ihmisyyden olevan johto-ominaisuuksiani ty\u00f6ss\u00e4ni. Jatkuvana tavoitteenani k\u00f6yhyyden korjaamiseksi on tuoda yhteen rohkeat k\u00f6yhyyden todellisuudesta kertojat sek\u00e4 heit\u00e4 todella kuuntelevat p\u00e4\u00e4tt\u00e4j\u00e4t. Toivon voivani mahdollistaa reilumman, paremman, tasa-arvoisemman perinn\u00f6n tuleville ja oleville sukupolville.&#8221;\n<\/i><\/p>\n<\/div>\n\n\n\n<p class=\"has-large-font-size\"><strong>Yhteisty\u00f6tahojamme ovat:<\/strong><\/p>\n\n\n\n<h5>Suoja-Pirtti ry  <a href=\"http:\/\/www.suoja-pirtti.fi\/\">http:\/\/www.suoja-pirtti.fi\/<\/a><\/h5>\n\n\n\n<h5>Suomen k\u00f6yhyyden vastainen verkosto EAPN-Fin <a href=\"http:\/\/www.eapn.fi\">www.eapn.fi<\/a><\/h5>\n\n\n\n<h5>Yhteinen keitti\u00f6 <a href=\"http:\/\/yhteinenkeittio.fi\/\">http:\/\/yhteinenkeittio.fi\/<\/a><br><br>Korttelikaverit <a href=\"https:\/\/korttelikaverit.fi\/tietoa-projektista\/\">https:\/\/korttelikaverit.fi\/tietoa-projektista\/<\/a><\/h5>\n\n\n\n<h5><br>Hyvin sanottu -hanke: <a href=\"https:\/\/yle.fi\/aihe\/hyvin-sanottu\">https:\/\/yle.fi\/aihe\/hyvin-sanottu<\/a><strong><br><\/strong><\/h5>\n\n\n\n<div class=\"wp-block-file\"><a href=\"https:\/\/www.kukakuunteleekoyhaa.fi\/wordpress\/wp-content\/uploads\/2020\/11\/avi-saavutettavuus.pdf\"><strong>Kuka kuuntelee k\u00f6yh\u00e4\u00e4? -verkoston<\/strong><br><strong> saavutettavuusseloste digitaalisten palvelujen tarjoamisesta <\/strong>  <\/a><a href=\"https:\/\/www.kukakuunteleekoyhaa.fi\/wordpress\/wp-content\/uploads\/2020\/11\/avi-saavutettavuus.pdf\" class=\"wp-block-file__button\" download>Download<\/a><\/div>\n\n\n\n<p><\/p>\n","protected":false},"excerpt":{"rendered":"<p>Arja Tyynel\u00e4 kuka.kuuntelee (at) gmail.com Kuka kuuntelee k\u00f6yh\u00e4\u00e4? -verkoston perustajaj\u00e4sen &#8221;Tulin verkostoon mukaan silloin kun ty\u00f6skentelin sosiaalivirastossa toimeentulotukea saavien asiakkaiden ty\u00f6h\u00f6n valmentajana. Minua kiinnosti yhteiskunnalliset ilmi\u00f6t ja ty\u00f6llisyyteen liittyv\u00e4t ongelmat. Haluan tukea ihmisi\u00e4 l\u00f6yt\u00e4m\u00e4\u00e4n oman juttunsa. Verkostossa teen ideointia, suunnittelua<span class=\"ellipsis\">&hellip;<\/span><\/p>\n<div class=\"read-more\"><a href=\"https:\/\/www.kukakuunteleekoyhaa.fi\/wordpress\/ota-yhteytta\/\">Lue lis\u00e4\u00e4 \u203a<\/a><\/div>\n<p><!-- end of .read-more --><\/p>\n","protected":false},"author":3,"featured_media":0,"parent":0,"menu_order":7,"comment_status":"closed","ping_status":"closed","template":"","meta":{"spay_email":""},"jetpack_shortlink":"https:\/\/wp.me\/P8vRYp-1z","_links":{"self":[{"href":"https:\/\/www.kukakuunteleekoyhaa.fi\/wordpress\/wp-json\/wp\/v2\/pages\/97"}],"collection":[{"href":"https:\/\/www.kukakuunteleekoyhaa.fi\/wordpress\/wp-json\/wp\/v2\/pages"}],"about":[{"href":"https:\/\/www.kukakuunteleekoyhaa.fi\/wordpress\/wp-json\/wp\/v2\/types\/page"}],"author":[{"embeddable":true,"href":"https:\/\/www.kukakuunteleekoyhaa.fi\/wordpress\/wp-json\/wp\/v2\/users\/3"}],"replies":[{"embeddable":true,"href":"https:\/\/www.kukakuunteleekoyhaa.fi\/wordpress\/wp-json\/wp\/v2\/comments?post=97"}],"version-history":[{"count":81,"href":"https:\/\/www.kukakuunteleekoyhaa.fi\/wordpress\/wp-json\/wp\/v2\/pages\/97\/revisions"}],"predecessor-version":[{"id":4727,"href":"https:\/\/www.kukakuunteleekoyhaa.fi\/wordpress\/wp-json\/wp\/v2\/pages\/97\/revisions\/4727"}],"wp:attachment":[{"href":"https:\/\/www.kukakuunteleekoyhaa.fi\/wordpress\/wp-json\/wp\/v2\/media?parent=97"}],"curies":[{"name":"wp","href":"https:\/\/api.w.org\/{rel}","templated":true}]}}